{"id":23482,"date":"2017-01-20T21:24:39","date_gmt":"2017-01-20T20:24:39","guid":{"rendered":"https:\/\/carnavaldemiguelturra.es\/penas\/charanga-alhigui\/"},"modified":"2025-06-06T11:04:23","modified_gmt":"2025-06-06T09:04:23","slug":"charanga-alhigui","status":"publish","type":"page","link":"https:\/\/carnavaldemiguelturra.es\/en\/agrupaciones\/charanga-alhigui\/","title":{"rendered":"Charanga Alhigu\u00ed"},"content":{"rendered":"<section  class='av_textblock_section av-cg0cu8-022e0bb26daf5e5a396090b6a917b226 '   itemscope=\"itemscope\" itemtype=\"https:\/\/schema.org\/CreativeWork\" ><div class='avia_textblock'  itemprop=\"text\" ><h1 style=\"text-align: center;\">Charanga Alhigu\u00ed<\/h1>\n<\/div><\/section>\n\n<style type=\"text\/css\" data-created_by=\"avia_inline_auto\" id=\"style-css-av-b8si1c-c05719733dd6e8909fd4b2fd1abebdc8\">\n.flex_column.av-b8si1c-c05719733dd6e8909fd4b2fd1abebdc8{\nborder-radius:0px 0px 0px 0px;\npadding:0px 0px 0px 0px;\n}\n<\/style>\n<div  class='flex_column av-b8si1c-c05719733dd6e8909fd4b2fd1abebdc8 av_two_third  avia-builder-el-1  el_after_av_textblock  el_before_av_one_third  first flex_column_div av-zero-column-padding  column-top-margin'     ><section  class='av_textblock_section av-9ssacg-7a10170996305d21b309db85e377d883 '   itemscope=\"itemscope\" itemtype=\"https:\/\/schema.org\/CreativeWork\" ><div class='avia_textblock'  itemprop=\"text\" ><p style=\"text-align: justify;\">The creation of the Charanga Alhigu\u00ed was based on an original idea by Jos\u00e9 Hornero Gamito, the former president of the Pe\u00f1as Association and also president of this fledgling band at the time. He was responsible for contacting various local musicians, almost all of whom belonged to the Miguelturra Municipal Band, to help bring this project to fruition. <\/p>\n<p style=\"text-align: justify;\">Little by little, these same members attract other colleagues from the same group and from the music conservatory, who, on a temporary or permanent basis, end up providing a solid and increasingly high-quality education.<\/p>\n<h4>A benchmark in the province of Ciudad Real<\/h4>\n<p style=\"text-align: justify;\">Since its creation, it has visited much of the province of Ciudad Real, livening up festivals in other towns as well as its own. It has also participated in several brass band gatherings and created its own, which is held every year during the patron saint&#8217;s day festivities.<\/p>\n<p style=\"text-align: justify;\">Currently, this band is a benchmark in the area, having won several band competitions and bringing its touch of joy wherever needed, not only through the performance of its songs, but also through its great ability to interact and engage the audience.<\/p>\n<\/div><\/section><\/div>\n<style type=\"text\/css\" data-created_by=\"avia_inline_auto\" id=\"style-css-av-7pwdvk-c9e1d10e4fe6753434b697703088add7\">\n.flex_column.av-7pwdvk-c9e1d10e4fe6753434b697703088add7{\nborder-width:1px;\nborder-style:solid;\nborder-radius:0px 0px 0px 0px;\npadding:20px 20px 0px 20px;\n}\n<\/style>\n<div  class='flex_column av-7pwdvk-c9e1d10e4fe6753434b697703088add7 av_one_third  avia-builder-el-3  el_after_av_two_third  el_before_av_one_full  flex_column_div  column-top-margin'     ><section  class='av_textblock_section av-6c09ds-53a525db9f7e1c5c2a06b8a8afcf03d2 '   itemscope=\"itemscope\" itemtype=\"https:\/\/schema.org\/CreativeWork\" ><div class='avia_textblock'  itemprop=\"text\" ><h5>Foundation: 2007<\/h5>\n<hr>\n<\/div><\/section><\/div><\/p>\n\n<style type=\"text\/css\" data-created_by=\"avia_inline_auto\" id=\"style-css-av-fq5n4-6e7b17ba00ce6778debca9bd7a7488c6\">\n.flex_column.av-fq5n4-6e7b17ba00ce6778debca9bd7a7488c6{\nborder-radius:0px 0px 0px 0px;\npadding:0px 0px 0px 0px;\n}\n<\/style>\n<div  class='flex_column av-fq5n4-6e7b17ba00ce6778debca9bd7a7488c6 av_one_full  avia-builder-el-5  el_after_av_one_third  avia-builder-el-last  first flex_column_div av-zero-column-padding  column-top-margin'     ><div id='av-masonry-1' class='av-masonry av-2mdaxs-0974cdcff3cd19ef0f0c8a7871a3fcea noHover av-fixed-size av-1px-gap av-hover-overlay-active av-masonry-animation-active av-masonry-col-4 av-caption-always av-caption-style- av-masonry-gallery ' data-post_id=\"23482\"><div class=\"av-masonry-container isotope av-js-disabled\"><div class='av-masonry-entry isotope-item av-masonry-item-no-image '><\/div><a href=\"https:\/\/carnavaldemiguelturra.es\/wp-content\/uploads\/2017\/01\/galeria_alhigui02.jpg\"  aria-label=\"image Photo 8. Charanga Alhigu\u00ed\"  id='av-masonry-1-item-23484' data-av-masonry-item='23484' class='av-masonry-entry isotope-item post-23484 attachment type-attachment status-inherit hentry  av-masonry-item-with-image av-grid-img' title=\"Photo 8. Charanga Alhigu\u00ed\" alt=\"carnival-miguelturra-charanga-alhigui-pe\u00f1a\"    itemprop=\"thumbnailUrl\" ><div class='av-inner-masonry-sizer'><\/div><figure class='av-inner-masonry main_color'><div class=\"av-masonry-outerimage-container\"><div class='av-masonry-image-container' style=\"background-image: url(https:\/\/carnavaldemiguelturra.es\/wp-content\/uploads\/2017\/01\/galeria_alhigui02.jpg);\"  title=\"Photo 8. Charanga Alhigu\u00ed\" ><\/div><\/div><\/figure><\/a><!--end av-masonry entry--><a href=\"https:\/\/carnavaldemiguelturra.es\/wp-content\/uploads\/2017\/01\/galeria_alhigui01.jpg\"  aria-label=\"image Photo 9. Charanga Alhigu\u00ed\"  id='av-masonry-1-item-23483' data-av-masonry-item='23483' class='av-masonry-entry isotope-item post-23483 attachment type-attachment status-inherit hentry  av-masonry-item-with-image av-grid-img' title=\"Photo 9. Charanga Alhigu\u00ed\" alt=\"carnival-miguelturra-charanga-alhigui-pe\u00f1a\"    itemprop=\"thumbnailUrl\" ><div class='av-inner-masonry-sizer'><\/div><figure class='av-inner-masonry main_color'><div class=\"av-masonry-outerimage-container\"><div class='av-masonry-image-container' style=\"background-image: url(https:\/\/carnavaldemiguelturra.es\/wp-content\/uploads\/2017\/01\/galeria_alhigui01-705x529.jpg);\"  title=\"Photo 9. Charanga Alhigu\u00ed\" ><\/div><\/div><\/figure><\/a><!--end av-masonry entry--><a href=\"https:\/\/carnavaldemiguelturra.es\/wp-content\/uploads\/2017\/01\/galeria_alhigui07.jpg\"  aria-label=\"image Photo 3. Charanga Alhigu\u00ed\"  id='av-masonry-1-item-23489' data-av-masonry-item='23489' class='av-masonry-entry isotope-item post-23489 attachment type-attachment status-inherit hentry  av-masonry-item-with-image av-grid-img' title=\"Photo 3. Charanga Alhigu\u00ed\" alt=\"carnival-miguelturra-charanga-alhigui-pe\u00f1a\"    itemprop=\"thumbnailUrl\" ><div class='av-inner-masonry-sizer'><\/div><figure class='av-inner-masonry main_color'><div class=\"av-masonry-outerimage-container\"><div class='av-masonry-image-container' style=\"background-image: url(https:\/\/carnavaldemiguelturra.es\/wp-content\/uploads\/2017\/01\/galeria_alhigui07-705x529.jpg);\"  title=\"Photo 3. Charanga Alhigu\u00ed\" ><\/div><\/div><\/figure><\/a><!--end av-masonry entry--><a href=\"https:\/\/carnavaldemiguelturra.es\/wp-content\/uploads\/2017\/01\/galeria_alhigui06-e1485450011832-775x1033.jpg\"  aria-label=\"image Photo 4. Charanga Alhigu\u00ed\"  id='av-masonry-1-item-23488' data-av-masonry-item='23488' class='av-masonry-entry isotope-item post-23488 attachment type-attachment status-inherit hentry  av-masonry-item-with-image av-grid-img' title=\"Photo 4. Charanga Alhigu\u00ed\" alt=\"carnival-miguelturra-charanga-alhigui-pe\u00f1a\"    itemprop=\"thumbnailUrl\" ><div class='av-inner-masonry-sizer'><\/div><figure class='av-inner-masonry main_color'><div class=\"av-masonry-outerimage-container\"><div class='av-masonry-image-container' style=\"background-image: url(https:\/\/carnavaldemiguelturra.es\/wp-content\/uploads\/2017\/01\/galeria_alhigui06-705x529.jpg);\"  title=\"Photo 4. Charanga Alhigu\u00ed\" ><\/div><\/div><\/figure><\/a><!--end av-masonry entry--><a href=\"https:\/\/carnavaldemiguelturra.es\/wp-content\/uploads\/2017\/01\/galeria_alhigui03.jpg\"  aria-label=\"image Photo 7. Charanga Alhigu\u00ed\"  id='av-masonry-1-item-23485' data-av-masonry-item='23485' class='av-masonry-entry isotope-item post-23485 attachment type-attachment status-inherit hentry  av-masonry-item-with-image av-grid-img' title=\"Photo 7. Charanga Alhigu\u00ed\" alt=\"carnival-miguelturra-charanga-alhigui-pe\u00f1a\"    itemprop=\"thumbnailUrl\" ><div class='av-inner-masonry-sizer'><\/div><figure class='av-inner-masonry main_color'><div class=\"av-masonry-outerimage-container\"><div class='av-masonry-image-container' style=\"background-image: url(https:\/\/carnavaldemiguelturra.es\/wp-content\/uploads\/2017\/01\/galeria_alhigui03-705x472.jpg);\"  title=\"Photo 7. Charanga Alhigu\u00ed\" ><\/div><\/div><\/figure><\/a><!--end av-masonry entry--><a href=\"https:\/\/carnavaldemiguelturra.es\/wp-content\/uploads\/2017\/01\/galeria_alhigui04.jpg\"  aria-label=\"image Photo 6. Charanga Alhigu\u00ed\"  id='av-masonry-1-item-23486' data-av-masonry-item='23486' class='av-masonry-entry isotope-item post-23486 attachment type-attachment status-inherit hentry  av-masonry-item-with-image av-grid-img' title=\"Photo 6. Charanga Alhigu\u00ed\" alt=\"carnival-miguelturra-charanga-alhigui-pe\u00f1a\"    itemprop=\"thumbnailUrl\" ><div class='av-inner-masonry-sizer'><\/div><figure class='av-inner-masonry main_color'><div class=\"av-masonry-outerimage-container\"><div class='av-masonry-image-container' style=\"background-image: url(https:\/\/carnavaldemiguelturra.es\/wp-content\/uploads\/2017\/01\/galeria_alhigui04-705x468.jpg);\"  title=\"Photo 6. Charanga Alhigu\u00ed\" ><\/div><\/div><\/figure><\/a><!--end av-masonry entry--><a href=\"https:\/\/carnavaldemiguelturra.es\/wp-content\/uploads\/2017\/01\/galeria_alhigui08.jpg\"  aria-label=\"image Photo 2. Charanga Alhigu\u00ed\"  id='av-masonry-1-item-23490' data-av-masonry-item='23490' class='av-masonry-entry isotope-item post-23490 attachment type-attachment status-inherit hentry  av-masonry-item-with-image av-grid-img' title=\"Photo 2. Charanga Alhigu\u00ed\" alt=\"carnival-miguelturra-charanga-alhigui-pe\u00f1a\"    itemprop=\"thumbnailUrl\" ><div class='av-inner-masonry-sizer'><\/div><figure class='av-inner-masonry main_color'><div class=\"av-masonry-outerimage-container\"><div class='av-masonry-image-container' style=\"background-image: url(https:\/\/carnavaldemiguelturra.es\/wp-content\/uploads\/2017\/01\/galeria_alhigui08.jpg);\"  title=\"Photo 2. Charanga Alhigu\u00ed\" ><\/div><\/div><\/figure><\/a><!--end av-masonry entry--><a href=\"https:\/\/carnavaldemiguelturra.es\/wp-content\/uploads\/2017\/01\/galeria_alhigui05.jpg\"  aria-label=\"image Photo 5. Charanga Alhigu\u00ed\"  id='av-masonry-1-item-23487' data-av-masonry-item='23487' class='av-masonry-entry isotope-item post-23487 attachment type-attachment status-inherit hentry  av-masonry-item-with-image av-grid-img' title=\"Photo 5. Charanga Alhigu\u00ed\" alt=\"carnival-miguelturra-charanga-alhigui-pe\u00f1a\"    itemprop=\"thumbnailUrl\" ><div class='av-inner-masonry-sizer'><\/div><figure class='av-inner-masonry main_color'><div class=\"av-masonry-outerimage-container\"><div class='av-masonry-image-container' style=\"background-image: url(https:\/\/carnavaldemiguelturra.es\/wp-content\/uploads\/2017\/01\/galeria_alhigui05-705x468.jpg);\"  title=\"Photo 5. Charanga Alhigu\u00ed\" ><\/div><\/div><\/figure><\/a><!--end av-masonry entry--><\/div><\/div><\/div>\n","protected":false},"excerpt":{"rendered":"","protected":false},"author":2,"featured_media":23485,"parent":23467,"menu_order":0,"comment_status":"closed","ping_status":"closed","template":"","meta":{"ngg_post_thumbnail":0,"footnotes":""},"class_list":["post-23482","page","type-page","status-publish","has-post-thumbnail","hentry"],"yoast_head":"<!-- This site is optimized with the Yoast SEO plugin v27.3 - https:\/\/yoast.com\/product\/yoast-seo-wordpress\/ -->\n<title>Charanga Alhigu\u00ed | Carnival of Miguelturra<\/title>\n<meta name=\"description\" content=\"Charanga Alhigu\u00ed. Created in 2007, it is composed mostly of musicians from the Municipal Band of Miguelturra.\" \/>\n<meta name=\"robots\" content=\"index, follow, max-snippet:-1, max-image-preview:large, max-video-preview:-1\" \/>\n<link rel=\"canonical\" href=\"https:\/\/carnavaldemiguelturra.es\/en\/agrupaciones\/charanga-alhigui\/\" \/>\n<meta property=\"og:locale\" content=\"en_US\" \/>\n<meta property=\"og:type\" content=\"article\" \/>\n<meta property=\"og:title\" content=\"Charanga Alhigu\u00ed | Carnival of Miguelturra\" \/>\n<meta property=\"og:description\" content=\"Charanga Alhigu\u00ed. Created in 2007, it is composed mostly of musicians from the Municipal Band of Miguelturra.\" \/>\n<meta property=\"og:url\" content=\"https:\/\/carnavaldemiguelturra.es\/en\/agrupaciones\/charanga-alhigui\/\" \/>\n<meta property=\"og:site_name\" content=\"Carnival of Miguelturra\" \/>\n<meta property=\"article:publisher\" content=\"https:\/\/www.facebook.com\/carnavaldemiguelturra\/\" \/>\n<meta property=\"article:modified_time\" content=\"2025-06-06T09:04:23+00:00\" \/>\n<meta property=\"og:image\" content=\"https:\/\/carnavaldemiguelturra.es\/wp-content\/uploads\/2017\/01\/galeria_alhigui03.jpg\" \/>\n\t<meta property=\"og:image:width\" content=\"1024\" \/>\n\t<meta property=\"og:image:height\" content=\"685\" \/>\n\t<meta property=\"og:image:type\" content=\"image\/jpeg\" \/>\n<meta name=\"twitter:card\" content=\"summary_large_image\" \/>\n<meta name=\"twitter:label1\" content=\"Est. reading time\" \/>\n\t<meta name=\"twitter:data1\" content=\"3 minutes\" \/>\n<script type=\"application\/ld+json\" class=\"yoast-schema-graph\">{\"@context\":\"https:\\\/\\\/schema.org\",\"@graph\":[{\"@type\":\"WebPage\",\"@id\":\"https:\\\/\\\/carnavaldemiguelturra.es\\\/en\\\/agrupaciones\\\/charanga-alhigui\\\/\",\"url\":\"https:\\\/\\\/carnavaldemiguelturra.es\\\/en\\\/agrupaciones\\\/charanga-alhigui\\\/\",\"name\":\"Charanga Alhigu\u00ed | Carnival of Miguelturra\",\"isPartOf\":{\"@id\":\"https:\\\/\\\/carnavaldemiguelturra.es\\\/en\\\/#website\"},\"primaryImageOfPage\":{\"@id\":\"https:\\\/\\\/carnavaldemiguelturra.es\\\/en\\\/agrupaciones\\\/charanga-alhigui\\\/#primaryimage\"},\"image\":{\"@id\":\"https:\\\/\\\/carnavaldemiguelturra.es\\\/en\\\/agrupaciones\\\/charanga-alhigui\\\/#primaryimage\"},\"thumbnailUrl\":\"https:\\\/\\\/carnavaldemiguelturra.es\\\/wp-content\\\/uploads\\\/2017\\\/01\\\/galeria_alhigui03.jpg\",\"datePublished\":\"2017-01-20T20:24:39+00:00\",\"dateModified\":\"2025-06-06T09:04:23+00:00\",\"description\":\"Charanga Alhigu\u00ed. Created in 2007, it is composed mostly of musicians from the Municipal Band of Miguelturra.\",\"breadcrumb\":{\"@id\":\"https:\\\/\\\/carnavaldemiguelturra.es\\\/en\\\/agrupaciones\\\/charanga-alhigui\\\/#breadcrumb\"},\"inLanguage\":\"en-US\",\"potentialAction\":[{\"@type\":\"ReadAction\",\"target\":[\"https:\\\/\\\/carnavaldemiguelturra.es\\\/en\\\/agrupaciones\\\/charanga-alhigui\\\/\"]}]},{\"@type\":\"ImageObject\",\"inLanguage\":\"en-US\",\"@id\":\"https:\\\/\\\/carnavaldemiguelturra.es\\\/en\\\/agrupaciones\\\/charanga-alhigui\\\/#primaryimage\",\"url\":\"https:\\\/\\\/carnavaldemiguelturra.es\\\/wp-content\\\/uploads\\\/2017\\\/01\\\/galeria_alhigui03.jpg\",\"contentUrl\":\"https:\\\/\\\/carnavaldemiguelturra.es\\\/wp-content\\\/uploads\\\/2017\\\/01\\\/galeria_alhigui03.jpg\",\"width\":1024,\"height\":685,\"caption\":\"Charanga Alhigu\u00ed\"},{\"@type\":\"BreadcrumbList\",\"@id\":\"https:\\\/\\\/carnavaldemiguelturra.es\\\/en\\\/agrupaciones\\\/charanga-alhigui\\\/#breadcrumb\",\"itemListElement\":[{\"@type\":\"ListItem\",\"position\":1,\"name\":\"Cover\",\"item\":\"https:\\\/\\\/carnavaldemiguelturra.es\\\/en\\\/inicio\\\/\"},{\"@type\":\"ListItem\",\"position\":2,\"name\":\"Pe\u00f1as\",\"item\":\"https:\\\/\\\/carnavaldemiguelturra.es\\\/en\\\/agrupaciones\\\/\"},{\"@type\":\"ListItem\",\"position\":3,\"name\":\"Charanga Alhigu\u00ed\"}]},{\"@type\":\"WebSite\",\"@id\":\"https:\\\/\\\/carnavaldemiguelturra.es\\\/en\\\/#website\",\"url\":\"https:\\\/\\\/carnavaldemiguelturra.es\\\/en\\\/\",\"name\":\"Carnaval de Miguelturra\",\"description\":\"History of Miguelturra Carnival\",\"publisher\":{\"@id\":\"https:\\\/\\\/carnavaldemiguelturra.es\\\/en\\\/#organization\"},\"potentialAction\":[{\"@type\":\"SearchAction\",\"target\":{\"@type\":\"EntryPoint\",\"urlTemplate\":\"https:\\\/\\\/carnavaldemiguelturra.es\\\/en\\\/?s={search_term_string}\"},\"query-input\":{\"@type\":\"PropertyValueSpecification\",\"valueRequired\":true,\"valueName\":\"search_term_string\"}}],\"inLanguage\":\"en-US\"},{\"@type\":\"Organization\",\"@id\":\"https:\\\/\\\/carnavaldemiguelturra.es\\\/en\\\/#organization\",\"name\":\"carnivaldemiguelturra.es Association\",\"url\":\"https:\\\/\\\/carnavaldemiguelturra.es\\\/en\\\/\",\"logo\":{\"@type\":\"ImageObject\",\"inLanguage\":\"en-US\",\"@id\":\"https:\\\/\\\/carnavaldemiguelturra.es\\\/en\\\/#\\\/schema\\\/logo\\\/image\\\/\",\"url\":\"https:\\\/\\\/carnavaldemiguelturra.es\\\/wp-content\\\/uploads\\\/2018\\\/08\\\/logo-grande.jpg\",\"contentUrl\":\"https:\\\/\\\/carnavaldemiguelturra.es\\\/wp-content\\\/uploads\\\/2018\\\/08\\\/logo-grande.jpg\",\"width\":800,\"height\":600,\"caption\":\"carnivaldemiguelturra.es Association\"},\"image\":{\"@id\":\"https:\\\/\\\/carnavaldemiguelturra.es\\\/en\\\/#\\\/schema\\\/logo\\\/image\\\/\"},\"sameAs\":[\"https:\\\/\\\/www.facebook.com\\\/carnavaldemiguelturra\\\/\",\"https:\\\/\\\/www.instagram.com\\\/carnavaldemiguelturra\\\/\"]}]}<\/script>\n<!-- \/ Yoast SEO plugin. -->","yoast_head_json":{"title":"Charanga Alhigu\u00ed | Carnival of Miguelturra","description":"Charanga Alhigu\u00ed. Created in 2007, it is composed mostly of musicians from the Municipal Band of Miguelturra.","robots":{"index":"index","follow":"follow","max-snippet":"max-snippet:-1","max-image-preview":"max-image-preview:large","max-video-preview":"max-video-preview:-1"},"canonical":"https:\/\/carnavaldemiguelturra.es\/en\/agrupaciones\/charanga-alhigui\/","og_locale":"en_US","og_type":"article","og_title":"Charanga Alhigu\u00ed | Carnival of Miguelturra","og_description":"Charanga Alhigu\u00ed. Created in 2007, it is composed mostly of musicians from the Municipal Band of Miguelturra.","og_url":"https:\/\/carnavaldemiguelturra.es\/en\/agrupaciones\/charanga-alhigui\/","og_site_name":"Carnival of Miguelturra","article_publisher":"https:\/\/www.facebook.com\/carnavaldemiguelturra\/","article_modified_time":"2025-06-06T09:04:23+00:00","og_image":[{"width":1024,"height":685,"url":"https:\/\/carnavaldemiguelturra.es\/wp-content\/uploads\/2017\/01\/galeria_alhigui03.jpg","type":"image\/jpeg"}],"twitter_card":"summary_large_image","twitter_misc":{"Est. reading time":"3 minutes"},"schema":{"@context":"https:\/\/schema.org","@graph":[{"@type":"WebPage","@id":"https:\/\/carnavaldemiguelturra.es\/en\/agrupaciones\/charanga-alhigui\/","url":"https:\/\/carnavaldemiguelturra.es\/en\/agrupaciones\/charanga-alhigui\/","name":"Charanga Alhigu\u00ed | Carnival of Miguelturra","isPartOf":{"@id":"https:\/\/carnavaldemiguelturra.es\/en\/#website"},"primaryImageOfPage":{"@id":"https:\/\/carnavaldemiguelturra.es\/en\/agrupaciones\/charanga-alhigui\/#primaryimage"},"image":{"@id":"https:\/\/carnavaldemiguelturra.es\/en\/agrupaciones\/charanga-alhigui\/#primaryimage"},"thumbnailUrl":"https:\/\/carnavaldemiguelturra.es\/wp-content\/uploads\/2017\/01\/galeria_alhigui03.jpg","datePublished":"2017-01-20T20:24:39+00:00","dateModified":"2025-06-06T09:04:23+00:00","description":"Charanga Alhigu\u00ed. Created in 2007, it is composed mostly of musicians from the Municipal Band of Miguelturra.","breadcrumb":{"@id":"https:\/\/carnavaldemiguelturra.es\/en\/agrupaciones\/charanga-alhigui\/#breadcrumb"},"inLanguage":"en-US","potentialAction":[{"@type":"ReadAction","target":["https:\/\/carnavaldemiguelturra.es\/en\/agrupaciones\/charanga-alhigui\/"]}]},{"@type":"ImageObject","inLanguage":"en-US","@id":"https:\/\/carnavaldemiguelturra.es\/en\/agrupaciones\/charanga-alhigui\/#primaryimage","url":"https:\/\/carnavaldemiguelturra.es\/wp-content\/uploads\/2017\/01\/galeria_alhigui03.jpg","contentUrl":"https:\/\/carnavaldemiguelturra.es\/wp-content\/uploads\/2017\/01\/galeria_alhigui03.jpg","width":1024,"height":685,"caption":"Charanga Alhigu\u00ed"},{"@type":"BreadcrumbList","@id":"https:\/\/carnavaldemiguelturra.es\/en\/agrupaciones\/charanga-alhigui\/#breadcrumb","itemListElement":[{"@type":"ListItem","position":1,"name":"Cover","item":"https:\/\/carnavaldemiguelturra.es\/en\/inicio\/"},{"@type":"ListItem","position":2,"name":"Pe\u00f1as","item":"https:\/\/carnavaldemiguelturra.es\/en\/agrupaciones\/"},{"@type":"ListItem","position":3,"name":"Charanga Alhigu\u00ed"}]},{"@type":"WebSite","@id":"https:\/\/carnavaldemiguelturra.es\/en\/#website","url":"https:\/\/carnavaldemiguelturra.es\/en\/","name":"Carnaval de Miguelturra","description":"History of Miguelturra Carnival","publisher":{"@id":"https:\/\/carnavaldemiguelturra.es\/en\/#organization"},"potentialAction":[{"@type":"SearchAction","target":{"@type":"EntryPoint","urlTemplate":"https:\/\/carnavaldemiguelturra.es\/en\/?s={search_term_string}"},"query-input":{"@type":"PropertyValueSpecification","valueRequired":true,"valueName":"search_term_string"}}],"inLanguage":"en-US"},{"@type":"Organization","@id":"https:\/\/carnavaldemiguelturra.es\/en\/#organization","name":"carnivaldemiguelturra.es Association","url":"https:\/\/carnavaldemiguelturra.es\/en\/","logo":{"@type":"ImageObject","inLanguage":"en-US","@id":"https:\/\/carnavaldemiguelturra.es\/en\/#\/schema\/logo\/image\/","url":"https:\/\/carnavaldemiguelturra.es\/wp-content\/uploads\/2018\/08\/logo-grande.jpg","contentUrl":"https:\/\/carnavaldemiguelturra.es\/wp-content\/uploads\/2018\/08\/logo-grande.jpg","width":800,"height":600,"caption":"carnivaldemiguelturra.es Association"},"image":{"@id":"https:\/\/carnavaldemiguelturra.es\/en\/#\/schema\/logo\/image\/"},"sameAs":["https:\/\/www.facebook.com\/carnavaldemiguelturra\/","https:\/\/www.instagram.com\/carnavaldemiguelturra\/"]}]}},"_links":{"self":[{"href":"https:\/\/carnavaldemiguelturra.es\/en\/wp-json\/wp\/v2\/pages\/23482","targetHints":{"allow":["GET"]}}],"collection":[{"href":"https:\/\/carnavaldemiguelturra.es\/en\/wp-json\/wp\/v2\/pages"}],"about":[{"href":"https:\/\/carnavaldemiguelturra.es\/en\/wp-json\/wp\/v2\/types\/page"}],"author":[{"embeddable":true,"href":"https:\/\/carnavaldemiguelturra.es\/en\/wp-json\/wp\/v2\/users\/2"}],"replies":[{"embeddable":true,"href":"https:\/\/carnavaldemiguelturra.es\/en\/wp-json\/wp\/v2\/comments?post=23482"}],"version-history":[{"count":0,"href":"https:\/\/carnavaldemiguelturra.es\/en\/wp-json\/wp\/v2\/pages\/23482\/revisions"}],"up":[{"embeddable":true,"href":"https:\/\/carnavaldemiguelturra.es\/en\/wp-json\/wp\/v2\/pages\/23467"}],"wp:featuredmedia":[{"embeddable":true,"href":"https:\/\/carnavaldemiguelturra.es\/en\/wp-json\/wp\/v2\/media\/23485"}],"wp:attachment":[{"href":"https:\/\/carnavaldemiguelturra.es\/en\/wp-json\/wp\/v2\/media?parent=23482"}],"curies":[{"name":"wp","href":"https:\/\/api.w.org\/{rel}","templated":true}]}}