{"id":23624,"date":"2017-02-06T20:32:37","date_gmt":"2017-02-06T19:32:37","guid":{"rendered":"https:\/\/carnavaldemiguelturra.es\/penas\/pena-los-fregquisimos\/"},"modified":"2022-04-22T11:56:41","modified_gmt":"2022-04-22T09:56:41","slug":"pena-los-fregquisimos","status":"publish","type":"page","link":"https:\/\/carnavaldemiguelturra.es\/en\/agrupaciones\/pena-los-fregquisimos\/","title":{"rendered":"Pe\u00f1a Los Fregqu\u00edsimos"},"content":{"rendered":"<section  class='av_textblock_section av-eube1d-db94b62f2701a89ae15c045baa6f2b8a '   itemscope=\"itemscope\" itemtype=\"https:\/\/schema.org\/CreativeWork\" ><div class='avia_textblock'  itemprop=\"text\" ><h1 style=\"text-align: center;\">Youth Association &#8220;Los Fregqu\u00edsimos&#8221;<\/h1>\n<\/div><\/section>\n\n<style type=\"text\/css\" data-created_by=\"avia_inline_auto\" id=\"style-css-av-c9kwup-8711fb4c0fb12c34ade450a6beef2c97\">\n.flex_column.av-c9kwup-8711fb4c0fb12c34ade450a6beef2c97{\nborder-radius:0px 0px 0px 0px;\npadding:0px 0px 0px 0px;\n}\n<\/style>\n<div  class='flex_column av-c9kwup-8711fb4c0fb12c34ade450a6beef2c97 av_two_third  avia-builder-el-1  el_after_av_textblock  el_before_av_one_third  first flex_column_div av-zero-column-padding  column-top-margin'     ><section  class='av_textblock_section av-akaz9t-a9574a3b8e7bca7714aafa8a159d0e4a '   itemscope=\"itemscope\" itemtype=\"https:\/\/schema.org\/CreativeWork\" ><div class='avia_textblock'  itemprop=\"text\" ><p style=\"text-align: justify;\">The &#8216;Los Fregqu\u00edsimos&#8217; Youth Association was born at the end of the summer of 2015, with a single purpose, to have a good time. In addition, it brings together a whole generation of young people of different ages. A Rock through which, you can enjoy the Churriego Carnival in all its aspects. It is true that the organization is not their strong point, but they are always there to make noise when the party calls them.<\/p>\n<p style=\"text-align: justify;\">The Fregqu\u00edsimos collaborate in the Ground Zero Fest, that is realized during the summer, they organize their particular fair of April in bars of the town, they realize excursions and they take to the people who wish it, of route by the celebrations of the region, tiny partiers ! There is no shortage of popular local foods, making its star dish, nothing less than great crumbs.<\/p>\n<p style=\"text-align: justify;\">With their participation in a group or with a representative, they collaborate in the different activities that are organized during the Carnival or the patron saint festivities, when they do not pass the registration deadlines, yes, with more or less success (or rather none) , but always having a great time.<\/p>\n<p style=\"text-align: justify;\">In the traditional Parade of the Sunday of Pi\u00f1ata, we can enjoy his elaborate costume and choreography, consisting of a street mask that dances at his own pace and to the rhythm of carnival music.<\/p>\n<p style=\"text-align: justify;\">Their ordinary meetings and to which everyone is invited, tend to last until late and have, what they have is little ordinary. More bad than good, at the last minute, with four rags and a mask, the Fregqu\u00edsimos will be little worried, but above all, laughing and dancing.<\/p>\n<p style=\"text-align: justify;\">La Pe\u00f1a Los Fregqu\u00edsimos, wishes you a Happy and Crazy Carnival.<\/p>\n<\/div><\/section><\/div>\n\n<style type=\"text\/css\" data-created_by=\"avia_inline_auto\" id=\"style-css-av-9k2r41-8edd80897feaeb8cf454ff28c2999410\">\n.flex_column.av-9k2r41-8edd80897feaeb8cf454ff28c2999410{\nborder-width:1px;\nborder-style:solid;\nborder-radius:0px 0px 0px 0px;\npadding:20px 20px 0px 20px;\n}\n<\/style>\n<div  class='flex_column av-9k2r41-8edd80897feaeb8cf454ff28c2999410 av_one_third  avia-builder-el-3  el_after_av_two_third  el_before_av_one_full  flex_column_div  column-top-margin'     ><section  class='av_textblock_section av-7iji6p-613f46b245a2934a37a3e293516345dc '   itemscope=\"itemscope\" itemtype=\"https:\/\/schema.org\/CreativeWork\" ><div class='avia_textblock'  itemprop=\"text\" ><h5>Foundation: 2015<\/h5>\n\n<style type=\"text\/css\" data-created_by=\"avia_inline_auto\" id=\"style-css-av-av_hr-c9ba6ccf0e28539cef079a4b419f7f68\">\n#top .hr.hr-invisible.av-av_hr-c9ba6ccf0e28539cef079a4b419f7f68{\nheight:25px;\n}\n<\/style>\n<div  class='hr av-av_hr-c9ba6ccf0e28539cef079a4b419f7f68 hr-invisible  avia-builder-el-5  avia-builder-el-no-sibling '><span class='hr-inner '><span class=\"hr-inner-style\"><\/span><\/span><\/div>\n<h5>Components: 72<\/h5>\n<hr \/>\n<h3>REPRESENTATIVES<\/h3>\n<ul>\n<li>President:<br \/>\nDavid Caba\u00f1as Asensio<\/li>\n<li>Vice president:<br \/>\nManuel Gonz\u00e1lez Peco<\/li>\n<li>Secretary:<br \/>\nV\u00edctor Prado Gal\u00e1n<\/li>\n<li>Treasurer:<br \/>\nAlberto Mora Peco<\/li>\n<li>Vowels:<br \/>\nCelia<br \/>\nFran<br \/>\nMarta<br \/>\nRaquel<br \/>\nJavier<\/li>\n<\/ul>\n<\/div><\/section><\/div>\n<style type=\"text\/css\" data-created_by=\"avia_inline_auto\" id=\"style-css-av-4jxmlt-9eca52d41916015b91b42a75d3d5f2c8\">\n.flex_column.av-4jxmlt-9eca52d41916015b91b42a75d3d5f2c8{\nborder-radius:0px 0px 0px 0px;\npadding:0px 0px 0px 0px;\n}\n<\/style>\n<div  class='flex_column av-4jxmlt-9eca52d41916015b91b42a75d3d5f2c8 av_one_full  avia-builder-el-6  el_after_av_one_third  avia-builder-el-last  first flex_column_div av-zero-column-padding  column-top-margin'     ><div id='av-masonry-1' class='av-masonry av-2s9qw1-b52c92e7cdca5a8c630e8dd4c0980155 noHover av-fixed-size av-1px-gap av-hover-overlay-active av-masonry-animation-active av-masonry-col-4 av-caption-always av-caption-style- av-masonry-gallery ' data-post_id=\"23624\"><div class=\"av-masonry-container isotope av-js-disabled\"><div class='av-masonry-entry isotope-item av-masonry-item-no-image '><\/div><a href=\"https:\/\/carnavaldemiguelturra.es\/wp-content\/uploads\/2017\/02\/galeria_fregquisimos03.jpg\"  aria-label=\"image Pe\u00f1a Los Fregquisimos\"  id='av-masonry-1-item-23629' data-av-masonry-item='23629' class='av-masonry-entry isotope-item post-23629 attachment type-attachment status-inherit hentry  av-masonry-item-with-image av-grid-img' title=\"Pe\u00f1a Los Fregquisimos\" alt=\"carnival-miguelturra-pena-fregquisimos\"    itemprop=\"thumbnailUrl\" ><div class='av-inner-masonry-sizer'><\/div><figure class='av-inner-masonry main_color'><div class=\"av-masonry-outerimage-container\"><div class='av-masonry-image-container' style=\"background-image: url(https:\/\/carnavaldemiguelturra.es\/wp-content\/uploads\/2017\/02\/galeria_fregquisimos03-705x470.jpg);\"  title=\"Pe\u00f1a Los Fregquisimos\" ><\/div><\/div><\/figure><\/a><!--end av-masonry entry--><a href=\"https:\/\/carnavaldemiguelturra.es\/wp-content\/uploads\/2017\/02\/galeria_fregquisimos08.jpg\"  aria-label=\"image Pe\u00f1a Los Fregquisimos\"  id='av-masonry-1-item-23634' data-av-masonry-item='23634' class='av-masonry-entry isotope-item post-23634 attachment type-attachment status-inherit hentry  av-masonry-item-with-image av-landscape-img' title=\"Pe\u00f1a Los Fregquisimos\" alt=\"carnival-miguelturra-pena-fregquisimos\"    itemprop=\"thumbnailUrl\" ><div class='av-inner-masonry-sizer'><\/div><figure class='av-inner-masonry main_color'><div class=\"av-masonry-outerimage-container\"><div class='av-masonry-image-container' style=\"background-image: url(https:\/\/carnavaldemiguelturra.es\/wp-content\/uploads\/2017\/02\/galeria_fregquisimos08-705x397.jpg);\"  title=\"Pe\u00f1a Los Fregquisimos\" ><\/div><\/div><\/figure><\/a><!--end av-masonry entry--><a href=\"https:\/\/carnavaldemiguelturra.es\/wp-content\/uploads\/2017\/02\/galeria_fregquisimos05.jpg\"  aria-label=\"image Pe\u00f1a Los Fregquisimos\"  id='av-masonry-1-item-23631' data-av-masonry-item='23631' class='av-masonry-entry isotope-item post-23631 attachment type-attachment status-inherit hentry  av-masonry-item-with-image av-grid-img' title=\"Pe\u00f1a Los Fregquisimos\" alt=\"carnival-miguelturra-pena-fregquisimos\"    itemprop=\"thumbnailUrl\" ><div class='av-inner-masonry-sizer'><\/div><figure class='av-inner-masonry main_color'><div class=\"av-masonry-outerimage-container\"><div class='av-masonry-image-container' style=\"background-image: url(https:\/\/carnavaldemiguelturra.es\/wp-content\/uploads\/2017\/02\/galeria_fregquisimos05-705x470.jpg);\"  title=\"Pe\u00f1a Los Fregquisimos\" ><\/div><\/div><\/figure><\/a><!--end av-masonry entry--><a href=\"https:\/\/carnavaldemiguelturra.es\/wp-content\/uploads\/2017\/02\/galeria_fregquisimos07.jpg\"  aria-label=\"image Pe\u00f1a Los Fregquisimos\"  id='av-masonry-1-item-23633' data-av-masonry-item='23633' class='av-masonry-entry isotope-item post-23633 attachment type-attachment status-inherit hentry  av-masonry-item-with-image av-landscape-img' title=\"Pe\u00f1a Los Fregquisimos\" alt=\"carnival-miguelturra-pena-fregquisimos\"    itemprop=\"thumbnailUrl\" ><div class='av-inner-masonry-sizer'><\/div><figure class='av-inner-masonry main_color'><div class=\"av-masonry-outerimage-container\"><div class='av-masonry-image-container' style=\"background-image: url(https:\/\/carnavaldemiguelturra.es\/wp-content\/uploads\/2017\/02\/galeria_fregquisimos07-705x397.jpg);\"  title=\"Pe\u00f1a Los Fregquisimos\" ><\/div><\/div><\/figure><\/a><!--end av-masonry entry--><a href=\"https:\/\/carnavaldemiguelturra.es\/wp-content\/uploads\/2017\/02\/galeria_fregquisimos04.jpg\"  aria-label=\"image Pe\u00f1a Los Fregquisimos\"  id='av-masonry-1-item-23630' data-av-masonry-item='23630' class='av-masonry-entry isotope-item post-23630 attachment type-attachment status-inherit hentry  av-masonry-item-with-image av-grid-img' title=\"Pe\u00f1a Los Fregquisimos\" alt=\"carnival-miguelturra-pena-fregquisimos\"    itemprop=\"thumbnailUrl\" ><div class='av-inner-masonry-sizer'><\/div><figure class='av-inner-masonry main_color'><div class=\"av-masonry-outerimage-container\"><div class='av-masonry-image-container' style=\"background-image: url(https:\/\/carnavaldemiguelturra.es\/wp-content\/uploads\/2017\/02\/galeria_fregquisimos04-705x433.jpg);\"  title=\"Pe\u00f1a Los Fregquisimos\" ><\/div><\/div><\/figure><\/a><!--end av-masonry entry--><a href=\"https:\/\/carnavaldemiguelturra.es\/wp-content\/uploads\/2017\/02\/galeria_fregquisimos06.jpg\"  aria-label=\"image Pe\u00f1a Los Fregquisimos\"  id='av-masonry-1-item-23632' data-av-masonry-item='23632' class='av-masonry-entry isotope-item post-23632 attachment type-attachment status-inherit hentry  av-masonry-item-with-image av-landscape-img' title=\"Pe\u00f1a Los Fregquisimos\" alt=\"carnival-miguelturra-pena-fregquisimos\"    itemprop=\"thumbnailUrl\" ><div class='av-inner-masonry-sizer'><\/div><figure class='av-inner-masonry main_color'><div class=\"av-masonry-outerimage-container\"><div class='av-masonry-image-container' style=\"background-image: url(https:\/\/carnavaldemiguelturra.es\/wp-content\/uploads\/2017\/02\/galeria_fregquisimos06-705x397.jpg);\"  title=\"Pe\u00f1a Los Fregquisimos\" ><\/div><\/div><\/figure><\/a><!--end av-masonry entry--><a href=\"https:\/\/carnavaldemiguelturra.es\/wp-content\/uploads\/2017\/02\/galeria_fregquisimos02.jpg\"  aria-label=\"image Pe\u00f1a Los Fregquisimos\"  id='av-masonry-1-item-23628' data-av-masonry-item='23628' class='av-masonry-entry isotope-item post-23628 attachment type-attachment status-inherit hentry  av-masonry-item-with-image av-grid-img' title=\"Pe\u00f1a Los Fregquisimos\" alt=\"carnival-miguelturra-pena-fregquisimos\"    itemprop=\"thumbnailUrl\" ><div class='av-inner-masonry-sizer'><\/div><figure class='av-inner-masonry main_color'><div class=\"av-masonry-outerimage-container\"><div class='av-masonry-image-container' style=\"background-image: url(https:\/\/carnavaldemiguelturra.es\/wp-content\/uploads\/2017\/02\/galeria_fregquisimos02-705x470.jpg);\"  title=\"Pe\u00f1a Los Fregquisimos\" ><\/div><\/div><\/figure><\/a><!--end av-masonry entry--><a href=\"https:\/\/carnavaldemiguelturra.es\/wp-content\/uploads\/2017\/02\/galeria_fregquisimos01.jpg\"  aria-label=\"image Pe\u00f1a Los Fregquisimos\"  id='av-masonry-1-item-23627' data-av-masonry-item='23627' class='av-masonry-entry isotope-item post-23627 attachment type-attachment status-inherit hentry  av-masonry-item-with-image av-grid-img' title=\"Pe\u00f1a Los Fregquisimos\" alt=\"carnival-miguelturra-pena-fregquisimos\"    itemprop=\"thumbnailUrl\" ><div class='av-inner-masonry-sizer'><\/div><figure class='av-inner-masonry main_color'><div class=\"av-masonry-outerimage-container\"><div class='av-masonry-image-container' style=\"background-image: url(https:\/\/carnavaldemiguelturra.es\/wp-content\/uploads\/2017\/02\/galeria_fregquisimos01-529x705.jpg);\"  title=\"Pe\u00f1a Los Fregquisimos\" ><\/div><\/div><\/figure><\/a><!--end av-masonry entry--><\/div><\/div><\/div><\/p>\n","protected":false},"excerpt":{"rendered":"","protected":false},"author":2,"featured_media":23630,"parent":23467,"menu_order":0,"comment_status":"closed","ping_status":"closed","template":"","meta":{"ngg_post_thumbnail":0,"footnotes":""},"class_list":["post-23624","page","type-page","status-publish","has-post-thumbnail","hentry"],"yoast_head":"<!-- This site is optimized with the Yoast SEO plugin v27.3 - https:\/\/yoast.com\/product\/yoast-seo-wordpress\/ -->\n<title>Pe\u00f1a Los Fregqu\u00edsimos | Carnival of Miguelturra<\/title>\n<meta name=\"description\" content=\"Pe\u00f1a The Fregqu\u00edsimos. It was born at the end of the summer of 2015 and the traditional Street Mask is its disguise in the Pi\u00f1ata Sunday parade.\" \/>\n<meta name=\"robots\" content=\"index, follow, max-snippet:-1, max-image-preview:large, max-video-preview:-1\" \/>\n<link rel=\"canonical\" href=\"https:\/\/carnavaldemiguelturra.es\/en\/agrupaciones\/pena-los-fregquisimos\/\" \/>\n<meta property=\"og:locale\" content=\"en_US\" \/>\n<meta property=\"og:type\" content=\"article\" \/>\n<meta property=\"og:title\" content=\"Pe\u00f1a Los Fregqu\u00edsimos | Carnival of Miguelturra\" \/>\n<meta property=\"og:description\" content=\"Pe\u00f1a The Fregqu\u00edsimos. It was born at the end of the summer of 2015 and the traditional Street Mask is its disguise in the Pi\u00f1ata Sunday parade.\" \/>\n<meta property=\"og:url\" content=\"https:\/\/carnavaldemiguelturra.es\/en\/agrupaciones\/pena-los-fregquisimos\/\" \/>\n<meta property=\"og:site_name\" content=\"Carnival of Miguelturra\" \/>\n<meta property=\"article:publisher\" content=\"https:\/\/www.facebook.com\/carnavaldemiguelturra\/\" \/>\n<meta property=\"article:modified_time\" content=\"2022-04-22T09:56:41+00:00\" \/>\n<meta property=\"og:image\" content=\"https:\/\/carnavaldemiguelturra.es\/wp-content\/uploads\/2017\/02\/galeria_fregquisimos04.jpg\" \/>\n\t<meta property=\"og:image:width\" content=\"862\" \/>\n\t<meta property=\"og:image:height\" content=\"529\" \/>\n\t<meta property=\"og:image:type\" content=\"image\/jpeg\" \/>\n<meta name=\"twitter:card\" content=\"summary_large_image\" \/>\n<meta name=\"twitter:label1\" content=\"Est. reading time\" \/>\n\t<meta name=\"twitter:data1\" content=\"3 minutes\" \/>\n<script type=\"application\/ld+json\" class=\"yoast-schema-graph\">{\"@context\":\"https:\\\/\\\/schema.org\",\"@graph\":[{\"@type\":\"WebPage\",\"@id\":\"https:\\\/\\\/carnavaldemiguelturra.es\\\/en\\\/agrupaciones\\\/pena-los-fregquisimos\\\/\",\"url\":\"https:\\\/\\\/carnavaldemiguelturra.es\\\/en\\\/agrupaciones\\\/pena-los-fregquisimos\\\/\",\"name\":\"Pe\u00f1a Los Fregqu\u00edsimos | Carnival of Miguelturra\",\"isPartOf\":{\"@id\":\"https:\\\/\\\/carnavaldemiguelturra.es\\\/en\\\/#website\"},\"primaryImageOfPage\":{\"@id\":\"https:\\\/\\\/carnavaldemiguelturra.es\\\/en\\\/agrupaciones\\\/pena-los-fregquisimos\\\/#primaryimage\"},\"image\":{\"@id\":\"https:\\\/\\\/carnavaldemiguelturra.es\\\/en\\\/agrupaciones\\\/pena-los-fregquisimos\\\/#primaryimage\"},\"thumbnailUrl\":\"https:\\\/\\\/carnavaldemiguelturra.es\\\/wp-content\\\/uploads\\\/2017\\\/02\\\/galeria_fregquisimos04.jpg\",\"datePublished\":\"2017-02-06T19:32:37+00:00\",\"dateModified\":\"2022-04-22T09:56:41+00:00\",\"description\":\"Pe\u00f1a The Fregqu\u00edsimos. It was born at the end of the summer of 2015 and the traditional Street Mask is its disguise in the Pi\u00f1ata Sunday parade.\",\"breadcrumb\":{\"@id\":\"https:\\\/\\\/carnavaldemiguelturra.es\\\/en\\\/agrupaciones\\\/pena-los-fregquisimos\\\/#breadcrumb\"},\"inLanguage\":\"en-US\",\"potentialAction\":[{\"@type\":\"ReadAction\",\"target\":[\"https:\\\/\\\/carnavaldemiguelturra.es\\\/en\\\/agrupaciones\\\/pena-los-fregquisimos\\\/\"]}]},{\"@type\":\"ImageObject\",\"inLanguage\":\"en-US\",\"@id\":\"https:\\\/\\\/carnavaldemiguelturra.es\\\/en\\\/agrupaciones\\\/pena-los-fregquisimos\\\/#primaryimage\",\"url\":\"https:\\\/\\\/carnavaldemiguelturra.es\\\/wp-content\\\/uploads\\\/2017\\\/02\\\/galeria_fregquisimos04.jpg\",\"contentUrl\":\"https:\\\/\\\/carnavaldemiguelturra.es\\\/wp-content\\\/uploads\\\/2017\\\/02\\\/galeria_fregquisimos04.jpg\",\"width\":862,\"height\":529,\"caption\":\"Pe\u00f1a Los Fregquisimos\"},{\"@type\":\"BreadcrumbList\",\"@id\":\"https:\\\/\\\/carnavaldemiguelturra.es\\\/en\\\/agrupaciones\\\/pena-los-fregquisimos\\\/#breadcrumb\",\"itemListElement\":[{\"@type\":\"ListItem\",\"position\":1,\"name\":\"Cover\",\"item\":\"https:\\\/\\\/carnavaldemiguelturra.es\\\/en\\\/inicio\\\/\"},{\"@type\":\"ListItem\",\"position\":2,\"name\":\"Pe\u00f1as\",\"item\":\"https:\\\/\\\/carnavaldemiguelturra.es\\\/en\\\/agrupaciones\\\/\"},{\"@type\":\"ListItem\",\"position\":3,\"name\":\"Pe\u00f1a Los Fregqu\u00edsimos\"}]},{\"@type\":\"WebSite\",\"@id\":\"https:\\\/\\\/carnavaldemiguelturra.es\\\/en\\\/#website\",\"url\":\"https:\\\/\\\/carnavaldemiguelturra.es\\\/en\\\/\",\"name\":\"Carnaval de Miguelturra\",\"description\":\"History of Miguelturra Carnival\",\"publisher\":{\"@id\":\"https:\\\/\\\/carnavaldemiguelturra.es\\\/en\\\/#organization\"},\"potentialAction\":[{\"@type\":\"SearchAction\",\"target\":{\"@type\":\"EntryPoint\",\"urlTemplate\":\"https:\\\/\\\/carnavaldemiguelturra.es\\\/en\\\/?s={search_term_string}\"},\"query-input\":{\"@type\":\"PropertyValueSpecification\",\"valueRequired\":true,\"valueName\":\"search_term_string\"}}],\"inLanguage\":\"en-US\"},{\"@type\":\"Organization\",\"@id\":\"https:\\\/\\\/carnavaldemiguelturra.es\\\/en\\\/#organization\",\"name\":\"carnivaldemiguelturra.es Association\",\"url\":\"https:\\\/\\\/carnavaldemiguelturra.es\\\/en\\\/\",\"logo\":{\"@type\":\"ImageObject\",\"inLanguage\":\"en-US\",\"@id\":\"https:\\\/\\\/carnavaldemiguelturra.es\\\/en\\\/#\\\/schema\\\/logo\\\/image\\\/\",\"url\":\"https:\\\/\\\/carnavaldemiguelturra.es\\\/wp-content\\\/uploads\\\/2018\\\/08\\\/logo-grande.jpg\",\"contentUrl\":\"https:\\\/\\\/carnavaldemiguelturra.es\\\/wp-content\\\/uploads\\\/2018\\\/08\\\/logo-grande.jpg\",\"width\":800,\"height\":600,\"caption\":\"carnivaldemiguelturra.es Association\"},\"image\":{\"@id\":\"https:\\\/\\\/carnavaldemiguelturra.es\\\/en\\\/#\\\/schema\\\/logo\\\/image\\\/\"},\"sameAs\":[\"https:\\\/\\\/www.facebook.com\\\/carnavaldemiguelturra\\\/\",\"https:\\\/\\\/www.instagram.com\\\/carnavaldemiguelturra\\\/\"]}]}<\/script>\n<!-- \/ Yoast SEO plugin. -->","yoast_head_json":{"title":"Pe\u00f1a Los Fregqu\u00edsimos | Carnival of Miguelturra","description":"Pe\u00f1a The Fregqu\u00edsimos. It was born at the end of the summer of 2015 and the traditional Street Mask is its disguise in the Pi\u00f1ata Sunday parade.","robots":{"index":"index","follow":"follow","max-snippet":"max-snippet:-1","max-image-preview":"max-image-preview:large","max-video-preview":"max-video-preview:-1"},"canonical":"https:\/\/carnavaldemiguelturra.es\/en\/agrupaciones\/pena-los-fregquisimos\/","og_locale":"en_US","og_type":"article","og_title":"Pe\u00f1a Los Fregqu\u00edsimos | Carnival of Miguelturra","og_description":"Pe\u00f1a The Fregqu\u00edsimos. It was born at the end of the summer of 2015 and the traditional Street Mask is its disguise in the Pi\u00f1ata Sunday parade.","og_url":"https:\/\/carnavaldemiguelturra.es\/en\/agrupaciones\/pena-los-fregquisimos\/","og_site_name":"Carnival of Miguelturra","article_publisher":"https:\/\/www.facebook.com\/carnavaldemiguelturra\/","article_modified_time":"2022-04-22T09:56:41+00:00","og_image":[{"width":862,"height":529,"url":"https:\/\/carnavaldemiguelturra.es\/wp-content\/uploads\/2017\/02\/galeria_fregquisimos04.jpg","type":"image\/jpeg"}],"twitter_card":"summary_large_image","twitter_misc":{"Est. reading time":"3 minutes"},"schema":{"@context":"https:\/\/schema.org","@graph":[{"@type":"WebPage","@id":"https:\/\/carnavaldemiguelturra.es\/en\/agrupaciones\/pena-los-fregquisimos\/","url":"https:\/\/carnavaldemiguelturra.es\/en\/agrupaciones\/pena-los-fregquisimos\/","name":"Pe\u00f1a Los Fregqu\u00edsimos | Carnival of Miguelturra","isPartOf":{"@id":"https:\/\/carnavaldemiguelturra.es\/en\/#website"},"primaryImageOfPage":{"@id":"https:\/\/carnavaldemiguelturra.es\/en\/agrupaciones\/pena-los-fregquisimos\/#primaryimage"},"image":{"@id":"https:\/\/carnavaldemiguelturra.es\/en\/agrupaciones\/pena-los-fregquisimos\/#primaryimage"},"thumbnailUrl":"https:\/\/carnavaldemiguelturra.es\/wp-content\/uploads\/2017\/02\/galeria_fregquisimos04.jpg","datePublished":"2017-02-06T19:32:37+00:00","dateModified":"2022-04-22T09:56:41+00:00","description":"Pe\u00f1a The Fregqu\u00edsimos. It was born at the end of the summer of 2015 and the traditional Street Mask is its disguise in the Pi\u00f1ata Sunday parade.","breadcrumb":{"@id":"https:\/\/carnavaldemiguelturra.es\/en\/agrupaciones\/pena-los-fregquisimos\/#breadcrumb"},"inLanguage":"en-US","potentialAction":[{"@type":"ReadAction","target":["https:\/\/carnavaldemiguelturra.es\/en\/agrupaciones\/pena-los-fregquisimos\/"]}]},{"@type":"ImageObject","inLanguage":"en-US","@id":"https:\/\/carnavaldemiguelturra.es\/en\/agrupaciones\/pena-los-fregquisimos\/#primaryimage","url":"https:\/\/carnavaldemiguelturra.es\/wp-content\/uploads\/2017\/02\/galeria_fregquisimos04.jpg","contentUrl":"https:\/\/carnavaldemiguelturra.es\/wp-content\/uploads\/2017\/02\/galeria_fregquisimos04.jpg","width":862,"height":529,"caption":"Pe\u00f1a Los Fregquisimos"},{"@type":"BreadcrumbList","@id":"https:\/\/carnavaldemiguelturra.es\/en\/agrupaciones\/pena-los-fregquisimos\/#breadcrumb","itemListElement":[{"@type":"ListItem","position":1,"name":"Cover","item":"https:\/\/carnavaldemiguelturra.es\/en\/inicio\/"},{"@type":"ListItem","position":2,"name":"Pe\u00f1as","item":"https:\/\/carnavaldemiguelturra.es\/en\/agrupaciones\/"},{"@type":"ListItem","position":3,"name":"Pe\u00f1a Los Fregqu\u00edsimos"}]},{"@type":"WebSite","@id":"https:\/\/carnavaldemiguelturra.es\/en\/#website","url":"https:\/\/carnavaldemiguelturra.es\/en\/","name":"Carnaval de Miguelturra","description":"History of Miguelturra Carnival","publisher":{"@id":"https:\/\/carnavaldemiguelturra.es\/en\/#organization"},"potentialAction":[{"@type":"SearchAction","target":{"@type":"EntryPoint","urlTemplate":"https:\/\/carnavaldemiguelturra.es\/en\/?s={search_term_string}"},"query-input":{"@type":"PropertyValueSpecification","valueRequired":true,"valueName":"search_term_string"}}],"inLanguage":"en-US"},{"@type":"Organization","@id":"https:\/\/carnavaldemiguelturra.es\/en\/#organization","name":"carnivaldemiguelturra.es Association","url":"https:\/\/carnavaldemiguelturra.es\/en\/","logo":{"@type":"ImageObject","inLanguage":"en-US","@id":"https:\/\/carnavaldemiguelturra.es\/en\/#\/schema\/logo\/image\/","url":"https:\/\/carnavaldemiguelturra.es\/wp-content\/uploads\/2018\/08\/logo-grande.jpg","contentUrl":"https:\/\/carnavaldemiguelturra.es\/wp-content\/uploads\/2018\/08\/logo-grande.jpg","width":800,"height":600,"caption":"carnivaldemiguelturra.es Association"},"image":{"@id":"https:\/\/carnavaldemiguelturra.es\/en\/#\/schema\/logo\/image\/"},"sameAs":["https:\/\/www.facebook.com\/carnavaldemiguelturra\/","https:\/\/www.instagram.com\/carnavaldemiguelturra\/"]}]}},"_links":{"self":[{"href":"https:\/\/carnavaldemiguelturra.es\/en\/wp-json\/wp\/v2\/pages\/23624","targetHints":{"allow":["GET"]}}],"collection":[{"href":"https:\/\/carnavaldemiguelturra.es\/en\/wp-json\/wp\/v2\/pages"}],"about":[{"href":"https:\/\/carnavaldemiguelturra.es\/en\/wp-json\/wp\/v2\/types\/page"}],"author":[{"embeddable":true,"href":"https:\/\/carnavaldemiguelturra.es\/en\/wp-json\/wp\/v2\/users\/2"}],"replies":[{"embeddable":true,"href":"https:\/\/carnavaldemiguelturra.es\/en\/wp-json\/wp\/v2\/comments?post=23624"}],"version-history":[{"count":0,"href":"https:\/\/carnavaldemiguelturra.es\/en\/wp-json\/wp\/v2\/pages\/23624\/revisions"}],"up":[{"embeddable":true,"href":"https:\/\/carnavaldemiguelturra.es\/en\/wp-json\/wp\/v2\/pages\/23467"}],"wp:featuredmedia":[{"embeddable":true,"href":"https:\/\/carnavaldemiguelturra.es\/en\/wp-json\/wp\/v2\/media\/23630"}],"wp:attachment":[{"href":"https:\/\/carnavaldemiguelturra.es\/en\/wp-json\/wp\/v2\/media?parent=23624"}],"curies":[{"name":"wp","href":"https:\/\/api.w.org\/{rel}","templated":true}]}}