{"id":24887,"date":"2017-07-05T18:39:58","date_gmt":"2017-07-05T16:39:58","guid":{"rendered":"https:\/\/carnavaldemiguelturra.es\/photography-contest-2017\/"},"modified":"2022-04-22T12:17:12","modified_gmt":"2022-04-22T10:17:12","slug":"photography-contest-2017","status":"publish","type":"page","link":"https:\/\/carnavaldemiguelturra.es\/en\/photography-contest-2017\/","title":{"rendered":"Photography Contest 2017"},"content":{"rendered":"<section  class='av_textblock_section av-4z3515o-aaffe1ddefc74ffb0a1a53070b899308 '   itemscope=\"itemscope\" itemtype=\"https:\/\/schema.org\/CreativeWork\" ><div class='avia_textblock'  itemprop=\"text\" ><h1 style=\"text-align: center;\">XIX PHOTOGRAPHY CONTEST. CARNIVALS 2017<\/h1>\n<\/div><\/section>\n\n<style type=\"text\/css\" data-created_by=\"avia_inline_auto\" id=\"style-css-av-gj9ldo-182ffaf09ee8ddb4a3baf9e59e5ad853\">\n.flex_column.av-gj9ldo-182ffaf09ee8ddb4a3baf9e59e5ad853{\nborder-radius:0px 0px 0px 0px;\npadding:0px 0px 0px 0px;\n}\n<\/style>\n<div  class='flex_column av-gj9ldo-182ffaf09ee8ddb4a3baf9e59e5ad853 av_one_full  avia-builder-el-1  el_after_av_textblock  el_before_av_one_full  first flex_column_div av-zero-column-padding  column-top-margin'     ><section  class='av_textblock_section av-404gj5o-b3cd2694f58cf5bc5925e3e28ec6088a '   itemscope=\"itemscope\" itemtype=\"https:\/\/schema.org\/CreativeWork\" ><div class='avia_textblock'  itemprop=\"text\" ><h3 style=\"text-align: center;\"><span style=\"color: #000080;\"><em>First prize. 250 Euros<\/em><\/span><\/h3>\n<p style=\"font-size: 16px; text-align: center;\"><em>&#8220;The trip to hapyness&#8221;<br \/>\n<\/em><strong>Juan Antonio Olmeda<\/strong><\/p>\n<\/div><\/section><br \/>\n\n<style type=\"text\/css\" data-created_by=\"avia_inline_auto\" id=\"style-css-av-3mb30e4-ad5c58b6d62670541863252dbcb6d190\">\n.avia-image-container.av-3mb30e4-ad5c58b6d62670541863252dbcb6d190 img.avia_image{\nbox-shadow:none;\n}\n.avia-image-container.av-3mb30e4-ad5c58b6d62670541863252dbcb6d190 .av-image-caption-overlay-center{\ncolor:#ffffff;\n}\n<\/style>\n<div  class='avia-image-container av-3mb30e4-ad5c58b6d62670541863252dbcb6d190 av-styling- av-img-linked avia-align-center  avia-builder-el-3  el_after_av_textblock  avia-builder-el-last '   itemprop=\"image\" itemscope=\"itemscope\" itemtype=\"https:\/\/schema.org\/ImageObject\" ><div class=\"avia-image-container-inner\"><div class=\"avia-image-overlay-wrap\"><a href=\"https:\/\/carnavaldemiguelturra.es\/wp-content\/uploads\/2017\/07\/carnaval-miguelturra-1-premio-fotografia-2017.jpg\" class='avia_image '  aria-label='Photography Contest 2017. 1st Prize, &quot;The trip to happiness&quot; by Juan Antonio Olmeda Mart\u00edn'><img decoding=\"async\" fetchpriority=\"high\" class='wp-image-24293 avia-img-lazy-loading-not-24293 avia_image ' src=\"https:\/\/carnavaldemiguelturra.es\/wp-content\/uploads\/2017\/07\/carnaval-miguelturra-1-premio-fotografia-2017.jpg\" alt='carnival-miguelturra-1-prize-photography 2017' title='Photography Contest 2017. 1st Prize, &quot;The trip to happiness&quot; by Juan Antonio Olmeda Mart\u00edn'  height=\"533\" width=\"800\"  itemprop=\"thumbnailUrl\"  \/><\/a><\/div><\/div><\/div><\/p><\/div>\n<style type=\"text\/css\" data-created_by=\"avia_inline_auto\" id=\"style-css-av-2xu86vw-c3c77c8d68b1df9f1f44bafd4c74381b\">\n.flex_column.av-2xu86vw-c3c77c8d68b1df9f1f44bafd4c74381b{\nborder-radius:0px 0px 0px 0px;\npadding:0px 0px 0px 0px;\n}\n<\/style>\n<div  class='flex_column av-2xu86vw-c3c77c8d68b1df9f1f44bafd4c74381b av_one_full  avia-builder-el-4  el_after_av_one_full  el_before_av_one_full  first flex_column_div av-zero-column-padding  column-top-margin'     ><section  class='av_textblock_section av-2dk8m2k-440ee98bdd61021dfc56b3c76c277363 '   itemscope=\"itemscope\" itemtype=\"https:\/\/schema.org\/CreativeWork\" ><div class='avia_textblock'  itemprop=\"text\" ><h3 style=\"text-align: center;\"><em style=\"color: #000080;\">Second prize. 175 Euros<\/em><\/h3>\n<p style=\"text-align: center; font-size: 16px;\"><em>&#8220;The masks of the night&#8221;<br \/>\n<\/em><strong>Francisco Javier Moh\u00edno Cort\u00e9s<\/strong><\/p>\n<\/div><\/section><br \/>\n\n<style type=\"text\/css\" data-created_by=\"avia_inline_auto\" id=\"style-css-av-22rc9q4-1ea634b8de489fefb3012b4990864d27\">\n.avia-image-container.av-22rc9q4-1ea634b8de489fefb3012b4990864d27 img.avia_image{\nbox-shadow:none;\n}\n.avia-image-container.av-22rc9q4-1ea634b8de489fefb3012b4990864d27 .av-image-caption-overlay-center{\ncolor:#ffffff;\n}\n<\/style>\n<div  class='avia-image-container av-22rc9q4-1ea634b8de489fefb3012b4990864d27 av-styling- av-img-linked avia-align-center  avia-builder-el-6  el_after_av_textblock  avia-builder-el-last '   itemprop=\"image\" itemscope=\"itemscope\" itemtype=\"https:\/\/schema.org\/ImageObject\" ><div class=\"avia-image-container-inner\"><div class=\"avia-image-overlay-wrap\"><a href=\"https:\/\/carnavaldemiguelturra.es\/wp-content\/uploads\/2017\/07\/carnaval-miguelturra-2-premio-fotografia-2017.jpg\" class='avia_image '  aria-label='Photography Contest 2017. 2nd Prize, &quot;The masks of the night&quot; by Francisco Javier Moh\u00edno Cort\u00e9s'><img decoding=\"async\" fetchpriority=\"high\" class='wp-image-24294 avia-img-lazy-loading-not-24294 avia_image ' src=\"https:\/\/carnavaldemiguelturra.es\/wp-content\/uploads\/2017\/07\/carnaval-miguelturra-2-premio-fotografia-2017.jpg\" alt='carnival-miguelturra-2-prize-photography 2017' title='Photography Contest 2017. 2nd Prize, &quot;The masks of the night&quot; by Francisco Javier Moh\u00edno Cort\u00e9s'  height=\"800\" width=\"533\"  itemprop=\"thumbnailUrl\"  \/><\/a><\/div><\/div><\/div><\/p><\/div>\n<style type=\"text\/css\" data-created_by=\"avia_inline_auto\" id=\"style-css-av-1p45nng-b56831fd48d5ec287dea871a51746067\">\n.flex_column.av-1p45nng-b56831fd48d5ec287dea871a51746067{\nborder-radius:0px 0px 0px 0px;\npadding:0px 0px 0px 0px;\n}\n<\/style>\n<div  class='flex_column av-1p45nng-b56831fd48d5ec287dea871a51746067 av_one_full  avia-builder-el-7  el_after_av_one_full  avia-builder-el-last  first flex_column_div av-zero-column-padding  column-top-margin'     ><section  class='av_textblock_section av-14hfeho-69b8312d9927a4a49bcbb6a506bad613 '   itemscope=\"itemscope\" itemtype=\"https:\/\/schema.org\/CreativeWork\" ><div class='avia_textblock'  itemprop=\"text\" ><h3 style=\"text-align: center;\"><span style=\"color: #000080;\"><em>Third prize. 75 Euros<\/em><\/span><\/h3>\n<p style=\"text-align: center; font-size: 16px;\"><em>&#8220;Taking carnasol&#8221;<br \/>\n<\/em><strong>Mill\u00e1n G\u00f3mez Jim\u00e9nez<\/strong><\/p>\n<\/div><\/section><br \/>\n\n<style type=\"text\/css\" data-created_by=\"avia_inline_auto\" id=\"style-css-av-nmdu3g-23366db29a4c3c14f401aebd7009dfd3\">\n.avia-image-container.av-nmdu3g-23366db29a4c3c14f401aebd7009dfd3 img.avia_image{\nbox-shadow:none;\n}\n.avia-image-container.av-nmdu3g-23366db29a4c3c14f401aebd7009dfd3 .av-image-caption-overlay-center{\ncolor:#ffffff;\n}\n<\/style>\n<div  class='avia-image-container av-nmdu3g-23366db29a4c3c14f401aebd7009dfd3 av-styling- av-img-linked avia-align-center  avia-builder-el-9  el_after_av_textblock  avia-builder-el-last '   itemprop=\"image\" itemscope=\"itemscope\" itemtype=\"https:\/\/schema.org\/ImageObject\" ><div class=\"avia-image-container-inner\"><div class=\"avia-image-overlay-wrap\"><a href=\"https:\/\/carnavaldemiguelturra.es\/wp-content\/uploads\/2017\/07\/carnaval-miguelturra-3-premio-fotografia-2017.jpg\" class='avia_image '  aria-label='Photography Contest 2017. 3rd Prize, &quot;Taking Carnasol&quot; by Mill\u00e1n G\u00f3mez Jim\u00e9nez'><img decoding=\"async\" fetchpriority=\"high\" class='wp-image-24295 avia-img-lazy-loading-not-24295 avia_image ' src=\"https:\/\/carnavaldemiguelturra.es\/wp-content\/uploads\/2017\/07\/carnaval-miguelturra-3-premio-fotografia-2017.jpg\" alt='carnival-miguelturra-3-prize-photography 2017' title='Photography Contest 2017. 3rd Prize, &quot;Taking Carnasol&quot; by Mill\u00e1n G\u00f3mez Jim\u00e9nez'  height=\"533\" width=\"800\"  itemprop=\"thumbnailUrl\"  \/><\/a><\/div><\/div><\/div><\/p><\/div><\/p>\n","protected":false},"excerpt":{"rendered":"","protected":false},"author":2,"featured_media":24293,"parent":0,"menu_order":17,"comment_status":"closed","ping_status":"closed","template":"","meta":{"ngg_post_thumbnail":0,"footnotes":""},"class_list":["post-24887","page","type-page","status-publish","has-post-thumbnail","hentry"],"yoast_head":"<!-- This site is optimized with the Yoast SEO plugin v27.3 - https:\/\/yoast.com\/product\/yoast-seo-wordpress\/ -->\n<title>Photography Contest 2017 | Carnival of Miguelturra<\/title>\n<meta name=\"description\" content=\"Juan Antonio Olmeda winner of the XIX Miguelturra Carnival Photography Contest 2017, with &quot;The trip to happiness&quot;.\" \/>\n<meta name=\"robots\" content=\"index, follow, max-snippet:-1, max-image-preview:large, max-video-preview:-1\" \/>\n<link rel=\"canonical\" href=\"https:\/\/carnavaldemiguelturra.es\/en\/photography-contest-2017\/\" \/>\n<meta property=\"og:locale\" content=\"en_US\" \/>\n<meta property=\"og:type\" content=\"article\" \/>\n<meta property=\"og:title\" content=\"Photography Contest 2017 | Carnival of Miguelturra\" \/>\n<meta property=\"og:description\" content=\"Juan Antonio Olmeda winner of the XIX Miguelturra Carnival Photography Contest 2017, with &quot;The trip to happiness&quot;.\" \/>\n<meta property=\"og:url\" content=\"https:\/\/carnavaldemiguelturra.es\/en\/photography-contest-2017\/\" \/>\n<meta property=\"og:site_name\" content=\"Carnival of Miguelturra\" \/>\n<meta property=\"article:publisher\" content=\"https:\/\/www.facebook.com\/carnavaldemiguelturra\/\" \/>\n<meta property=\"article:modified_time\" content=\"2022-04-22T10:17:12+00:00\" \/>\n<meta property=\"og:image\" content=\"https:\/\/carnavaldemiguelturra.es\/wp-content\/uploads\/2017\/07\/carnaval-miguelturra-1-premio-fotografia-2017.jpg\" \/>\n\t<meta property=\"og:image:width\" content=\"800\" \/>\n\t<meta property=\"og:image:height\" content=\"533\" \/>\n\t<meta property=\"og:image:type\" content=\"image\/jpeg\" \/>\n<meta name=\"twitter:card\" content=\"summary_large_image\" \/>\n<meta name=\"twitter:label1\" content=\"Est. reading time\" \/>\n\t<meta name=\"twitter:data1\" content=\"3 minutes\" \/>\n<script type=\"application\/ld+json\" class=\"yoast-schema-graph\">{\"@context\":\"https:\\\/\\\/schema.org\",\"@graph\":[{\"@type\":\"WebPage\",\"@id\":\"https:\\\/\\\/carnavaldemiguelturra.es\\\/en\\\/photography-contest-2017\\\/\",\"url\":\"https:\\\/\\\/carnavaldemiguelturra.es\\\/en\\\/photography-contest-2017\\\/\",\"name\":\"Photography Contest 2017 | Carnival of Miguelturra\",\"isPartOf\":{\"@id\":\"https:\\\/\\\/carnavaldemiguelturra.es\\\/en\\\/#website\"},\"primaryImageOfPage\":{\"@id\":\"https:\\\/\\\/carnavaldemiguelturra.es\\\/en\\\/photography-contest-2017\\\/#primaryimage\"},\"image\":{\"@id\":\"https:\\\/\\\/carnavaldemiguelturra.es\\\/en\\\/photography-contest-2017\\\/#primaryimage\"},\"thumbnailUrl\":\"https:\\\/\\\/carnavaldemiguelturra.es\\\/wp-content\\\/uploads\\\/2017\\\/07\\\/carnaval-miguelturra-1-premio-fotografia-2017.jpg\",\"datePublished\":\"2017-07-05T16:39:58+00:00\",\"dateModified\":\"2022-04-22T10:17:12+00:00\",\"description\":\"Juan Antonio Olmeda winner of the XIX Miguelturra Carnival Photography Contest 2017, with \\\"The trip to happiness\\\".\",\"breadcrumb\":{\"@id\":\"https:\\\/\\\/carnavaldemiguelturra.es\\\/en\\\/photography-contest-2017\\\/#breadcrumb\"},\"inLanguage\":\"en-US\",\"potentialAction\":[{\"@type\":\"ReadAction\",\"target\":[\"https:\\\/\\\/carnavaldemiguelturra.es\\\/en\\\/photography-contest-2017\\\/\"]}]},{\"@type\":\"ImageObject\",\"inLanguage\":\"en-US\",\"@id\":\"https:\\\/\\\/carnavaldemiguelturra.es\\\/en\\\/photography-contest-2017\\\/#primaryimage\",\"url\":\"https:\\\/\\\/carnavaldemiguelturra.es\\\/wp-content\\\/uploads\\\/2017\\\/07\\\/carnaval-miguelturra-1-premio-fotografia-2017.jpg\",\"contentUrl\":\"https:\\\/\\\/carnavaldemiguelturra.es\\\/wp-content\\\/uploads\\\/2017\\\/07\\\/carnaval-miguelturra-1-premio-fotografia-2017.jpg\",\"width\":800,\"height\":533,\"caption\":\"carnival-miguelturra-1-prize-photography 2017\"},{\"@type\":\"BreadcrumbList\",\"@id\":\"https:\\\/\\\/carnavaldemiguelturra.es\\\/en\\\/photography-contest-2017\\\/#breadcrumb\",\"itemListElement\":[{\"@type\":\"ListItem\",\"position\":1,\"name\":\"Cover\",\"item\":\"https:\\\/\\\/carnavaldemiguelturra.es\\\/en\\\/inicio\\\/\"},{\"@type\":\"ListItem\",\"position\":2,\"name\":\"Photography Contest 2017\"}]},{\"@type\":\"WebSite\",\"@id\":\"https:\\\/\\\/carnavaldemiguelturra.es\\\/en\\\/#website\",\"url\":\"https:\\\/\\\/carnavaldemiguelturra.es\\\/en\\\/\",\"name\":\"Carnaval de Miguelturra\",\"description\":\"History of Miguelturra Carnival\",\"publisher\":{\"@id\":\"https:\\\/\\\/carnavaldemiguelturra.es\\\/en\\\/#organization\"},\"potentialAction\":[{\"@type\":\"SearchAction\",\"target\":{\"@type\":\"EntryPoint\",\"urlTemplate\":\"https:\\\/\\\/carnavaldemiguelturra.es\\\/en\\\/?s={search_term_string}\"},\"query-input\":{\"@type\":\"PropertyValueSpecification\",\"valueRequired\":true,\"valueName\":\"search_term_string\"}}],\"inLanguage\":\"en-US\"},{\"@type\":\"Organization\",\"@id\":\"https:\\\/\\\/carnavaldemiguelturra.es\\\/en\\\/#organization\",\"name\":\"carnivaldemiguelturra.es Association\",\"url\":\"https:\\\/\\\/carnavaldemiguelturra.es\\\/en\\\/\",\"logo\":{\"@type\":\"ImageObject\",\"inLanguage\":\"en-US\",\"@id\":\"https:\\\/\\\/carnavaldemiguelturra.es\\\/en\\\/#\\\/schema\\\/logo\\\/image\\\/\",\"url\":\"https:\\\/\\\/carnavaldemiguelturra.es\\\/wp-content\\\/uploads\\\/2018\\\/08\\\/logo-grande.jpg\",\"contentUrl\":\"https:\\\/\\\/carnavaldemiguelturra.es\\\/wp-content\\\/uploads\\\/2018\\\/08\\\/logo-grande.jpg\",\"width\":800,\"height\":600,\"caption\":\"carnivaldemiguelturra.es Association\"},\"image\":{\"@id\":\"https:\\\/\\\/carnavaldemiguelturra.es\\\/en\\\/#\\\/schema\\\/logo\\\/image\\\/\"},\"sameAs\":[\"https:\\\/\\\/www.facebook.com\\\/carnavaldemiguelturra\\\/\",\"https:\\\/\\\/www.instagram.com\\\/carnavaldemiguelturra\\\/\"]}]}<\/script>\n<!-- \/ Yoast SEO plugin. -->","yoast_head_json":{"title":"Photography Contest 2017 | Carnival of Miguelturra","description":"Juan Antonio Olmeda winner of the XIX Miguelturra Carnival Photography Contest 2017, with \"The trip to happiness\".","robots":{"index":"index","follow":"follow","max-snippet":"max-snippet:-1","max-image-preview":"max-image-preview:large","max-video-preview":"max-video-preview:-1"},"canonical":"https:\/\/carnavaldemiguelturra.es\/en\/photography-contest-2017\/","og_locale":"en_US","og_type":"article","og_title":"Photography Contest 2017 | Carnival of Miguelturra","og_description":"Juan Antonio Olmeda winner of the XIX Miguelturra Carnival Photography Contest 2017, with \"The trip to happiness\".","og_url":"https:\/\/carnavaldemiguelturra.es\/en\/photography-contest-2017\/","og_site_name":"Carnival of Miguelturra","article_publisher":"https:\/\/www.facebook.com\/carnavaldemiguelturra\/","article_modified_time":"2022-04-22T10:17:12+00:00","og_image":[{"width":800,"height":533,"url":"https:\/\/carnavaldemiguelturra.es\/wp-content\/uploads\/2017\/07\/carnaval-miguelturra-1-premio-fotografia-2017.jpg","type":"image\/jpeg"}],"twitter_card":"summary_large_image","twitter_misc":{"Est. reading time":"3 minutes"},"schema":{"@context":"https:\/\/schema.org","@graph":[{"@type":"WebPage","@id":"https:\/\/carnavaldemiguelturra.es\/en\/photography-contest-2017\/","url":"https:\/\/carnavaldemiguelturra.es\/en\/photography-contest-2017\/","name":"Photography Contest 2017 | Carnival of Miguelturra","isPartOf":{"@id":"https:\/\/carnavaldemiguelturra.es\/en\/#website"},"primaryImageOfPage":{"@id":"https:\/\/carnavaldemiguelturra.es\/en\/photography-contest-2017\/#primaryimage"},"image":{"@id":"https:\/\/carnavaldemiguelturra.es\/en\/photography-contest-2017\/#primaryimage"},"thumbnailUrl":"https:\/\/carnavaldemiguelturra.es\/wp-content\/uploads\/2017\/07\/carnaval-miguelturra-1-premio-fotografia-2017.jpg","datePublished":"2017-07-05T16:39:58+00:00","dateModified":"2022-04-22T10:17:12+00:00","description":"Juan Antonio Olmeda winner of the XIX Miguelturra Carnival Photography Contest 2017, with \"The trip to happiness\".","breadcrumb":{"@id":"https:\/\/carnavaldemiguelturra.es\/en\/photography-contest-2017\/#breadcrumb"},"inLanguage":"en-US","potentialAction":[{"@type":"ReadAction","target":["https:\/\/carnavaldemiguelturra.es\/en\/photography-contest-2017\/"]}]},{"@type":"ImageObject","inLanguage":"en-US","@id":"https:\/\/carnavaldemiguelturra.es\/en\/photography-contest-2017\/#primaryimage","url":"https:\/\/carnavaldemiguelturra.es\/wp-content\/uploads\/2017\/07\/carnaval-miguelturra-1-premio-fotografia-2017.jpg","contentUrl":"https:\/\/carnavaldemiguelturra.es\/wp-content\/uploads\/2017\/07\/carnaval-miguelturra-1-premio-fotografia-2017.jpg","width":800,"height":533,"caption":"carnival-miguelturra-1-prize-photography 2017"},{"@type":"BreadcrumbList","@id":"https:\/\/carnavaldemiguelturra.es\/en\/photography-contest-2017\/#breadcrumb","itemListElement":[{"@type":"ListItem","position":1,"name":"Cover","item":"https:\/\/carnavaldemiguelturra.es\/en\/inicio\/"},{"@type":"ListItem","position":2,"name":"Photography Contest 2017"}]},{"@type":"WebSite","@id":"https:\/\/carnavaldemiguelturra.es\/en\/#website","url":"https:\/\/carnavaldemiguelturra.es\/en\/","name":"Carnaval de Miguelturra","description":"History of Miguelturra Carnival","publisher":{"@id":"https:\/\/carnavaldemiguelturra.es\/en\/#organization"},"potentialAction":[{"@type":"SearchAction","target":{"@type":"EntryPoint","urlTemplate":"https:\/\/carnavaldemiguelturra.es\/en\/?s={search_term_string}"},"query-input":{"@type":"PropertyValueSpecification","valueRequired":true,"valueName":"search_term_string"}}],"inLanguage":"en-US"},{"@type":"Organization","@id":"https:\/\/carnavaldemiguelturra.es\/en\/#organization","name":"carnivaldemiguelturra.es Association","url":"https:\/\/carnavaldemiguelturra.es\/en\/","logo":{"@type":"ImageObject","inLanguage":"en-US","@id":"https:\/\/carnavaldemiguelturra.es\/en\/#\/schema\/logo\/image\/","url":"https:\/\/carnavaldemiguelturra.es\/wp-content\/uploads\/2018\/08\/logo-grande.jpg","contentUrl":"https:\/\/carnavaldemiguelturra.es\/wp-content\/uploads\/2018\/08\/logo-grande.jpg","width":800,"height":600,"caption":"carnivaldemiguelturra.es Association"},"image":{"@id":"https:\/\/carnavaldemiguelturra.es\/en\/#\/schema\/logo\/image\/"},"sameAs":["https:\/\/www.facebook.com\/carnavaldemiguelturra\/","https:\/\/www.instagram.com\/carnavaldemiguelturra\/"]}]}},"_links":{"self":[{"href":"https:\/\/carnavaldemiguelturra.es\/en\/wp-json\/wp\/v2\/pages\/24887","targetHints":{"allow":["GET"]}}],"collection":[{"href":"https:\/\/carnavaldemiguelturra.es\/en\/wp-json\/wp\/v2\/pages"}],"about":[{"href":"https:\/\/carnavaldemiguelturra.es\/en\/wp-json\/wp\/v2\/types\/page"}],"author":[{"embeddable":true,"href":"https:\/\/carnavaldemiguelturra.es\/en\/wp-json\/wp\/v2\/users\/2"}],"replies":[{"embeddable":true,"href":"https:\/\/carnavaldemiguelturra.es\/en\/wp-json\/wp\/v2\/comments?post=24887"}],"version-history":[{"count":0,"href":"https:\/\/carnavaldemiguelturra.es\/en\/wp-json\/wp\/v2\/pages\/24887\/revisions"}],"wp:featuredmedia":[{"embeddable":true,"href":"https:\/\/carnavaldemiguelturra.es\/en\/wp-json\/wp\/v2\/media\/24293"}],"wp:attachment":[{"href":"https:\/\/carnavaldemiguelturra.es\/en\/wp-json\/wp\/v2\/media?parent=24887"}],"curies":[{"name":"wp","href":"https:\/\/api.w.org\/{rel}","templated":true}]}}