{"id":24932,"date":"2017-07-06T19:15:59","date_gmt":"2017-07-06T17:15:59","guid":{"rendered":"https:\/\/carnavaldemiguelturra.es\/photography-contest-2014\/"},"modified":"2022-04-22T12:17:17","modified_gmt":"2022-04-22T10:17:17","slug":"photography-contest-2014","status":"publish","type":"page","link":"https:\/\/carnavaldemiguelturra.es\/en\/photography-contest-2014\/","title":{"rendered":"Photography Contest 2014"},"content":{"rendered":"<section  class='av_textblock_section av-4wzcjxd-fe6842e82ced1b84818249f5c9dc7a1e '   itemscope=\"itemscope\" itemtype=\"https:\/\/schema.org\/CreativeWork\" ><div class='avia_textblock'  itemprop=\"text\" ><h1 style=\"text-align: center;\">XVI PHOTOGRAPHY CONTEST. CARNIVALS 2014<\/h1>\n<\/div><\/section>\n\n<style type=\"text\/css\" data-created_by=\"avia_inline_auto\" id=\"style-css-av-4kebtq9-01c1208677a9c7dded368f0c896c4bc0\">\n.flex_column.av-4kebtq9-01c1208677a9c7dded368f0c896c4bc0{\nborder-radius:0px 0px 0px 0px;\npadding:0px 0px 0px 0px;\n}\n<\/style>\n<div  class='flex_column av-4kebtq9-01c1208677a9c7dded368f0c896c4bc0 av_one_full  avia-builder-el-1  el_after_av_textblock  el_before_av_one_full  first flex_column_div av-zero-column-padding  column-top-margin'     ><section  class='av_textblock_section av-41ts6jl-2318a309992dea6e8ec72adeb602501e '   itemscope=\"itemscope\" itemtype=\"https:\/\/schema.org\/CreativeWork\" ><div class='avia_textblock'  itemprop=\"text\" ><h3 style=\"text-align: center;\"><span style=\"color: #000080;\"><em>First prize. 300 Euros<\/em><\/span><\/h3>\n<p style=\"font-size: 16px; text-align: center;\"><em>&#8220;Ant and CIA&#8221;<br \/>\n<\/em><strong>Ruth Pl\u00e1ate<\/strong><\/p>\n<\/div><\/section><br \/>\n\n<style type=\"text\/css\" data-created_by=\"avia_inline_auto\" id=\"style-css-av-39nuzc1-3b4d91b26524d964e4854acc4c6085d3\">\n.avia-image-container.av-39nuzc1-3b4d91b26524d964e4854acc4c6085d3 img.avia_image{\nbox-shadow:none;\n}\n.avia-image-container.av-39nuzc1-3b4d91b26524d964e4854acc4c6085d3 .av-image-caption-overlay-center{\ncolor:#ffffff;\n}\n<\/style>\n<div  class='avia-image-container av-39nuzc1-3b4d91b26524d964e4854acc4c6085d3 av-styling- av-img-linked avia-align-center  avia-builder-el-3  el_after_av_textblock  avia-builder-el-last '   itemprop=\"image\" itemscope=\"itemscope\" itemtype=\"https:\/\/schema.org\/ImageObject\" ><div class=\"avia-image-container-inner\"><div class=\"avia-image-overlay-wrap\"><a href=\"https:\/\/carnavaldemiguelturra.es\/wp-content\/uploads\/2017\/07\/carnaval-miguelturra-1-premio-fotografia-2014.jpg\" class='avia_image '  aria-label='Photography Contest 2014. 1st Prize, &quot;Ant and CIA&quot; by Ruth Pl\u00e1ate'><img decoding=\"async\" fetchpriority=\"high\" class='wp-image-24302 avia-img-lazy-loading-not-24302 avia_image ' src=\"https:\/\/carnavaldemiguelturra.es\/wp-content\/uploads\/2017\/07\/carnaval-miguelturra-1-premio-fotografia-2014.jpg\" alt='carnival-miguelturra-1-prize-photography 2014' title='Photography Contest 2014. 1st Prize, &quot;Ant and CIA&quot; by Ruth Pl\u00e1ate'  height=\"541\" width=\"800\"  itemprop=\"thumbnailUrl\"  \/><\/a><\/div><\/div><\/div><\/p><\/div>\n<style type=\"text\/css\" data-created_by=\"avia_inline_auto\" id=\"style-css-av-2w1e36p-00012f7a2b8e4b074f14403a0e031b60\">\n.flex_column.av-2w1e36p-00012f7a2b8e4b074f14403a0e031b60{\nborder-radius:0px 0px 0px 0px;\npadding:0px 0px 0px 0px;\n}\n<\/style>\n<div  class='flex_column av-2w1e36p-00012f7a2b8e4b074f14403a0e031b60 av_one_full  avia-builder-el-4  el_after_av_one_full  el_before_av_one_full  first flex_column_div av-zero-column-padding  column-top-margin'     ><section  class='av_textblock_section av-2or6sdd-65f286e910f0c2bcf939f0eaafb8a141 '   itemscope=\"itemscope\" itemtype=\"https:\/\/schema.org\/CreativeWork\" ><div class='avia_textblock'  itemprop=\"text\" ><h3 style=\"text-align: center;\"><em style=\"color: #000080;\">Second prize. 200 Euros<\/em><\/h3>\n<p style=\"text-align: center; font-size: 16px;\"><em>&#8220;Rhythm&#8221;<br \/>\n<\/em><strong>Mill\u00e1n G\u00f3mez Jim\u00e9nez<\/strong><\/p>\n<\/div><\/section><br \/>\n\n<style type=\"text\/css\" data-created_by=\"avia_inline_auto\" id=\"style-css-av-27qsbj5-acf30ae10520069e9a4c9d0b14ceed8f\">\n.avia-image-container.av-27qsbj5-acf30ae10520069e9a4c9d0b14ceed8f img.avia_image{\nbox-shadow:none;\n}\n.avia-image-container.av-27qsbj5-acf30ae10520069e9a4c9d0b14ceed8f .av-image-caption-overlay-center{\ncolor:#ffffff;\n}\n<\/style>\n<div  class='avia-image-container av-27qsbj5-acf30ae10520069e9a4c9d0b14ceed8f av-styling- av-img-linked avia-align-center  avia-builder-el-6  el_after_av_textblock  avia-builder-el-last '   itemprop=\"image\" itemscope=\"itemscope\" itemtype=\"https:\/\/schema.org\/ImageObject\" ><div class=\"avia-image-container-inner\"><div class=\"avia-image-overlay-wrap\"><a href=\"https:\/\/carnavaldemiguelturra.es\/wp-content\/uploads\/2017\/07\/carnaval-miguelturra-2-premio-fotografia-2014.jpg\" class='avia_image '  aria-label='Photography Contest 2014. 2nd Prize, &quot;Ritmo&quot; by Mill\u00e1n G\u00f3mez Jim\u00e9nez'><img decoding=\"async\" fetchpriority=\"high\" class='wp-image-24303 avia-img-lazy-loading-not-24303 avia_image ' src=\"https:\/\/carnavaldemiguelturra.es\/wp-content\/uploads\/2017\/07\/carnaval-miguelturra-2-premio-fotografia-2014.jpg\" alt='carnival-miguelturra-2-prize-photography 2014' title='Photography Contest 2014. 2nd Prize, &quot;Ritmo&quot; by Mill\u00e1n G\u00f3mez Jim\u00e9nez'  height=\"529\" width=\"800\"  itemprop=\"thumbnailUrl\"  \/><\/a><\/div><\/div><\/div><\/p><\/div>\n<style type=\"text\/css\" data-created_by=\"avia_inline_auto\" id=\"style-css-av-1i4wqg1-2a251e7c7de5d7c6d0b89828dd4e5a6a\">\n.flex_column.av-1i4wqg1-2a251e7c7de5d7c6d0b89828dd4e5a6a{\nborder-radius:0px 0px 0px 0px;\npadding:0px 0px 0px 0px;\n}\n<\/style>\n<div  class='flex_column av-1i4wqg1-2a251e7c7de5d7c6d0b89828dd4e5a6a av_one_full  avia-builder-el-7  el_after_av_one_full  avia-builder-el-last  first flex_column_div av-zero-column-padding  column-top-margin'     ><section  class='av_textblock_section av-12zd8u9-aa234a9ebe5765b21418f286a4670460 '   itemscope=\"itemscope\" itemtype=\"https:\/\/schema.org\/CreativeWork\" ><div class='avia_textblock'  itemprop=\"text\" ><h3 style=\"text-align: center;\"><span style=\"color: #000080;\"><em>Third prize. 100 Euros<\/em><\/span><\/h3>\n<p style=\"text-align: center; font-size: 16px;\"><em>&#8220;In my garden&#8221;<br \/>\n<\/em><b>Mar\u00eda Jes\u00fas Barahona Ram\u00edrez<\/b><\/p>\n<\/div><\/section><br \/>\n\n<style type=\"text\/css\" data-created_by=\"avia_inline_auto\" id=\"style-css-av-u42h41-3b8e0401ba6c68a9012b566602cb1962\">\n.avia-image-container.av-u42h41-3b8e0401ba6c68a9012b566602cb1962 img.avia_image{\nbox-shadow:none;\n}\n.avia-image-container.av-u42h41-3b8e0401ba6c68a9012b566602cb1962 .av-image-caption-overlay-center{\ncolor:#ffffff;\n}\n<\/style>\n<div  class='avia-image-container av-u42h41-3b8e0401ba6c68a9012b566602cb1962 av-styling- av-img-linked avia-align-center  avia-builder-el-9  el_after_av_textblock  avia-builder-el-last '   itemprop=\"image\" itemscope=\"itemscope\" itemtype=\"https:\/\/schema.org\/ImageObject\" ><div class=\"avia-image-container-inner\"><div class=\"avia-image-overlay-wrap\"><a href=\"https:\/\/carnavaldemiguelturra.es\/wp-content\/uploads\/2017\/07\/carnaval-miguelturra-3-premio-fotografia-2014.jpg\" class='avia_image '  aria-label='Photography Contest 2014. 3rd Prize, &quot;In my garden&quot; by Mar\u00eda Jes\u00fas Barahona Ram\u00edrez'><img decoding=\"async\" fetchpriority=\"high\" class='wp-image-24304 avia-img-lazy-loading-not-24304 avia_image ' src=\"https:\/\/carnavaldemiguelturra.es\/wp-content\/uploads\/2017\/07\/carnaval-miguelturra-3-premio-fotografia-2014.jpg\" alt='carnival-miguelturra-3-prize-photography 2014' title='Photography Contest 2014. 3rd Prize, &quot;In my garden&quot; by Mar\u00eda Jes\u00fas Barahona Ram\u00edrez'  height=\"800\" width=\"539\"  itemprop=\"thumbnailUrl\"  \/><\/a><\/div><\/div><\/div><\/p><\/div><\/p>\n","protected":false},"excerpt":{"rendered":"","protected":false},"author":2,"featured_media":24302,"parent":0,"menu_order":17,"comment_status":"closed","ping_status":"closed","template":"","meta":{"ngg_post_thumbnail":0,"footnotes":""},"class_list":["post-24932","page","type-page","status-publish","has-post-thumbnail","hentry"],"yoast_head":"<!-- This site is optimized with the Yoast SEO plugin v27.3 - https:\/\/yoast.com\/product\/yoast-seo-wordpress\/ -->\n<title>Photography Contest 2014 | Carnival of Miguelturra<\/title>\n<meta name=\"description\" content=\"Ruth Pl\u00e1ate, winner of the XVI Contest of photography of then Miguelturra Carnivals 2014, with &quot;Ant and CIA&quot;.\" \/>\n<meta name=\"robots\" content=\"index, follow, max-snippet:-1, max-image-preview:large, max-video-preview:-1\" \/>\n<link rel=\"canonical\" href=\"https:\/\/carnavaldemiguelturra.es\/en\/photography-contest-2014\/\" \/>\n<meta property=\"og:locale\" content=\"en_US\" \/>\n<meta property=\"og:type\" content=\"article\" \/>\n<meta property=\"og:title\" content=\"Photography Contest 2014 | Carnival of Miguelturra\" \/>\n<meta property=\"og:description\" content=\"Ruth Pl\u00e1ate, winner of the XVI Contest of photography of then Miguelturra Carnivals 2014, with &quot;Ant and CIA&quot;.\" \/>\n<meta property=\"og:url\" content=\"https:\/\/carnavaldemiguelturra.es\/en\/photography-contest-2014\/\" \/>\n<meta property=\"og:site_name\" content=\"Carnival of Miguelturra\" \/>\n<meta property=\"article:publisher\" content=\"https:\/\/www.facebook.com\/carnavaldemiguelturra\/\" \/>\n<meta property=\"article:modified_time\" content=\"2022-04-22T10:17:17+00:00\" \/>\n<meta property=\"og:image\" content=\"https:\/\/carnavaldemiguelturra.es\/wp-content\/uploads\/2017\/07\/carnaval-miguelturra-1-premio-fotografia-2014.jpg\" \/>\n\t<meta property=\"og:image:width\" content=\"800\" \/>\n\t<meta property=\"og:image:height\" content=\"541\" \/>\n\t<meta property=\"og:image:type\" content=\"image\/jpeg\" \/>\n<meta name=\"twitter:card\" content=\"summary_large_image\" \/>\n<meta name=\"twitter:label1\" content=\"Est. reading time\" \/>\n\t<meta name=\"twitter:data1\" content=\"2 minutes\" \/>\n<script type=\"application\/ld+json\" class=\"yoast-schema-graph\">{\"@context\":\"https:\\\/\\\/schema.org\",\"@graph\":[{\"@type\":\"WebPage\",\"@id\":\"https:\\\/\\\/carnavaldemiguelturra.es\\\/en\\\/photography-contest-2014\\\/\",\"url\":\"https:\\\/\\\/carnavaldemiguelturra.es\\\/en\\\/photography-contest-2014\\\/\",\"name\":\"Photography Contest 2014 | Carnival of Miguelturra\",\"isPartOf\":{\"@id\":\"https:\\\/\\\/carnavaldemiguelturra.es\\\/en\\\/#website\"},\"primaryImageOfPage\":{\"@id\":\"https:\\\/\\\/carnavaldemiguelturra.es\\\/en\\\/photography-contest-2014\\\/#primaryimage\"},\"image\":{\"@id\":\"https:\\\/\\\/carnavaldemiguelturra.es\\\/en\\\/photography-contest-2014\\\/#primaryimage\"},\"thumbnailUrl\":\"https:\\\/\\\/carnavaldemiguelturra.es\\\/wp-content\\\/uploads\\\/2017\\\/07\\\/carnaval-miguelturra-1-premio-fotografia-2014.jpg\",\"datePublished\":\"2017-07-06T17:15:59+00:00\",\"dateModified\":\"2022-04-22T10:17:17+00:00\",\"description\":\"Ruth Pl\u00e1ate, winner of the XVI Contest of photography of then Miguelturra Carnivals 2014, with \\\"Ant and CIA\\\".\",\"breadcrumb\":{\"@id\":\"https:\\\/\\\/carnavaldemiguelturra.es\\\/en\\\/photography-contest-2014\\\/#breadcrumb\"},\"inLanguage\":\"en-US\",\"potentialAction\":[{\"@type\":\"ReadAction\",\"target\":[\"https:\\\/\\\/carnavaldemiguelturra.es\\\/en\\\/photography-contest-2014\\\/\"]}]},{\"@type\":\"ImageObject\",\"inLanguage\":\"en-US\",\"@id\":\"https:\\\/\\\/carnavaldemiguelturra.es\\\/en\\\/photography-contest-2014\\\/#primaryimage\",\"url\":\"https:\\\/\\\/carnavaldemiguelturra.es\\\/wp-content\\\/uploads\\\/2017\\\/07\\\/carnaval-miguelturra-1-premio-fotografia-2014.jpg\",\"contentUrl\":\"https:\\\/\\\/carnavaldemiguelturra.es\\\/wp-content\\\/uploads\\\/2017\\\/07\\\/carnaval-miguelturra-1-premio-fotografia-2014.jpg\",\"width\":800,\"height\":541,\"caption\":\"carnival-miguelturra-1-prize-photography 2014\"},{\"@type\":\"BreadcrumbList\",\"@id\":\"https:\\\/\\\/carnavaldemiguelturra.es\\\/en\\\/photography-contest-2014\\\/#breadcrumb\",\"itemListElement\":[{\"@type\":\"ListItem\",\"position\":1,\"name\":\"Cover\",\"item\":\"https:\\\/\\\/carnavaldemiguelturra.es\\\/en\\\/inicio\\\/\"},{\"@type\":\"ListItem\",\"position\":2,\"name\":\"Photography Contest 2014\"}]},{\"@type\":\"WebSite\",\"@id\":\"https:\\\/\\\/carnavaldemiguelturra.es\\\/en\\\/#website\",\"url\":\"https:\\\/\\\/carnavaldemiguelturra.es\\\/en\\\/\",\"name\":\"Carnaval de Miguelturra\",\"description\":\"History of Miguelturra Carnival\",\"publisher\":{\"@id\":\"https:\\\/\\\/carnavaldemiguelturra.es\\\/en\\\/#organization\"},\"potentialAction\":[{\"@type\":\"SearchAction\",\"target\":{\"@type\":\"EntryPoint\",\"urlTemplate\":\"https:\\\/\\\/carnavaldemiguelturra.es\\\/en\\\/?s={search_term_string}\"},\"query-input\":{\"@type\":\"PropertyValueSpecification\",\"valueRequired\":true,\"valueName\":\"search_term_string\"}}],\"inLanguage\":\"en-US\"},{\"@type\":\"Organization\",\"@id\":\"https:\\\/\\\/carnavaldemiguelturra.es\\\/en\\\/#organization\",\"name\":\"carnivaldemiguelturra.es Association\",\"url\":\"https:\\\/\\\/carnavaldemiguelturra.es\\\/en\\\/\",\"logo\":{\"@type\":\"ImageObject\",\"inLanguage\":\"en-US\",\"@id\":\"https:\\\/\\\/carnavaldemiguelturra.es\\\/en\\\/#\\\/schema\\\/logo\\\/image\\\/\",\"url\":\"https:\\\/\\\/carnavaldemiguelturra.es\\\/wp-content\\\/uploads\\\/2018\\\/08\\\/logo-grande.jpg\",\"contentUrl\":\"https:\\\/\\\/carnavaldemiguelturra.es\\\/wp-content\\\/uploads\\\/2018\\\/08\\\/logo-grande.jpg\",\"width\":800,\"height\":600,\"caption\":\"carnivaldemiguelturra.es Association\"},\"image\":{\"@id\":\"https:\\\/\\\/carnavaldemiguelturra.es\\\/en\\\/#\\\/schema\\\/logo\\\/image\\\/\"},\"sameAs\":[\"https:\\\/\\\/www.facebook.com\\\/carnavaldemiguelturra\\\/\",\"https:\\\/\\\/www.instagram.com\\\/carnavaldemiguelturra\\\/\"]}]}<\/script>\n<!-- \/ Yoast SEO plugin. -->","yoast_head_json":{"title":"Photography Contest 2014 | Carnival of Miguelturra","description":"Ruth Pl\u00e1ate, winner of the XVI Contest of photography of then Miguelturra Carnivals 2014, with \"Ant and CIA\".","robots":{"index":"index","follow":"follow","max-snippet":"max-snippet:-1","max-image-preview":"max-image-preview:large","max-video-preview":"max-video-preview:-1"},"canonical":"https:\/\/carnavaldemiguelturra.es\/en\/photography-contest-2014\/","og_locale":"en_US","og_type":"article","og_title":"Photography Contest 2014 | Carnival of Miguelturra","og_description":"Ruth Pl\u00e1ate, winner of the XVI Contest of photography of then Miguelturra Carnivals 2014, with \"Ant and CIA\".","og_url":"https:\/\/carnavaldemiguelturra.es\/en\/photography-contest-2014\/","og_site_name":"Carnival of Miguelturra","article_publisher":"https:\/\/www.facebook.com\/carnavaldemiguelturra\/","article_modified_time":"2022-04-22T10:17:17+00:00","og_image":[{"width":800,"height":541,"url":"https:\/\/carnavaldemiguelturra.es\/wp-content\/uploads\/2017\/07\/carnaval-miguelturra-1-premio-fotografia-2014.jpg","type":"image\/jpeg"}],"twitter_card":"summary_large_image","twitter_misc":{"Est. reading time":"2 minutes"},"schema":{"@context":"https:\/\/schema.org","@graph":[{"@type":"WebPage","@id":"https:\/\/carnavaldemiguelturra.es\/en\/photography-contest-2014\/","url":"https:\/\/carnavaldemiguelturra.es\/en\/photography-contest-2014\/","name":"Photography Contest 2014 | Carnival of Miguelturra","isPartOf":{"@id":"https:\/\/carnavaldemiguelturra.es\/en\/#website"},"primaryImageOfPage":{"@id":"https:\/\/carnavaldemiguelturra.es\/en\/photography-contest-2014\/#primaryimage"},"image":{"@id":"https:\/\/carnavaldemiguelturra.es\/en\/photography-contest-2014\/#primaryimage"},"thumbnailUrl":"https:\/\/carnavaldemiguelturra.es\/wp-content\/uploads\/2017\/07\/carnaval-miguelturra-1-premio-fotografia-2014.jpg","datePublished":"2017-07-06T17:15:59+00:00","dateModified":"2022-04-22T10:17:17+00:00","description":"Ruth Pl\u00e1ate, winner of the XVI Contest of photography of then Miguelturra Carnivals 2014, with \"Ant and CIA\".","breadcrumb":{"@id":"https:\/\/carnavaldemiguelturra.es\/en\/photography-contest-2014\/#breadcrumb"},"inLanguage":"en-US","potentialAction":[{"@type":"ReadAction","target":["https:\/\/carnavaldemiguelturra.es\/en\/photography-contest-2014\/"]}]},{"@type":"ImageObject","inLanguage":"en-US","@id":"https:\/\/carnavaldemiguelturra.es\/en\/photography-contest-2014\/#primaryimage","url":"https:\/\/carnavaldemiguelturra.es\/wp-content\/uploads\/2017\/07\/carnaval-miguelturra-1-premio-fotografia-2014.jpg","contentUrl":"https:\/\/carnavaldemiguelturra.es\/wp-content\/uploads\/2017\/07\/carnaval-miguelturra-1-premio-fotografia-2014.jpg","width":800,"height":541,"caption":"carnival-miguelturra-1-prize-photography 2014"},{"@type":"BreadcrumbList","@id":"https:\/\/carnavaldemiguelturra.es\/en\/photography-contest-2014\/#breadcrumb","itemListElement":[{"@type":"ListItem","position":1,"name":"Cover","item":"https:\/\/carnavaldemiguelturra.es\/en\/inicio\/"},{"@type":"ListItem","position":2,"name":"Photography Contest 2014"}]},{"@type":"WebSite","@id":"https:\/\/carnavaldemiguelturra.es\/en\/#website","url":"https:\/\/carnavaldemiguelturra.es\/en\/","name":"Carnaval de Miguelturra","description":"History of Miguelturra Carnival","publisher":{"@id":"https:\/\/carnavaldemiguelturra.es\/en\/#organization"},"potentialAction":[{"@type":"SearchAction","target":{"@type":"EntryPoint","urlTemplate":"https:\/\/carnavaldemiguelturra.es\/en\/?s={search_term_string}"},"query-input":{"@type":"PropertyValueSpecification","valueRequired":true,"valueName":"search_term_string"}}],"inLanguage":"en-US"},{"@type":"Organization","@id":"https:\/\/carnavaldemiguelturra.es\/en\/#organization","name":"carnivaldemiguelturra.es Association","url":"https:\/\/carnavaldemiguelturra.es\/en\/","logo":{"@type":"ImageObject","inLanguage":"en-US","@id":"https:\/\/carnavaldemiguelturra.es\/en\/#\/schema\/logo\/image\/","url":"https:\/\/carnavaldemiguelturra.es\/wp-content\/uploads\/2018\/08\/logo-grande.jpg","contentUrl":"https:\/\/carnavaldemiguelturra.es\/wp-content\/uploads\/2018\/08\/logo-grande.jpg","width":800,"height":600,"caption":"carnivaldemiguelturra.es Association"},"image":{"@id":"https:\/\/carnavaldemiguelturra.es\/en\/#\/schema\/logo\/image\/"},"sameAs":["https:\/\/www.facebook.com\/carnavaldemiguelturra\/","https:\/\/www.instagram.com\/carnavaldemiguelturra\/"]}]}},"_links":{"self":[{"href":"https:\/\/carnavaldemiguelturra.es\/en\/wp-json\/wp\/v2\/pages\/24932","targetHints":{"allow":["GET"]}}],"collection":[{"href":"https:\/\/carnavaldemiguelturra.es\/en\/wp-json\/wp\/v2\/pages"}],"about":[{"href":"https:\/\/carnavaldemiguelturra.es\/en\/wp-json\/wp\/v2\/types\/page"}],"author":[{"embeddable":true,"href":"https:\/\/carnavaldemiguelturra.es\/en\/wp-json\/wp\/v2\/users\/2"}],"replies":[{"embeddable":true,"href":"https:\/\/carnavaldemiguelturra.es\/en\/wp-json\/wp\/v2\/comments?post=24932"}],"version-history":[{"count":0,"href":"https:\/\/carnavaldemiguelturra.es\/en\/wp-json\/wp\/v2\/pages\/24932\/revisions"}],"wp:featuredmedia":[{"embeddable":true,"href":"https:\/\/carnavaldemiguelturra.es\/en\/wp-json\/wp\/v2\/media\/24302"}],"wp:attachment":[{"href":"https:\/\/carnavaldemiguelturra.es\/en\/wp-json\/wp\/v2\/media?parent=24932"}],"curies":[{"name":"wp","href":"https:\/\/api.w.org\/{rel}","templated":true}]}}