{"id":24946,"date":"2017-07-06T19:37:26","date_gmt":"2017-07-06T17:37:26","guid":{"rendered":"https:\/\/carnavaldemiguelturra.es\/photography-contest-2013\/"},"modified":"2022-04-22T12:17:17","modified_gmt":"2022-04-22T10:17:17","slug":"photography-contest-2013","status":"publish","type":"page","link":"https:\/\/carnavaldemiguelturra.es\/en\/photography-contest-2013\/","title":{"rendered":"Photography Contest 2013"},"content":{"rendered":"<section  class='av_textblock_section av-51rj42w-b9299cfbcea37b007b8118c170999cae '   itemscope=\"itemscope\" itemtype=\"https:\/\/schema.org\/CreativeWork\" ><div class='avia_textblock'  itemprop=\"text\" ><h1 style=\"text-align: center;\">XV PHOTOGRAPHY CONTEST. CARNIVALS 2013<\/h1>\n<\/div><\/section>\n\n<style type=\"text\/css\" data-created_by=\"avia_inline_auto\" id=\"style-css-av-4g5skjs-132a994cfdf38202eeaac159356261fe\">\n.flex_column.av-4g5skjs-132a994cfdf38202eeaac159356261fe{\nborder-radius:0px 0px 0px 0px;\npadding:0px 0px 0px 0px;\n}\n<\/style>\n<div  class='flex_column av-4g5skjs-132a994cfdf38202eeaac159356261fe av_one_full  avia-builder-el-1  el_after_av_textblock  el_before_av_one_full  first flex_column_div av-zero-column-padding  column-top-margin'     ><section  class='av_textblock_section av-41y4n9k-dc9720277052b63adff276ec2804c293 '   itemscope=\"itemscope\" itemtype=\"https:\/\/schema.org\/CreativeWork\" ><div class='avia_textblock'  itemprop=\"text\" ><h3 style=\"text-align: center;\"><span style=\"color: #000080;\"><em>First prize. 300 Euros<\/em><\/span><\/h3>\n<p style=\"font-size: 16px; text-align: center;\"><em>&#8220;Carnival of the circus&#8221;<br \/>\n<\/em><b>Mill\u00e1n G\u00f3mez Jim\u00e9nez<\/b><\/p>\n<\/div><\/section><br \/>\n\n<style type=\"text\/css\" data-created_by=\"avia_inline_auto\" id=\"style-css-av-3gxxzu0-bf188e90ef8b6e2ed57e3d8f4d9f91f6\">\n.avia-image-container.av-3gxxzu0-bf188e90ef8b6e2ed57e3d8f4d9f91f6 img.avia_image{\nbox-shadow:none;\n}\n.avia-image-container.av-3gxxzu0-bf188e90ef8b6e2ed57e3d8f4d9f91f6 .av-image-caption-overlay-center{\ncolor:#ffffff;\n}\n<\/style>\n<div  class='avia-image-container av-3gxxzu0-bf188e90ef8b6e2ed57e3d8f4d9f91f6 av-styling- av-img-linked avia-align-center  avia-builder-el-3  el_after_av_textblock  avia-builder-el-last '   itemprop=\"image\" itemscope=\"itemscope\" itemtype=\"https:\/\/schema.org\/ImageObject\" ><div class=\"avia-image-container-inner\"><div class=\"avia-image-overlay-wrap\"><a href=\"https:\/\/carnavaldemiguelturra.es\/wp-content\/uploads\/2017\/07\/carnaval-miguelturra-1-premio-fotografia-2013.jpg\" class='avia_image '  aria-label='Photography Contest 2013. 1st Prize, &quot;Carnival of the circus&quot; by Mill\u00e1n G\u00f3mez Jim\u00e9nez'><img decoding=\"async\" fetchpriority=\"high\" class='wp-image-24305 avia-img-lazy-loading-not-24305 avia_image ' src=\"https:\/\/carnavaldemiguelturra.es\/wp-content\/uploads\/2017\/07\/carnaval-miguelturra-1-premio-fotografia-2013.jpg\" alt='carnival-miguelturra-1-prize-photography 2013' title='Photography Contest 2013. 1st Prize, &quot;Carnival of the circus&quot; by Mill\u00e1n G\u00f3mez Jim\u00e9nez'  height=\"800\" width=\"566\"  itemprop=\"thumbnailUrl\"  \/><\/a><\/div><\/div><\/div><\/p><\/div>\n<style type=\"text\/css\" data-created_by=\"avia_inline_auto\" id=\"style-css-av-31bbd60-ebce1dd43f7479b5a93ae5a49ac6bc8b\">\n.flex_column.av-31bbd60-ebce1dd43f7479b5a93ae5a49ac6bc8b{\nborder-radius:0px 0px 0px 0px;\npadding:0px 0px 0px 0px;\n}\n<\/style>\n<div  class='flex_column av-31bbd60-ebce1dd43f7479b5a93ae5a49ac6bc8b av_one_full  avia-builder-el-4  el_after_av_one_full  el_before_av_one_full  first flex_column_div av-zero-column-padding  column-top-margin'     ><section  class='av_textblock_section av-2h9azuw-3646bf9c63c8c4783e34f063596b6359 '   itemscope=\"itemscope\" itemtype=\"https:\/\/schema.org\/CreativeWork\" ><div class='avia_textblock'  itemprop=\"text\" ><h3 style=\"text-align: center;\"><em style=\"color: #000080;\">Second prize. 200 Euros<\/em><\/h3>\n<p style=\"text-align: center; font-size: 16px;\"><em>&#8220;Carnival blood&#8221;<br \/>\n<\/em><strong>Marta Mora Ru\u00edz<\/strong><\/p>\n<\/div><\/section><br \/>\n\n<style type=\"text\/css\" data-created_by=\"avia_inline_auto\" id=\"style-css-av-1zr1ivc-c39c04c5afcc43d67b69d2ce0916beac\">\n.avia-image-container.av-1zr1ivc-c39c04c5afcc43d67b69d2ce0916beac img.avia_image{\nbox-shadow:none;\n}\n.avia-image-container.av-1zr1ivc-c39c04c5afcc43d67b69d2ce0916beac .av-image-caption-overlay-center{\ncolor:#ffffff;\n}\n<\/style>\n<div  class='avia-image-container av-1zr1ivc-c39c04c5afcc43d67b69d2ce0916beac av-styling- av-img-linked avia-align-center  avia-builder-el-6  el_after_av_textblock  avia-builder-el-last '   itemprop=\"image\" itemscope=\"itemscope\" itemtype=\"https:\/\/schema.org\/ImageObject\" ><div class=\"avia-image-container-inner\"><div class=\"avia-image-overlay-wrap\"><a href=\"https:\/\/carnavaldemiguelturra.es\/wp-content\/uploads\/2017\/07\/carnaval-miguelturra-2-premio-fotografia-2013.jpg\" class='avia_image '  aria-label='Photography Contest 2013. 2nd Prize, &quot;Carnival Blood&quot; by Marta Mora Ru\u00edz'><img decoding=\"async\" fetchpriority=\"high\" class='wp-image-24306 avia-img-lazy-loading-not-24306 avia_image ' src=\"https:\/\/carnavaldemiguelturra.es\/wp-content\/uploads\/2017\/07\/carnaval-miguelturra-2-premio-fotografia-2013.jpg\" alt='carnival-miguelturra-2-prize-photography 2013' title='Photography Contest 2013. 2nd Prize, &quot;Carnival Blood&quot; by Marta Mora Ru\u00edz'  height=\"800\" width=\"524\"  itemprop=\"thumbnailUrl\"  \/><\/a><\/div><\/div><\/div><\/p><\/div>\n<style type=\"text\/css\" data-created_by=\"avia_inline_auto\" id=\"style-css-av-1h8n1go-7668feea9bdb14a381b29aa602857b56\">\n.flex_column.av-1h8n1go-7668feea9bdb14a381b29aa602857b56{\nborder-radius:0px 0px 0px 0px;\npadding:0px 0px 0px 0px;\n}\n<\/style>\n<div  class='flex_column av-1h8n1go-7668feea9bdb14a381b29aa602857b56 av_one_full  avia-builder-el-7  el_after_av_one_full  avia-builder-el-last  first flex_column_div av-zero-column-padding  column-top-margin'     ><section  class='av_textblock_section av-10zg2yw-538951ac3b659c5f4642ad033d9cc545 '   itemscope=\"itemscope\" itemtype=\"https:\/\/schema.org\/CreativeWork\" ><div class='avia_textblock'  itemprop=\"text\" ><h3 style=\"text-align: center;\"><span style=\"color: #000080;\"><em>Third prize. 100 Euros<\/em><\/span><\/h3>\n<p style=\"text-align: center; font-size: 16px;\"><em>&#8220;Cheerful mourning&#8221;<br \/>\n<\/em><b>Carlos D\u00edaz-Pinto Navarro<\/b><\/p>\n<\/div><\/section><br \/>\n\n<style type=\"text\/css\" data-created_by=\"avia_inline_auto\" id=\"style-css-av-tw39m0-c6d55f825f78035585f9c40b789a7cd1\">\n.avia-image-container.av-tw39m0-c6d55f825f78035585f9c40b789a7cd1 img.avia_image{\nbox-shadow:none;\n}\n.avia-image-container.av-tw39m0-c6d55f825f78035585f9c40b789a7cd1 .av-image-caption-overlay-center{\ncolor:#ffffff;\n}\n<\/style>\n<div  class='avia-image-container av-tw39m0-c6d55f825f78035585f9c40b789a7cd1 av-styling- av-img-linked avia-align-center  avia-builder-el-9  el_after_av_textblock  avia-builder-el-last '   itemprop=\"image\" itemscope=\"itemscope\" itemtype=\"https:\/\/schema.org\/ImageObject\" ><div class=\"avia-image-container-inner\"><div class=\"avia-image-overlay-wrap\"><a href=\"https:\/\/carnavaldemiguelturra.es\/wp-content\/uploads\/2017\/07\/carnaval-miguelturra-3-premio-fotografia-2013.jpg\" class='avia_image '  aria-label='Photography Contest 2013. 3rd Prize, &quot;Alegre muto&quot; by Carlos D\u00edaz-Pinto Navarro'><img decoding=\"async\" fetchpriority=\"high\" class='wp-image-24307 avia-img-lazy-loading-not-24307 avia_image ' src=\"https:\/\/carnavaldemiguelturra.es\/wp-content\/uploads\/2017\/07\/carnaval-miguelturra-3-premio-fotografia-2013.jpg\" alt='carnival-miguelturra-3-prize-photography 2013' title='Photography Contest 2013. 3rd Prize, &quot;Alegre muto&quot; by Carlos D\u00edaz-Pinto Navarro'  height=\"800\" width=\"546\"  itemprop=\"thumbnailUrl\"  \/><\/a><\/div><\/div><\/div><\/p><\/div><\/p>\n","protected":false},"excerpt":{"rendered":"","protected":false},"author":2,"featured_media":24305,"parent":0,"menu_order":17,"comment_status":"closed","ping_status":"closed","template":"","meta":{"ngg_post_thumbnail":0,"footnotes":""},"class_list":["post-24946","page","type-page","status-publish","has-post-thumbnail","hentry"],"yoast_head":"<!-- This site is optimized with the Yoast SEO plugin v27.3 - https:\/\/yoast.com\/product\/yoast-seo-wordpress\/ -->\n<title>Photography Contest 2013 | Carnival of Miguelturra<\/title>\n<meta name=\"description\" content=\"Mill\u00e1n G\u00f3mez Jim\u00e9nez, winner of the XV Contest of photography of the Carnivals of Miguelturra 2013, with &quot;Carnival of the circus&quot;.\" \/>\n<meta name=\"robots\" content=\"index, follow, max-snippet:-1, max-image-preview:large, max-video-preview:-1\" \/>\n<link rel=\"canonical\" href=\"https:\/\/carnavaldemiguelturra.es\/en\/photography-contest-2013\/\" \/>\n<meta property=\"og:locale\" content=\"en_US\" \/>\n<meta property=\"og:type\" content=\"article\" \/>\n<meta property=\"og:title\" content=\"Photography Contest 2013 | Carnival of Miguelturra\" \/>\n<meta property=\"og:description\" content=\"Mill\u00e1n G\u00f3mez Jim\u00e9nez, winner of the XV Contest of photography of the Carnivals of Miguelturra 2013, with &quot;Carnival of the circus&quot;.\" \/>\n<meta property=\"og:url\" content=\"https:\/\/carnavaldemiguelturra.es\/en\/photography-contest-2013\/\" \/>\n<meta property=\"og:site_name\" content=\"Carnival of Miguelturra\" \/>\n<meta property=\"article:publisher\" content=\"https:\/\/www.facebook.com\/carnavaldemiguelturra\/\" \/>\n<meta property=\"article:modified_time\" content=\"2022-04-22T10:17:17+00:00\" \/>\n<meta property=\"og:image\" content=\"https:\/\/carnavaldemiguelturra.es\/wp-content\/uploads\/2017\/07\/carnaval-miguelturra-1-premio-fotografia-2013.jpg\" \/>\n\t<meta property=\"og:image:width\" content=\"566\" \/>\n\t<meta property=\"og:image:height\" content=\"800\" \/>\n\t<meta property=\"og:image:type\" content=\"image\/jpeg\" \/>\n<meta name=\"twitter:card\" content=\"summary_large_image\" \/>\n<meta name=\"twitter:label1\" content=\"Est. reading time\" \/>\n\t<meta name=\"twitter:data1\" content=\"3 minutes\" \/>\n<script type=\"application\/ld+json\" class=\"yoast-schema-graph\">{\"@context\":\"https:\\\/\\\/schema.org\",\"@graph\":[{\"@type\":\"WebPage\",\"@id\":\"https:\\\/\\\/carnavaldemiguelturra.es\\\/en\\\/photography-contest-2013\\\/\",\"url\":\"https:\\\/\\\/carnavaldemiguelturra.es\\\/en\\\/photography-contest-2013\\\/\",\"name\":\"Photography Contest 2013 | Carnival of Miguelturra\",\"isPartOf\":{\"@id\":\"https:\\\/\\\/carnavaldemiguelturra.es\\\/en\\\/#website\"},\"primaryImageOfPage\":{\"@id\":\"https:\\\/\\\/carnavaldemiguelturra.es\\\/en\\\/photography-contest-2013\\\/#primaryimage\"},\"image\":{\"@id\":\"https:\\\/\\\/carnavaldemiguelturra.es\\\/en\\\/photography-contest-2013\\\/#primaryimage\"},\"thumbnailUrl\":\"https:\\\/\\\/carnavaldemiguelturra.es\\\/wp-content\\\/uploads\\\/2017\\\/07\\\/carnaval-miguelturra-1-premio-fotografia-2013.jpg\",\"datePublished\":\"2017-07-06T17:37:26+00:00\",\"dateModified\":\"2022-04-22T10:17:17+00:00\",\"description\":\"Mill\u00e1n G\u00f3mez Jim\u00e9nez, winner of the XV Contest of photography of the Carnivals of Miguelturra 2013, with \\\"Carnival of the circus\\\".\",\"breadcrumb\":{\"@id\":\"https:\\\/\\\/carnavaldemiguelturra.es\\\/en\\\/photography-contest-2013\\\/#breadcrumb\"},\"inLanguage\":\"en-US\",\"potentialAction\":[{\"@type\":\"ReadAction\",\"target\":[\"https:\\\/\\\/carnavaldemiguelturra.es\\\/en\\\/photography-contest-2013\\\/\"]}]},{\"@type\":\"ImageObject\",\"inLanguage\":\"en-US\",\"@id\":\"https:\\\/\\\/carnavaldemiguelturra.es\\\/en\\\/photography-contest-2013\\\/#primaryimage\",\"url\":\"https:\\\/\\\/carnavaldemiguelturra.es\\\/wp-content\\\/uploads\\\/2017\\\/07\\\/carnaval-miguelturra-1-premio-fotografia-2013.jpg\",\"contentUrl\":\"https:\\\/\\\/carnavaldemiguelturra.es\\\/wp-content\\\/uploads\\\/2017\\\/07\\\/carnaval-miguelturra-1-premio-fotografia-2013.jpg\",\"width\":566,\"height\":800,\"caption\":\"carnival-miguelturra-1-prize-photography 2013\"},{\"@type\":\"BreadcrumbList\",\"@id\":\"https:\\\/\\\/carnavaldemiguelturra.es\\\/en\\\/photography-contest-2013\\\/#breadcrumb\",\"itemListElement\":[{\"@type\":\"ListItem\",\"position\":1,\"name\":\"Cover\",\"item\":\"https:\\\/\\\/carnavaldemiguelturra.es\\\/en\\\/inicio\\\/\"},{\"@type\":\"ListItem\",\"position\":2,\"name\":\"Photography Contest 2013\"}]},{\"@type\":\"WebSite\",\"@id\":\"https:\\\/\\\/carnavaldemiguelturra.es\\\/en\\\/#website\",\"url\":\"https:\\\/\\\/carnavaldemiguelturra.es\\\/en\\\/\",\"name\":\"Carnaval de Miguelturra\",\"description\":\"History of Miguelturra Carnival\",\"publisher\":{\"@id\":\"https:\\\/\\\/carnavaldemiguelturra.es\\\/en\\\/#organization\"},\"potentialAction\":[{\"@type\":\"SearchAction\",\"target\":{\"@type\":\"EntryPoint\",\"urlTemplate\":\"https:\\\/\\\/carnavaldemiguelturra.es\\\/en\\\/?s={search_term_string}\"},\"query-input\":{\"@type\":\"PropertyValueSpecification\",\"valueRequired\":true,\"valueName\":\"search_term_string\"}}],\"inLanguage\":\"en-US\"},{\"@type\":\"Organization\",\"@id\":\"https:\\\/\\\/carnavaldemiguelturra.es\\\/en\\\/#organization\",\"name\":\"carnivaldemiguelturra.es Association\",\"url\":\"https:\\\/\\\/carnavaldemiguelturra.es\\\/en\\\/\",\"logo\":{\"@type\":\"ImageObject\",\"inLanguage\":\"en-US\",\"@id\":\"https:\\\/\\\/carnavaldemiguelturra.es\\\/en\\\/#\\\/schema\\\/logo\\\/image\\\/\",\"url\":\"https:\\\/\\\/carnavaldemiguelturra.es\\\/wp-content\\\/uploads\\\/2018\\\/08\\\/logo-grande.jpg\",\"contentUrl\":\"https:\\\/\\\/carnavaldemiguelturra.es\\\/wp-content\\\/uploads\\\/2018\\\/08\\\/logo-grande.jpg\",\"width\":800,\"height\":600,\"caption\":\"carnivaldemiguelturra.es Association\"},\"image\":{\"@id\":\"https:\\\/\\\/carnavaldemiguelturra.es\\\/en\\\/#\\\/schema\\\/logo\\\/image\\\/\"},\"sameAs\":[\"https:\\\/\\\/www.facebook.com\\\/carnavaldemiguelturra\\\/\",\"https:\\\/\\\/www.instagram.com\\\/carnavaldemiguelturra\\\/\"]}]}<\/script>\n<!-- \/ Yoast SEO plugin. -->","yoast_head_json":{"title":"Photography Contest 2013 | Carnival of Miguelturra","description":"Mill\u00e1n G\u00f3mez Jim\u00e9nez, winner of the XV Contest of photography of the Carnivals of Miguelturra 2013, with \"Carnival of the circus\".","robots":{"index":"index","follow":"follow","max-snippet":"max-snippet:-1","max-image-preview":"max-image-preview:large","max-video-preview":"max-video-preview:-1"},"canonical":"https:\/\/carnavaldemiguelturra.es\/en\/photography-contest-2013\/","og_locale":"en_US","og_type":"article","og_title":"Photography Contest 2013 | Carnival of Miguelturra","og_description":"Mill\u00e1n G\u00f3mez Jim\u00e9nez, winner of the XV Contest of photography of the Carnivals of Miguelturra 2013, with \"Carnival of the circus\".","og_url":"https:\/\/carnavaldemiguelturra.es\/en\/photography-contest-2013\/","og_site_name":"Carnival of Miguelturra","article_publisher":"https:\/\/www.facebook.com\/carnavaldemiguelturra\/","article_modified_time":"2022-04-22T10:17:17+00:00","og_image":[{"width":566,"height":800,"url":"https:\/\/carnavaldemiguelturra.es\/wp-content\/uploads\/2017\/07\/carnaval-miguelturra-1-premio-fotografia-2013.jpg","type":"image\/jpeg"}],"twitter_card":"summary_large_image","twitter_misc":{"Est. reading time":"3 minutes"},"schema":{"@context":"https:\/\/schema.org","@graph":[{"@type":"WebPage","@id":"https:\/\/carnavaldemiguelturra.es\/en\/photography-contest-2013\/","url":"https:\/\/carnavaldemiguelturra.es\/en\/photography-contest-2013\/","name":"Photography Contest 2013 | Carnival of Miguelturra","isPartOf":{"@id":"https:\/\/carnavaldemiguelturra.es\/en\/#website"},"primaryImageOfPage":{"@id":"https:\/\/carnavaldemiguelturra.es\/en\/photography-contest-2013\/#primaryimage"},"image":{"@id":"https:\/\/carnavaldemiguelturra.es\/en\/photography-contest-2013\/#primaryimage"},"thumbnailUrl":"https:\/\/carnavaldemiguelturra.es\/wp-content\/uploads\/2017\/07\/carnaval-miguelturra-1-premio-fotografia-2013.jpg","datePublished":"2017-07-06T17:37:26+00:00","dateModified":"2022-04-22T10:17:17+00:00","description":"Mill\u00e1n G\u00f3mez Jim\u00e9nez, winner of the XV Contest of photography of the Carnivals of Miguelturra 2013, with \"Carnival of the circus\".","breadcrumb":{"@id":"https:\/\/carnavaldemiguelturra.es\/en\/photography-contest-2013\/#breadcrumb"},"inLanguage":"en-US","potentialAction":[{"@type":"ReadAction","target":["https:\/\/carnavaldemiguelturra.es\/en\/photography-contest-2013\/"]}]},{"@type":"ImageObject","inLanguage":"en-US","@id":"https:\/\/carnavaldemiguelturra.es\/en\/photography-contest-2013\/#primaryimage","url":"https:\/\/carnavaldemiguelturra.es\/wp-content\/uploads\/2017\/07\/carnaval-miguelturra-1-premio-fotografia-2013.jpg","contentUrl":"https:\/\/carnavaldemiguelturra.es\/wp-content\/uploads\/2017\/07\/carnaval-miguelturra-1-premio-fotografia-2013.jpg","width":566,"height":800,"caption":"carnival-miguelturra-1-prize-photography 2013"},{"@type":"BreadcrumbList","@id":"https:\/\/carnavaldemiguelturra.es\/en\/photography-contest-2013\/#breadcrumb","itemListElement":[{"@type":"ListItem","position":1,"name":"Cover","item":"https:\/\/carnavaldemiguelturra.es\/en\/inicio\/"},{"@type":"ListItem","position":2,"name":"Photography Contest 2013"}]},{"@type":"WebSite","@id":"https:\/\/carnavaldemiguelturra.es\/en\/#website","url":"https:\/\/carnavaldemiguelturra.es\/en\/","name":"Carnaval de Miguelturra","description":"History of Miguelturra Carnival","publisher":{"@id":"https:\/\/carnavaldemiguelturra.es\/en\/#organization"},"potentialAction":[{"@type":"SearchAction","target":{"@type":"EntryPoint","urlTemplate":"https:\/\/carnavaldemiguelturra.es\/en\/?s={search_term_string}"},"query-input":{"@type":"PropertyValueSpecification","valueRequired":true,"valueName":"search_term_string"}}],"inLanguage":"en-US"},{"@type":"Organization","@id":"https:\/\/carnavaldemiguelturra.es\/en\/#organization","name":"carnivaldemiguelturra.es Association","url":"https:\/\/carnavaldemiguelturra.es\/en\/","logo":{"@type":"ImageObject","inLanguage":"en-US","@id":"https:\/\/carnavaldemiguelturra.es\/en\/#\/schema\/logo\/image\/","url":"https:\/\/carnavaldemiguelturra.es\/wp-content\/uploads\/2018\/08\/logo-grande.jpg","contentUrl":"https:\/\/carnavaldemiguelturra.es\/wp-content\/uploads\/2018\/08\/logo-grande.jpg","width":800,"height":600,"caption":"carnivaldemiguelturra.es Association"},"image":{"@id":"https:\/\/carnavaldemiguelturra.es\/en\/#\/schema\/logo\/image\/"},"sameAs":["https:\/\/www.facebook.com\/carnavaldemiguelturra\/","https:\/\/www.instagram.com\/carnavaldemiguelturra\/"]}]}},"_links":{"self":[{"href":"https:\/\/carnavaldemiguelturra.es\/en\/wp-json\/wp\/v2\/pages\/24946","targetHints":{"allow":["GET"]}}],"collection":[{"href":"https:\/\/carnavaldemiguelturra.es\/en\/wp-json\/wp\/v2\/pages"}],"about":[{"href":"https:\/\/carnavaldemiguelturra.es\/en\/wp-json\/wp\/v2\/types\/page"}],"author":[{"embeddable":true,"href":"https:\/\/carnavaldemiguelturra.es\/en\/wp-json\/wp\/v2\/users\/2"}],"replies":[{"embeddable":true,"href":"https:\/\/carnavaldemiguelturra.es\/en\/wp-json\/wp\/v2\/comments?post=24946"}],"version-history":[{"count":0,"href":"https:\/\/carnavaldemiguelturra.es\/en\/wp-json\/wp\/v2\/pages\/24946\/revisions"}],"wp:featuredmedia":[{"embeddable":true,"href":"https:\/\/carnavaldemiguelturra.es\/en\/wp-json\/wp\/v2\/media\/24305"}],"wp:attachment":[{"href":"https:\/\/carnavaldemiguelturra.es\/en\/wp-json\/wp\/v2\/media?parent=24946"}],"curies":[{"name":"wp","href":"https:\/\/api.w.org\/{rel}","templated":true}]}}