{"id":24960,"date":"2017-07-07T19:43:31","date_gmt":"2017-07-07T17:43:31","guid":{"rendered":"https:\/\/carnavaldemiguelturra.es\/photography-contest-2012\/"},"modified":"2022-04-22T12:17:17","modified_gmt":"2022-04-22T10:17:17","slug":"photography-contest-2012","status":"publish","type":"page","link":"https:\/\/carnavaldemiguelturra.es\/en\/photography-contest-2012\/","title":{"rendered":"Photography Contest 2012"},"content":{"rendered":"<section  class='av_textblock_section av-4rl4yeo-b894ceca160791231886a37068809b2d '   itemscope=\"itemscope\" itemtype=\"https:\/\/schema.org\/CreativeWork\" ><div class='avia_textblock'  itemprop=\"text\" ><h1 style=\"text-align: center;\">XIV PHOTOGRAPHY CONTEST. CARNIVALS 2012<\/h1>\n<\/div><\/section>\n\n<style type=\"text\/css\" data-created_by=\"avia_inline_auto\" id=\"style-css-av-4fblw6o-515f98779b31756e8dd174ec0beee480\">\n.flex_column.av-4fblw6o-515f98779b31756e8dd174ec0beee480{\nborder-radius:0px 0px 0px 0px;\npadding:0px 0px 0px 0px;\n}\n<\/style>\n<div  class='flex_column av-4fblw6o-515f98779b31756e8dd174ec0beee480 av_one_full  avia-builder-el-1  el_after_av_textblock  el_before_av_one_full  first flex_column_div av-zero-column-padding  column-top-margin'     ><section  class='av_textblock_section av-3vdpey8-5c2068a0c0cf9a22ff9448058f93b863 '   itemscope=\"itemscope\" itemtype=\"https:\/\/schema.org\/CreativeWork\" ><div class='avia_textblock'  itemprop=\"text\" ><h3 style=\"text-align: center;\"><span style=\"color: #000080;\"><em>First prize. 300 Euros<\/em><\/span><\/h3>\n<p style=\"font-size: 16px; text-align: center;\"><em>&#8220;R\u00e9quiem&#8221;<br \/>\n<\/em><b>Carlos Lozana Plaza<\/b><\/p>\n<\/div><\/section><br \/>\n\n<style type=\"text\/css\" data-created_by=\"avia_inline_auto\" id=\"style-css-av-3b4o4pc-3f2b4f688bea97456bea133ffc19abc0\">\n.avia-image-container.av-3b4o4pc-3f2b4f688bea97456bea133ffc19abc0 img.avia_image{\nbox-shadow:none;\n}\n.avia-image-container.av-3b4o4pc-3f2b4f688bea97456bea133ffc19abc0 .av-image-caption-overlay-center{\ncolor:#ffffff;\n}\n<\/style>\n<div  class='avia-image-container av-3b4o4pc-3f2b4f688bea97456bea133ffc19abc0 av-styling- av-img-linked avia-align-center  avia-builder-el-3  el_after_av_textblock  avia-builder-el-last '   itemprop=\"image\" itemscope=\"itemscope\" itemtype=\"https:\/\/schema.org\/ImageObject\" ><div class=\"avia-image-container-inner\"><div class=\"avia-image-overlay-wrap\"><a href=\"https:\/\/carnavaldemiguelturra.es\/wp-content\/uploads\/2017\/07\/carnaval-miguelturra-1-premio-fotografia-2012.jpg\" class='avia_image '  aria-label='Photography Contest 2012. 1st Prize, &quot;Requiem&quot; by Carlos Lozano Plaza'><img decoding=\"async\" fetchpriority=\"high\" class='wp-image-24308 avia-img-lazy-loading-not-24308 avia_image ' src=\"https:\/\/carnavaldemiguelturra.es\/wp-content\/uploads\/2017\/07\/carnaval-miguelturra-1-premio-fotografia-2012.jpg\" alt='carnival-miguelturra-1-prize-photography 2012' title='Photography Contest 2012. 1st Prize, &quot;Requiem&quot; by Carlos Lozano Plaza'  height=\"533\" width=\"800\"  itemprop=\"thumbnailUrl\"  \/><\/a><\/div><\/div><\/div><\/p><\/div>\n<style type=\"text\/css\" data-created_by=\"avia_inline_auto\" id=\"style-css-av-2vnxoxc-8beb9d386dcaaad65566a4e03cc79bd9\">\n.flex_column.av-2vnxoxc-8beb9d386dcaaad65566a4e03cc79bd9{\nborder-radius:0px 0px 0px 0px;\npadding:0px 0px 0px 0px;\n}\n<\/style>\n<div  class='flex_column av-2vnxoxc-8beb9d386dcaaad65566a4e03cc79bd9 av_one_full  avia-builder-el-4  el_after_av_one_full  el_before_av_one_full  first flex_column_div av-zero-column-padding  column-top-margin'     ><section  class='av_textblock_section av-2imyjps-842f632af6ac9567b1be978f3f302385 '   itemscope=\"itemscope\" itemtype=\"https:\/\/schema.org\/CreativeWork\" ><div class='avia_textblock'  itemprop=\"text\" ><h3 style=\"text-align: center;\"><em style=\"color: #000080;\">Second prize. 200 Euros<\/em><\/h3>\n<p style=\"text-align: center; font-size: 16px;\"><em>&#8220;Before dead that simple&#8221;<br \/>\n<\/em><strong>Jos\u00e9 Lu\u00eds Oca\u00f1a Le\u00f3n<\/strong><\/p>\n<\/div><\/section><br \/>\n\n<style type=\"text\/css\" data-created_by=\"avia_inline_auto\" id=\"style-css-av-6wa640-d8bd86de70b503d6518fbcab0ec88d3c\">\n.avia-image-container.av-6wa640-d8bd86de70b503d6518fbcab0ec88d3c img.avia_image{\nbox-shadow:none;\n}\n.avia-image-container.av-6wa640-d8bd86de70b503d6518fbcab0ec88d3c .av-image-caption-overlay-center{\ncolor:#ffffff;\n}\n<\/style>\n<div  class='avia-image-container av-6wa640-d8bd86de70b503d6518fbcab0ec88d3c av-styling- av-img-linked avia-align-center  avia-builder-el-6  el_after_av_textblock  avia-builder-el-last '   itemprop=\"image\" itemscope=\"itemscope\" itemtype=\"https:\/\/schema.org\/ImageObject\" ><div class=\"avia-image-container-inner\"><div class=\"avia-image-overlay-wrap\"><a href=\"https:\/\/carnavaldemiguelturra.es\/wp-content\/uploads\/2017\/07\/carnaval-miguelturra-2-premio-fotografia-2012.jpg\" class='avia_image '  aria-label='Photography Contest 2012. 2nd Prize, &quot;Before dead than simple&quot; by Jos\u00e9 Lu\u00eds Oca\u00f1a Le\u00f3n'><img decoding=\"async\" fetchpriority=\"high\" class='wp-image-24309 avia-img-lazy-loading-not-24309 avia_image ' src=\"https:\/\/carnavaldemiguelturra.es\/wp-content\/uploads\/2017\/07\/carnaval-miguelturra-2-premio-fotografia-2012.jpg\" alt='carnival-miguelturra-2-prize-photography 2012' title='Photography Contest 2012. 2nd Prize, &quot;Before dead than simple&quot; by Jos\u00e9 Lu\u00eds Oca\u00f1a Le\u00f3n'  height=\"533\" width=\"800\"  itemprop=\"thumbnailUrl\"  \/><\/a><\/div><\/div><\/div><\/p><\/div>\n<style type=\"text\/css\" data-created_by=\"avia_inline_auto\" id=\"style-css-av-1l86nf4-1c9bf6a055c6ee2143b1fb653719a628\">\n.flex_column.av-1l86nf4-1c9bf6a055c6ee2143b1fb653719a628{\nborder-radius:0px 0px 0px 0px;\npadding:0px 0px 0px 0px;\n}\n<\/style>\n<div  class='flex_column av-1l86nf4-1c9bf6a055c6ee2143b1fb653719a628 av_one_full  avia-builder-el-7  el_after_av_one_full  avia-builder-el-last  first flex_column_div av-zero-column-padding  column-top-margin'     ><section  class='av_textblock_section av-13navdc-71d13aa88fa94af0e7170259fee02cbe '   itemscope=\"itemscope\" itemtype=\"https:\/\/schema.org\/CreativeWork\" ><div class='avia_textblock'  itemprop=\"text\" ><h3 style=\"text-align: center;\"><span style=\"color: #000080;\"><em>Third prize. 100 Euros<\/em><\/span><\/h3>\n<p style=\"text-align: center; font-size: 16px;\"><em>&#8220;Party airs&#8221;<br \/>\n<\/em><b>Mill\u00e1n G\u00f3mez Jim\u00e9nez<\/b><\/p>\n<\/div><\/section><br \/>\n\n<style type=\"text\/css\" data-created_by=\"avia_inline_auto\" id=\"style-css-av-jiqc5s-7ad97db7b21724b3cf3d564ada381222\">\n.avia-image-container.av-jiqc5s-7ad97db7b21724b3cf3d564ada381222 img.avia_image{\nbox-shadow:none;\n}\n.avia-image-container.av-jiqc5s-7ad97db7b21724b3cf3d564ada381222 .av-image-caption-overlay-center{\ncolor:#ffffff;\n}\n<\/style>\n<div  class='avia-image-container av-jiqc5s-7ad97db7b21724b3cf3d564ada381222 av-styling- av-img-linked avia-align-center  avia-builder-el-9  el_after_av_textblock  avia-builder-el-last '   itemprop=\"image\" itemscope=\"itemscope\" itemtype=\"https:\/\/schema.org\/ImageObject\" ><div class=\"avia-image-container-inner\"><div class=\"avia-image-overlay-wrap\"><a href=\"https:\/\/carnavaldemiguelturra.es\/wp-content\/uploads\/2017\/07\/carnaval-miguelturra-3-premio-fotografia-2012.jpg\" class='avia_image '  aria-label='Photography Contest 2012. 3rd Prize, &quot;Party Airs&quot; by Mill\u00e1n G\u00f3mez Jim\u00e9nez'><img decoding=\"async\" fetchpriority=\"high\" class='wp-image-24310 avia-img-lazy-loading-not-24310 avia_image ' src=\"https:\/\/carnavaldemiguelturra.es\/wp-content\/uploads\/2017\/07\/carnaval-miguelturra-3-premio-fotografia-2012.jpg\" alt='carnival-miguelturra-3-prize-photography 2012' title='Photography Contest 2012. 3rd Prize, &quot;Party Airs&quot; by Mill\u00e1n G\u00f3mez Jim\u00e9nez'  height=\"800\" width=\"673\"  itemprop=\"thumbnailUrl\"  \/><\/a><\/div><\/div><\/div><\/p><\/div><\/p>\n","protected":false},"excerpt":{"rendered":"","protected":false},"author":2,"featured_media":24308,"parent":0,"menu_order":17,"comment_status":"closed","ping_status":"closed","template":"","meta":{"ngg_post_thumbnail":0,"footnotes":""},"class_list":["post-24960","page","type-page","status-publish","has-post-thumbnail","hentry"],"yoast_head":"<!-- This site is optimized with the Yoast SEO plugin v27.3 - https:\/\/yoast.com\/product\/yoast-seo-wordpress\/ -->\n<title>Photography Contest 2012 | Carnival of Miguelturra<\/title>\n<meta name=\"description\" content=\"Carlos Lozano Plaza, winner of the XIV Contest of Photography of the Carnivals of Miguelturra 2013, with &quot;Requiem&quot;.\" \/>\n<meta name=\"robots\" content=\"index, follow, max-snippet:-1, max-image-preview:large, max-video-preview:-1\" \/>\n<link rel=\"canonical\" href=\"https:\/\/carnavaldemiguelturra.es\/en\/photography-contest-2012\/\" \/>\n<meta property=\"og:locale\" content=\"en_US\" \/>\n<meta property=\"og:type\" content=\"article\" \/>\n<meta property=\"og:title\" content=\"Photography Contest 2012 | Carnival of Miguelturra\" \/>\n<meta property=\"og:description\" content=\"Carlos Lozano Plaza, winner of the XIV Contest of Photography of the Carnivals of Miguelturra 2013, with &quot;Requiem&quot;.\" \/>\n<meta property=\"og:url\" content=\"https:\/\/carnavaldemiguelturra.es\/en\/photography-contest-2012\/\" \/>\n<meta property=\"og:site_name\" content=\"Carnival of Miguelturra\" \/>\n<meta property=\"article:publisher\" content=\"https:\/\/www.facebook.com\/carnavaldemiguelturra\/\" \/>\n<meta property=\"article:modified_time\" content=\"2022-04-22T10:17:17+00:00\" \/>\n<meta property=\"og:image\" content=\"https:\/\/carnavaldemiguelturra.es\/wp-content\/uploads\/2017\/07\/carnaval-miguelturra-1-premio-fotografia-2012.jpg\" \/>\n\t<meta property=\"og:image:width\" content=\"800\" \/>\n\t<meta property=\"og:image:height\" content=\"533\" \/>\n\t<meta property=\"og:image:type\" content=\"image\/jpeg\" \/>\n<meta name=\"twitter:card\" content=\"summary_large_image\" \/>\n<meta name=\"twitter:label1\" content=\"Est. reading time\" \/>\n\t<meta name=\"twitter:data1\" content=\"3 minutes\" \/>\n<script type=\"application\/ld+json\" class=\"yoast-schema-graph\">{\"@context\":\"https:\\\/\\\/schema.org\",\"@graph\":[{\"@type\":\"WebPage\",\"@id\":\"https:\\\/\\\/carnavaldemiguelturra.es\\\/en\\\/photography-contest-2012\\\/\",\"url\":\"https:\\\/\\\/carnavaldemiguelturra.es\\\/en\\\/photography-contest-2012\\\/\",\"name\":\"Photography Contest 2012 | Carnival of Miguelturra\",\"isPartOf\":{\"@id\":\"https:\\\/\\\/carnavaldemiguelturra.es\\\/en\\\/#website\"},\"primaryImageOfPage\":{\"@id\":\"https:\\\/\\\/carnavaldemiguelturra.es\\\/en\\\/photography-contest-2012\\\/#primaryimage\"},\"image\":{\"@id\":\"https:\\\/\\\/carnavaldemiguelturra.es\\\/en\\\/photography-contest-2012\\\/#primaryimage\"},\"thumbnailUrl\":\"https:\\\/\\\/carnavaldemiguelturra.es\\\/wp-content\\\/uploads\\\/2017\\\/07\\\/carnaval-miguelturra-1-premio-fotografia-2012.jpg\",\"datePublished\":\"2017-07-07T17:43:31+00:00\",\"dateModified\":\"2022-04-22T10:17:17+00:00\",\"description\":\"Carlos Lozano Plaza, winner of the XIV Contest of Photography of the Carnivals of Miguelturra 2013, with \\\"Requiem\\\".\",\"breadcrumb\":{\"@id\":\"https:\\\/\\\/carnavaldemiguelturra.es\\\/en\\\/photography-contest-2012\\\/#breadcrumb\"},\"inLanguage\":\"en-US\",\"potentialAction\":[{\"@type\":\"ReadAction\",\"target\":[\"https:\\\/\\\/carnavaldemiguelturra.es\\\/en\\\/photography-contest-2012\\\/\"]}]},{\"@type\":\"ImageObject\",\"inLanguage\":\"en-US\",\"@id\":\"https:\\\/\\\/carnavaldemiguelturra.es\\\/en\\\/photography-contest-2012\\\/#primaryimage\",\"url\":\"https:\\\/\\\/carnavaldemiguelturra.es\\\/wp-content\\\/uploads\\\/2017\\\/07\\\/carnaval-miguelturra-1-premio-fotografia-2012.jpg\",\"contentUrl\":\"https:\\\/\\\/carnavaldemiguelturra.es\\\/wp-content\\\/uploads\\\/2017\\\/07\\\/carnaval-miguelturra-1-premio-fotografia-2012.jpg\",\"width\":800,\"height\":533,\"caption\":\"carnival-miguelturra-1-prize-photography 2012\"},{\"@type\":\"BreadcrumbList\",\"@id\":\"https:\\\/\\\/carnavaldemiguelturra.es\\\/en\\\/photography-contest-2012\\\/#breadcrumb\",\"itemListElement\":[{\"@type\":\"ListItem\",\"position\":1,\"name\":\"Cover\",\"item\":\"https:\\\/\\\/carnavaldemiguelturra.es\\\/en\\\/inicio\\\/\"},{\"@type\":\"ListItem\",\"position\":2,\"name\":\"Photography Contest 2012\"}]},{\"@type\":\"WebSite\",\"@id\":\"https:\\\/\\\/carnavaldemiguelturra.es\\\/en\\\/#website\",\"url\":\"https:\\\/\\\/carnavaldemiguelturra.es\\\/en\\\/\",\"name\":\"Carnaval de Miguelturra\",\"description\":\"History of Miguelturra Carnival\",\"publisher\":{\"@id\":\"https:\\\/\\\/carnavaldemiguelturra.es\\\/en\\\/#organization\"},\"potentialAction\":[{\"@type\":\"SearchAction\",\"target\":{\"@type\":\"EntryPoint\",\"urlTemplate\":\"https:\\\/\\\/carnavaldemiguelturra.es\\\/en\\\/?s={search_term_string}\"},\"query-input\":{\"@type\":\"PropertyValueSpecification\",\"valueRequired\":true,\"valueName\":\"search_term_string\"}}],\"inLanguage\":\"en-US\"},{\"@type\":\"Organization\",\"@id\":\"https:\\\/\\\/carnavaldemiguelturra.es\\\/en\\\/#organization\",\"name\":\"carnivaldemiguelturra.es Association\",\"url\":\"https:\\\/\\\/carnavaldemiguelturra.es\\\/en\\\/\",\"logo\":{\"@type\":\"ImageObject\",\"inLanguage\":\"en-US\",\"@id\":\"https:\\\/\\\/carnavaldemiguelturra.es\\\/en\\\/#\\\/schema\\\/logo\\\/image\\\/\",\"url\":\"https:\\\/\\\/carnavaldemiguelturra.es\\\/wp-content\\\/uploads\\\/2018\\\/08\\\/logo-grande.jpg\",\"contentUrl\":\"https:\\\/\\\/carnavaldemiguelturra.es\\\/wp-content\\\/uploads\\\/2018\\\/08\\\/logo-grande.jpg\",\"width\":800,\"height\":600,\"caption\":\"carnivaldemiguelturra.es Association\"},\"image\":{\"@id\":\"https:\\\/\\\/carnavaldemiguelturra.es\\\/en\\\/#\\\/schema\\\/logo\\\/image\\\/\"},\"sameAs\":[\"https:\\\/\\\/www.facebook.com\\\/carnavaldemiguelturra\\\/\",\"https:\\\/\\\/www.instagram.com\\\/carnavaldemiguelturra\\\/\"]}]}<\/script>\n<!-- \/ Yoast SEO plugin. -->","yoast_head_json":{"title":"Photography Contest 2012 | Carnival of Miguelturra","description":"Carlos Lozano Plaza, winner of the XIV Contest of Photography of the Carnivals of Miguelturra 2013, with \"Requiem\".","robots":{"index":"index","follow":"follow","max-snippet":"max-snippet:-1","max-image-preview":"max-image-preview:large","max-video-preview":"max-video-preview:-1"},"canonical":"https:\/\/carnavaldemiguelturra.es\/en\/photography-contest-2012\/","og_locale":"en_US","og_type":"article","og_title":"Photography Contest 2012 | Carnival of Miguelturra","og_description":"Carlos Lozano Plaza, winner of the XIV Contest of Photography of the Carnivals of Miguelturra 2013, with \"Requiem\".","og_url":"https:\/\/carnavaldemiguelturra.es\/en\/photography-contest-2012\/","og_site_name":"Carnival of Miguelturra","article_publisher":"https:\/\/www.facebook.com\/carnavaldemiguelturra\/","article_modified_time":"2022-04-22T10:17:17+00:00","og_image":[{"width":800,"height":533,"url":"https:\/\/carnavaldemiguelturra.es\/wp-content\/uploads\/2017\/07\/carnaval-miguelturra-1-premio-fotografia-2012.jpg","type":"image\/jpeg"}],"twitter_card":"summary_large_image","twitter_misc":{"Est. reading time":"3 minutes"},"schema":{"@context":"https:\/\/schema.org","@graph":[{"@type":"WebPage","@id":"https:\/\/carnavaldemiguelturra.es\/en\/photography-contest-2012\/","url":"https:\/\/carnavaldemiguelturra.es\/en\/photography-contest-2012\/","name":"Photography Contest 2012 | Carnival of Miguelturra","isPartOf":{"@id":"https:\/\/carnavaldemiguelturra.es\/en\/#website"},"primaryImageOfPage":{"@id":"https:\/\/carnavaldemiguelturra.es\/en\/photography-contest-2012\/#primaryimage"},"image":{"@id":"https:\/\/carnavaldemiguelturra.es\/en\/photography-contest-2012\/#primaryimage"},"thumbnailUrl":"https:\/\/carnavaldemiguelturra.es\/wp-content\/uploads\/2017\/07\/carnaval-miguelturra-1-premio-fotografia-2012.jpg","datePublished":"2017-07-07T17:43:31+00:00","dateModified":"2022-04-22T10:17:17+00:00","description":"Carlos Lozano Plaza, winner of the XIV Contest of Photography of the Carnivals of Miguelturra 2013, with \"Requiem\".","breadcrumb":{"@id":"https:\/\/carnavaldemiguelturra.es\/en\/photography-contest-2012\/#breadcrumb"},"inLanguage":"en-US","potentialAction":[{"@type":"ReadAction","target":["https:\/\/carnavaldemiguelturra.es\/en\/photography-contest-2012\/"]}]},{"@type":"ImageObject","inLanguage":"en-US","@id":"https:\/\/carnavaldemiguelturra.es\/en\/photography-contest-2012\/#primaryimage","url":"https:\/\/carnavaldemiguelturra.es\/wp-content\/uploads\/2017\/07\/carnaval-miguelturra-1-premio-fotografia-2012.jpg","contentUrl":"https:\/\/carnavaldemiguelturra.es\/wp-content\/uploads\/2017\/07\/carnaval-miguelturra-1-premio-fotografia-2012.jpg","width":800,"height":533,"caption":"carnival-miguelturra-1-prize-photography 2012"},{"@type":"BreadcrumbList","@id":"https:\/\/carnavaldemiguelturra.es\/en\/photography-contest-2012\/#breadcrumb","itemListElement":[{"@type":"ListItem","position":1,"name":"Cover","item":"https:\/\/carnavaldemiguelturra.es\/en\/inicio\/"},{"@type":"ListItem","position":2,"name":"Photography Contest 2012"}]},{"@type":"WebSite","@id":"https:\/\/carnavaldemiguelturra.es\/en\/#website","url":"https:\/\/carnavaldemiguelturra.es\/en\/","name":"Carnaval de Miguelturra","description":"History of Miguelturra Carnival","publisher":{"@id":"https:\/\/carnavaldemiguelturra.es\/en\/#organization"},"potentialAction":[{"@type":"SearchAction","target":{"@type":"EntryPoint","urlTemplate":"https:\/\/carnavaldemiguelturra.es\/en\/?s={search_term_string}"},"query-input":{"@type":"PropertyValueSpecification","valueRequired":true,"valueName":"search_term_string"}}],"inLanguage":"en-US"},{"@type":"Organization","@id":"https:\/\/carnavaldemiguelturra.es\/en\/#organization","name":"carnivaldemiguelturra.es Association","url":"https:\/\/carnavaldemiguelturra.es\/en\/","logo":{"@type":"ImageObject","inLanguage":"en-US","@id":"https:\/\/carnavaldemiguelturra.es\/en\/#\/schema\/logo\/image\/","url":"https:\/\/carnavaldemiguelturra.es\/wp-content\/uploads\/2018\/08\/logo-grande.jpg","contentUrl":"https:\/\/carnavaldemiguelturra.es\/wp-content\/uploads\/2018\/08\/logo-grande.jpg","width":800,"height":600,"caption":"carnivaldemiguelturra.es Association"},"image":{"@id":"https:\/\/carnavaldemiguelturra.es\/en\/#\/schema\/logo\/image\/"},"sameAs":["https:\/\/www.facebook.com\/carnavaldemiguelturra\/","https:\/\/www.instagram.com\/carnavaldemiguelturra\/"]}]}},"_links":{"self":[{"href":"https:\/\/carnavaldemiguelturra.es\/en\/wp-json\/wp\/v2\/pages\/24960","targetHints":{"allow":["GET"]}}],"collection":[{"href":"https:\/\/carnavaldemiguelturra.es\/en\/wp-json\/wp\/v2\/pages"}],"about":[{"href":"https:\/\/carnavaldemiguelturra.es\/en\/wp-json\/wp\/v2\/types\/page"}],"author":[{"embeddable":true,"href":"https:\/\/carnavaldemiguelturra.es\/en\/wp-json\/wp\/v2\/users\/2"}],"replies":[{"embeddable":true,"href":"https:\/\/carnavaldemiguelturra.es\/en\/wp-json\/wp\/v2\/comments?post=24960"}],"version-history":[{"count":0,"href":"https:\/\/carnavaldemiguelturra.es\/en\/wp-json\/wp\/v2\/pages\/24960\/revisions"}],"wp:featuredmedia":[{"embeddable":true,"href":"https:\/\/carnavaldemiguelturra.es\/en\/wp-json\/wp\/v2\/media\/24308"}],"wp:attachment":[{"href":"https:\/\/carnavaldemiguelturra.es\/en\/wp-json\/wp\/v2\/media?parent=24960"}],"curies":[{"name":"wp","href":"https:\/\/api.w.org\/{rel}","templated":true}]}}