{"id":24976,"date":"2017-07-07T19:55:35","date_gmt":"2017-07-07T17:55:35","guid":{"rendered":"https:\/\/carnavaldemiguelturra.es\/photography-contest-2011\/"},"modified":"2022-04-22T12:17:20","modified_gmt":"2022-04-22T10:17:20","slug":"photography-contest-2011","status":"publish","type":"page","link":"https:\/\/carnavaldemiguelturra.es\/en\/photography-contest-2011\/","title":{"rendered":"Photography Contest 2011"},"content":{"rendered":"<section  class='av_textblock_section av-4yy2ulz-91c94a03b5a6aa25929ed596031c141f '   itemscope=\"itemscope\" itemtype=\"https:\/\/schema.org\/CreativeWork\" ><div class='avia_textblock'  itemprop=\"text\" ><h1 style=\"text-align: center;\">XIII PHOTOGRAPHY CONTEST. CARNIVALS 2011<\/h1>\n<\/div><\/section>\n\n<style type=\"text\/css\" data-created_by=\"avia_inline_auto\" id=\"style-css-av-1livw7-42024820c22f8d77f3ce9376eaf64e35\">\n.flex_column.av-1livw7-42024820c22f8d77f3ce9376eaf64e35{\nborder-radius:0px 0px 0px 0px;\npadding:0px 0px 0px 0px;\n}\n<\/style>\n<div  class='flex_column av-1livw7-42024820c22f8d77f3ce9376eaf64e35 av_one_full  avia-builder-el-1  el_after_av_textblock  el_before_av_one_full  first flex_column_div av-zero-column-padding  column-top-margin'     ><section  class='av_textblock_section av-dg895j-e125cec9f37abf696862e0cd30353f81 '   itemscope=\"itemscope\" itemtype=\"https:\/\/schema.org\/CreativeWork\" ><div class='avia_textblock'  itemprop=\"text\" ><h3 style=\"text-align: center;\"><span style=\"color: #000080;\"><em>First prize. 300 Euros<\/em><\/span><\/h3>\n<p style=\"font-size: 16px; text-align: center;\"><em>&#8220;Street mask one&#8221;<br \/>\n<\/em><b>Carlos D\u00edaz-Pinto Navarro<\/b><\/p>\n<\/div><\/section><br \/>\n\n<style type=\"text\/css\" data-created_by=\"avia_inline_auto\" id=\"style-css-av-3b6gfiv-d64aa9932693473f764d5735140aa5b2\">\n.avia-image-container.av-3b6gfiv-d64aa9932693473f764d5735140aa5b2 img.avia_image{\nbox-shadow:none;\n}\n.avia-image-container.av-3b6gfiv-d64aa9932693473f764d5735140aa5b2 .av-image-caption-overlay-center{\ncolor:#ffffff;\n}\n<\/style>\n<div  class='avia-image-container av-3b6gfiv-d64aa9932693473f764d5735140aa5b2 av-styling- av-img-linked avia-align-center  avia-builder-el-3  el_after_av_textblock  avia-builder-el-last '   itemprop=\"image\" itemscope=\"itemscope\" itemtype=\"https:\/\/schema.org\/ImageObject\" ><div class=\"avia-image-container-inner\"><div class=\"avia-image-overlay-wrap\"><a href=\"https:\/\/carnavaldemiguelturra.es\/wp-content\/uploads\/2017\/07\/carnaval-miguelturra-1-premio-fotografia-2011.jpg\" class='avia_image '  aria-label='Photography Contest 2011. 1st Prize, &quot;Street Mask One&quot; by Carlos D\u00edaz-Pinto Navarro'><img decoding=\"async\" fetchpriority=\"high\" class='wp-image-24311 avia-img-lazy-loading-not-24311 avia_image ' src=\"https:\/\/carnavaldemiguelturra.es\/wp-content\/uploads\/2017\/07\/carnaval-miguelturra-1-premio-fotografia-2011.jpg\" alt='carnival-miguelturra-photography-contest-2011' title='Photography Contest 2011. 1st Prize, &quot;Street Mask One&quot; by Carlos D\u00edaz-Pinto Navarro'  height=\"640\" width=\"800\"  itemprop=\"thumbnailUrl\"  \/><\/a><\/div><\/div><\/div><\/p><\/div>\n<style type=\"text\/css\" data-created_by=\"avia_inline_auto\" id=\"style-css-av-2uz625z-703ce697cdc2b9448c91d87aa9289204\">\n.flex_column.av-2uz625z-703ce697cdc2b9448c91d87aa9289204{\nborder-radius:0px 0px 0px 0px;\npadding:0px 0px 0px 0px;\n}\n<\/style>\n<div  class='flex_column av-2uz625z-703ce697cdc2b9448c91d87aa9289204 av_one_full  avia-builder-el-4  el_after_av_one_full  el_before_av_one_full  first flex_column_div av-zero-column-padding  column-top-margin'     ><section  class='av_textblock_section av-2n9b253-a65addec54fd4023452eb856320c8afd '   itemscope=\"itemscope\" itemtype=\"https:\/\/schema.org\/CreativeWork\" ><div class='avia_textblock'  itemprop=\"text\" ><h3 style=\"text-align: center;\"><em style=\"color: #000080;\">Second prize. 200 Euros<\/em><\/h3>\n<p style=\"text-align: center; font-size: 16px;\"><em>&#8220;The time has come&#8221;<br \/>\n<\/em><strong>Juan Antonio Olmeda Mart\u00edn<\/strong><\/p>\n<\/div><\/section><br \/>\n\n<style type=\"text\/css\" data-created_by=\"avia_inline_auto\" id=\"style-css-av-25lbtqv-52e9a5b71b4c124a9bc81118ecd40fd2\">\n.avia-image-container.av-25lbtqv-52e9a5b71b4c124a9bc81118ecd40fd2 img.avia_image{\nbox-shadow:none;\n}\n.avia-image-container.av-25lbtqv-52e9a5b71b4c124a9bc81118ecd40fd2 .av-image-caption-overlay-center{\ncolor:#ffffff;\n}\n<\/style>\n<div  class='avia-image-container av-25lbtqv-52e9a5b71b4c124a9bc81118ecd40fd2 av-styling- av-img-linked avia-align-center  avia-builder-el-6  el_after_av_textblock  avia-builder-el-last '   itemprop=\"image\" itemscope=\"itemscope\" itemtype=\"https:\/\/schema.org\/ImageObject\" ><div class=\"avia-image-container-inner\"><div class=\"avia-image-overlay-wrap\"><a href=\"https:\/\/carnavaldemiguelturra.es\/wp-content\/uploads\/2017\/07\/carnaval-miguelturra-2-premio-fotografia-2011.jpg\" class='avia_image '  aria-label='Photography Contest 2011. 2nd Prize, &quot;The time has come&quot; by Juan Antonio Olmeda Mart\u00edn'><img decoding=\"async\" fetchpriority=\"high\" class='wp-image-24312 avia-img-lazy-loading-not-24312 avia_image ' src=\"https:\/\/carnavaldemiguelturra.es\/wp-content\/uploads\/2017\/07\/carnaval-miguelturra-2-premio-fotografia-2011.jpg\" alt='carnival-miguelturra-2-prize-photography 2011' title='Photography Contest 2011. 2nd Prize, &quot;The time has come&quot; by Juan Antonio Olmeda Mart\u00edn'  height=\"800\" width=\"574\"  itemprop=\"thumbnailUrl\"  \/><\/a><\/div><\/div><\/div><\/p><\/div>\n<style type=\"text\/css\" data-created_by=\"avia_inline_auto\" id=\"style-css-av-1pop447-13ae357bdd1a6b9d83b5c747cc5a4fb1\">\n.flex_column.av-1pop447-13ae357bdd1a6b9d83b5c747cc5a4fb1{\nborder-radius:0px 0px 0px 0px;\npadding:0px 0px 0px 0px;\n}\n<\/style>\n<div  class='flex_column av-1pop447-13ae357bdd1a6b9d83b5c747cc5a4fb1 av_one_full  avia-builder-el-7  el_after_av_one_full  avia-builder-el-last  first flex_column_div av-zero-column-padding  column-top-margin'     ><section  class='av_textblock_section av-1d80umv-b9dd9715298fde3e337621bf09d23dca '   itemscope=\"itemscope\" itemtype=\"https:\/\/schema.org\/CreativeWork\" ><div class='avia_textblock'  itemprop=\"text\" ><h3 style=\"text-align: center;\"><span style=\"color: #000080;\"><em>Third premio. 100 Euros<\/em><\/span><\/h3>\n<p style=\"text-align: center; font-size: 16px;\"><em>&#8220;Blue coffee&#8221;<br \/>\n<\/em><b>Mill\u00e1n G\u00f3mez Jim\u00e9nez<\/b><\/p>\n<\/div><\/section><br \/>\n\n<style type=\"text\/css\" data-created_by=\"avia_inline_auto\" id=\"style-css-av-oa2w2f-aa4f581fc6514149fb28dba45a471474\">\n.avia-image-container.av-oa2w2f-aa4f581fc6514149fb28dba45a471474 img.avia_image{\nbox-shadow:none;\n}\n.avia-image-container.av-oa2w2f-aa4f581fc6514149fb28dba45a471474 .av-image-caption-overlay-center{\ncolor:#ffffff;\n}\n<\/style>\n<div  class='avia-image-container av-oa2w2f-aa4f581fc6514149fb28dba45a471474 av-styling- av-img-linked avia-align-center  avia-builder-el-9  el_after_av_textblock  avia-builder-el-last '   itemprop=\"image\" itemscope=\"itemscope\" itemtype=\"https:\/\/schema.org\/ImageObject\" ><div class=\"avia-image-container-inner\"><div class=\"avia-image-overlay-wrap\"><a href=\"https:\/\/carnavaldemiguelturra.es\/wp-content\/uploads\/2017\/07\/carnaval-miguelturra-3-premio-fotografia-2011.jpg\" class='avia_image '  aria-label='Photography Contest 2011. 3rd Prize, &quot;Blue Coffee&quot; by Mill\u00e1n G\u00f3mez Jim\u00e9nez'><img decoding=\"async\" fetchpriority=\"high\" class='wp-image-24313 avia-img-lazy-loading-not-24313 avia_image ' src=\"https:\/\/carnavaldemiguelturra.es\/wp-content\/uploads\/2017\/07\/carnaval-miguelturra-3-premio-fotografia-2011.jpg\" alt='carnival-miguelturra-3-prize-photography 2011' title='Photography Contest 2011. 3rd Prize, &quot;Blue Coffee&quot; by Mill\u00e1n G\u00f3mez Jim\u00e9nez'  height=\"800\" width=\"575\"  itemprop=\"thumbnailUrl\"  \/><\/a><\/div><\/div><\/div><\/p><\/div><\/p>\n","protected":false},"excerpt":{"rendered":"","protected":false},"author":2,"featured_media":24311,"parent":0,"menu_order":17,"comment_status":"closed","ping_status":"closed","template":"","meta":{"ngg_post_thumbnail":0,"footnotes":""},"class_list":["post-24976","page","type-page","status-publish","has-post-thumbnail","hentry"],"yoast_head":"<!-- This site is optimized with the Yoast SEO plugin v27.3 - https:\/\/yoast.com\/product\/yoast-seo-wordpress\/ -->\n<title>Photography Contest 2011 | Carnival of Miguelturra<\/title>\n<meta name=\"description\" content=\"Carlos D\u00edaz-Pinto Navarro, winner of the XIII Contest of Photography of the Carnivals of Miguelturra 2011, with &quot;Street Mask One&quot;.\" \/>\n<meta name=\"robots\" content=\"index, follow, max-snippet:-1, max-image-preview:large, max-video-preview:-1\" \/>\n<link rel=\"canonical\" href=\"https:\/\/carnavaldemiguelturra.es\/en\/photography-contest-2011\/\" \/>\n<meta property=\"og:locale\" content=\"en_US\" \/>\n<meta property=\"og:type\" content=\"article\" \/>\n<meta property=\"og:title\" content=\"Photography Contest 2011 | Carnival of Miguelturra\" \/>\n<meta property=\"og:description\" content=\"Carlos D\u00edaz-Pinto Navarro, winner of the XIII Contest of Photography of the Carnivals of Miguelturra 2011, with &quot;Street Mask One&quot;.\" \/>\n<meta property=\"og:url\" content=\"https:\/\/carnavaldemiguelturra.es\/en\/photography-contest-2011\/\" \/>\n<meta property=\"og:site_name\" content=\"Carnival of Miguelturra\" \/>\n<meta property=\"article:publisher\" content=\"https:\/\/www.facebook.com\/carnavaldemiguelturra\/\" \/>\n<meta property=\"article:modified_time\" content=\"2022-04-22T10:17:20+00:00\" \/>\n<meta property=\"og:image\" content=\"https:\/\/carnavaldemiguelturra.es\/wp-content\/uploads\/2017\/07\/carnaval-miguelturra-1-premio-fotografia-2011.jpg\" \/>\n\t<meta property=\"og:image:width\" content=\"800\" \/>\n\t<meta property=\"og:image:height\" content=\"640\" \/>\n\t<meta property=\"og:image:type\" content=\"image\/jpeg\" \/>\n<meta name=\"twitter:card\" content=\"summary_large_image\" \/>\n<meta name=\"twitter:label1\" content=\"Est. reading time\" \/>\n\t<meta name=\"twitter:data1\" content=\"2 minutes\" \/>\n<script type=\"application\/ld+json\" class=\"yoast-schema-graph\">{\"@context\":\"https:\\\/\\\/schema.org\",\"@graph\":[{\"@type\":\"WebPage\",\"@id\":\"https:\\\/\\\/carnavaldemiguelturra.es\\\/en\\\/photography-contest-2011\\\/\",\"url\":\"https:\\\/\\\/carnavaldemiguelturra.es\\\/en\\\/photography-contest-2011\\\/\",\"name\":\"Photography Contest 2011 | Carnival of Miguelturra\",\"isPartOf\":{\"@id\":\"https:\\\/\\\/carnavaldemiguelturra.es\\\/en\\\/#website\"},\"primaryImageOfPage\":{\"@id\":\"https:\\\/\\\/carnavaldemiguelturra.es\\\/en\\\/photography-contest-2011\\\/#primaryimage\"},\"image\":{\"@id\":\"https:\\\/\\\/carnavaldemiguelturra.es\\\/en\\\/photography-contest-2011\\\/#primaryimage\"},\"thumbnailUrl\":\"https:\\\/\\\/carnavaldemiguelturra.es\\\/wp-content\\\/uploads\\\/2017\\\/07\\\/carnaval-miguelturra-1-premio-fotografia-2011.jpg\",\"datePublished\":\"2017-07-07T17:55:35+00:00\",\"dateModified\":\"2022-04-22T10:17:20+00:00\",\"description\":\"Carlos D\u00edaz-Pinto Navarro, winner of the XIII Contest of Photography of the Carnivals of Miguelturra 2011, with \\\"Street Mask One\\\".\",\"breadcrumb\":{\"@id\":\"https:\\\/\\\/carnavaldemiguelturra.es\\\/en\\\/photography-contest-2011\\\/#breadcrumb\"},\"inLanguage\":\"en-US\",\"potentialAction\":[{\"@type\":\"ReadAction\",\"target\":[\"https:\\\/\\\/carnavaldemiguelturra.es\\\/en\\\/photography-contest-2011\\\/\"]}]},{\"@type\":\"ImageObject\",\"inLanguage\":\"en-US\",\"@id\":\"https:\\\/\\\/carnavaldemiguelturra.es\\\/en\\\/photography-contest-2011\\\/#primaryimage\",\"url\":\"https:\\\/\\\/carnavaldemiguelturra.es\\\/wp-content\\\/uploads\\\/2017\\\/07\\\/carnaval-miguelturra-1-premio-fotografia-2011.jpg\",\"contentUrl\":\"https:\\\/\\\/carnavaldemiguelturra.es\\\/wp-content\\\/uploads\\\/2017\\\/07\\\/carnaval-miguelturra-1-premio-fotografia-2011.jpg\",\"width\":800,\"height\":640,\"caption\":\"carnival-miguelturra-photography-contest-2011\"},{\"@type\":\"BreadcrumbList\",\"@id\":\"https:\\\/\\\/carnavaldemiguelturra.es\\\/en\\\/photography-contest-2011\\\/#breadcrumb\",\"itemListElement\":[{\"@type\":\"ListItem\",\"position\":1,\"name\":\"Cover\",\"item\":\"https:\\\/\\\/carnavaldemiguelturra.es\\\/en\\\/inicio\\\/\"},{\"@type\":\"ListItem\",\"position\":2,\"name\":\"Photography Contest 2011\"}]},{\"@type\":\"WebSite\",\"@id\":\"https:\\\/\\\/carnavaldemiguelturra.es\\\/en\\\/#website\",\"url\":\"https:\\\/\\\/carnavaldemiguelturra.es\\\/en\\\/\",\"name\":\"Carnaval de Miguelturra\",\"description\":\"History of Miguelturra Carnival\",\"publisher\":{\"@id\":\"https:\\\/\\\/carnavaldemiguelturra.es\\\/en\\\/#organization\"},\"potentialAction\":[{\"@type\":\"SearchAction\",\"target\":{\"@type\":\"EntryPoint\",\"urlTemplate\":\"https:\\\/\\\/carnavaldemiguelturra.es\\\/en\\\/?s={search_term_string}\"},\"query-input\":{\"@type\":\"PropertyValueSpecification\",\"valueRequired\":true,\"valueName\":\"search_term_string\"}}],\"inLanguage\":\"en-US\"},{\"@type\":\"Organization\",\"@id\":\"https:\\\/\\\/carnavaldemiguelturra.es\\\/en\\\/#organization\",\"name\":\"carnivaldemiguelturra.es Association\",\"url\":\"https:\\\/\\\/carnavaldemiguelturra.es\\\/en\\\/\",\"logo\":{\"@type\":\"ImageObject\",\"inLanguage\":\"en-US\",\"@id\":\"https:\\\/\\\/carnavaldemiguelturra.es\\\/en\\\/#\\\/schema\\\/logo\\\/image\\\/\",\"url\":\"https:\\\/\\\/carnavaldemiguelturra.es\\\/wp-content\\\/uploads\\\/2018\\\/08\\\/logo-grande.jpg\",\"contentUrl\":\"https:\\\/\\\/carnavaldemiguelturra.es\\\/wp-content\\\/uploads\\\/2018\\\/08\\\/logo-grande.jpg\",\"width\":800,\"height\":600,\"caption\":\"carnivaldemiguelturra.es Association\"},\"image\":{\"@id\":\"https:\\\/\\\/carnavaldemiguelturra.es\\\/en\\\/#\\\/schema\\\/logo\\\/image\\\/\"},\"sameAs\":[\"https:\\\/\\\/www.facebook.com\\\/carnavaldemiguelturra\\\/\",\"https:\\\/\\\/www.instagram.com\\\/carnavaldemiguelturra\\\/\"]}]}<\/script>\n<!-- \/ Yoast SEO plugin. -->","yoast_head_json":{"title":"Photography Contest 2011 | Carnival of Miguelturra","description":"Carlos D\u00edaz-Pinto Navarro, winner of the XIII Contest of Photography of the Carnivals of Miguelturra 2011, with \"Street Mask One\".","robots":{"index":"index","follow":"follow","max-snippet":"max-snippet:-1","max-image-preview":"max-image-preview:large","max-video-preview":"max-video-preview:-1"},"canonical":"https:\/\/carnavaldemiguelturra.es\/en\/photography-contest-2011\/","og_locale":"en_US","og_type":"article","og_title":"Photography Contest 2011 | Carnival of Miguelturra","og_description":"Carlos D\u00edaz-Pinto Navarro, winner of the XIII Contest of Photography of the Carnivals of Miguelturra 2011, with \"Street Mask One\".","og_url":"https:\/\/carnavaldemiguelturra.es\/en\/photography-contest-2011\/","og_site_name":"Carnival of Miguelturra","article_publisher":"https:\/\/www.facebook.com\/carnavaldemiguelturra\/","article_modified_time":"2022-04-22T10:17:20+00:00","og_image":[{"width":800,"height":640,"url":"https:\/\/carnavaldemiguelturra.es\/wp-content\/uploads\/2017\/07\/carnaval-miguelturra-1-premio-fotografia-2011.jpg","type":"image\/jpeg"}],"twitter_card":"summary_large_image","twitter_misc":{"Est. reading time":"2 minutes"},"schema":{"@context":"https:\/\/schema.org","@graph":[{"@type":"WebPage","@id":"https:\/\/carnavaldemiguelturra.es\/en\/photography-contest-2011\/","url":"https:\/\/carnavaldemiguelturra.es\/en\/photography-contest-2011\/","name":"Photography Contest 2011 | Carnival of Miguelturra","isPartOf":{"@id":"https:\/\/carnavaldemiguelturra.es\/en\/#website"},"primaryImageOfPage":{"@id":"https:\/\/carnavaldemiguelturra.es\/en\/photography-contest-2011\/#primaryimage"},"image":{"@id":"https:\/\/carnavaldemiguelturra.es\/en\/photography-contest-2011\/#primaryimage"},"thumbnailUrl":"https:\/\/carnavaldemiguelturra.es\/wp-content\/uploads\/2017\/07\/carnaval-miguelturra-1-premio-fotografia-2011.jpg","datePublished":"2017-07-07T17:55:35+00:00","dateModified":"2022-04-22T10:17:20+00:00","description":"Carlos D\u00edaz-Pinto Navarro, winner of the XIII Contest of Photography of the Carnivals of Miguelturra 2011, with \"Street Mask One\".","breadcrumb":{"@id":"https:\/\/carnavaldemiguelturra.es\/en\/photography-contest-2011\/#breadcrumb"},"inLanguage":"en-US","potentialAction":[{"@type":"ReadAction","target":["https:\/\/carnavaldemiguelturra.es\/en\/photography-contest-2011\/"]}]},{"@type":"ImageObject","inLanguage":"en-US","@id":"https:\/\/carnavaldemiguelturra.es\/en\/photography-contest-2011\/#primaryimage","url":"https:\/\/carnavaldemiguelturra.es\/wp-content\/uploads\/2017\/07\/carnaval-miguelturra-1-premio-fotografia-2011.jpg","contentUrl":"https:\/\/carnavaldemiguelturra.es\/wp-content\/uploads\/2017\/07\/carnaval-miguelturra-1-premio-fotografia-2011.jpg","width":800,"height":640,"caption":"carnival-miguelturra-photography-contest-2011"},{"@type":"BreadcrumbList","@id":"https:\/\/carnavaldemiguelturra.es\/en\/photography-contest-2011\/#breadcrumb","itemListElement":[{"@type":"ListItem","position":1,"name":"Cover","item":"https:\/\/carnavaldemiguelturra.es\/en\/inicio\/"},{"@type":"ListItem","position":2,"name":"Photography Contest 2011"}]},{"@type":"WebSite","@id":"https:\/\/carnavaldemiguelturra.es\/en\/#website","url":"https:\/\/carnavaldemiguelturra.es\/en\/","name":"Carnaval de Miguelturra","description":"History of Miguelturra Carnival","publisher":{"@id":"https:\/\/carnavaldemiguelturra.es\/en\/#organization"},"potentialAction":[{"@type":"SearchAction","target":{"@type":"EntryPoint","urlTemplate":"https:\/\/carnavaldemiguelturra.es\/en\/?s={search_term_string}"},"query-input":{"@type":"PropertyValueSpecification","valueRequired":true,"valueName":"search_term_string"}}],"inLanguage":"en-US"},{"@type":"Organization","@id":"https:\/\/carnavaldemiguelturra.es\/en\/#organization","name":"carnivaldemiguelturra.es Association","url":"https:\/\/carnavaldemiguelturra.es\/en\/","logo":{"@type":"ImageObject","inLanguage":"en-US","@id":"https:\/\/carnavaldemiguelturra.es\/en\/#\/schema\/logo\/image\/","url":"https:\/\/carnavaldemiguelturra.es\/wp-content\/uploads\/2018\/08\/logo-grande.jpg","contentUrl":"https:\/\/carnavaldemiguelturra.es\/wp-content\/uploads\/2018\/08\/logo-grande.jpg","width":800,"height":600,"caption":"carnivaldemiguelturra.es Association"},"image":{"@id":"https:\/\/carnavaldemiguelturra.es\/en\/#\/schema\/logo\/image\/"},"sameAs":["https:\/\/www.facebook.com\/carnavaldemiguelturra\/","https:\/\/www.instagram.com\/carnavaldemiguelturra\/"]}]}},"_links":{"self":[{"href":"https:\/\/carnavaldemiguelturra.es\/en\/wp-json\/wp\/v2\/pages\/24976","targetHints":{"allow":["GET"]}}],"collection":[{"href":"https:\/\/carnavaldemiguelturra.es\/en\/wp-json\/wp\/v2\/pages"}],"about":[{"href":"https:\/\/carnavaldemiguelturra.es\/en\/wp-json\/wp\/v2\/types\/page"}],"author":[{"embeddable":true,"href":"https:\/\/carnavaldemiguelturra.es\/en\/wp-json\/wp\/v2\/users\/2"}],"replies":[{"embeddable":true,"href":"https:\/\/carnavaldemiguelturra.es\/en\/wp-json\/wp\/v2\/comments?post=24976"}],"version-history":[{"count":0,"href":"https:\/\/carnavaldemiguelturra.es\/en\/wp-json\/wp\/v2\/pages\/24976\/revisions"}],"wp:featuredmedia":[{"embeddable":true,"href":"https:\/\/carnavaldemiguelturra.es\/en\/wp-json\/wp\/v2\/media\/24311"}],"wp:attachment":[{"href":"https:\/\/carnavaldemiguelturra.es\/en\/wp-json\/wp\/v2\/media?parent=24976"}],"curies":[{"name":"wp","href":"https:\/\/api.w.org\/{rel}","templated":true}]}}