{"id":25434,"date":"2017-02-06T22:49:53","date_gmt":"2017-02-06T21:49:53","guid":{"rendered":"https:\/\/carnavaldemiguelturra.es\/collaborations\/"},"modified":"2025-05-27T13:02:01","modified_gmt":"2025-05-27T11:02:01","slug":"colaboraciones","status":"publish","type":"page","link":"https:\/\/carnavaldemiguelturra.es\/en\/colaboraciones\/","title":{"rendered":"Collaborations"},"content":{"rendered":"<section  class='av_textblock_section av-g3sozi-2a6c2ac08a6d045dd3176212532c7dc1 '   itemscope=\"itemscope\" itemtype=\"https:\/\/schema.org\/CreativeWork\" ><div class='avia_textblock'  itemprop=\"text\" ><h1 style=\"text-align: center;\">COLLABORATIONS<\/h1>\n<\/div><\/section>\n\n<style type=\"text\/css\" data-created_by=\"avia_inline_auto\" id=\"style-css-av-dsexpq-57438163f7a48f3a4b85a440b581e2ee\">\n.flex_column.av-dsexpq-57438163f7a48f3a4b85a440b581e2ee{\nborder-radius:0px 0px 0px 0px;\npadding:0px 0px 0px 0px;\n}\n<\/style>\n<div  class='flex_column av-dsexpq-57438163f7a48f3a4b85a440b581e2ee av_one_third  avia-builder-el-1  el_after_av_textblock  el_before_av_one_third  first flex_column_div av-zero-column-padding  column-top-margin'     ><section  class='av_textblock_section av-cbr59a-e7a101d5759594b969b61a0823faa2e2 '   itemscope=\"itemscope\" itemtype=\"https:\/\/schema.org\/CreativeWork\" ><div class='avia_textblock'  itemprop=\"text\" ><p style=\"text-align: center;\"><strong>Sponsor<\/strong><\/p>\n<p style=\"text-align: center;\">Enova Informatics and Communications, S.L.L.<\/p>\n<p style=\"text-align: center;\"><strong>Administrator, design, translation, research and content development<\/strong><\/p>\n<p style=\"text-align: center;\">Bernardino Mart\u00ednez Romero<\/p>\n<p style=\"text-align: center;\"><strong>Logo Design<\/strong><\/p>\n<p style=\"text-align: center;\">Azucena S\u00e1nchez Merino<\/p>\n<\/div><\/section><\/div>\n\n<style type=\"text\/css\" data-created_by=\"avia_inline_auto\" id=\"style-css-av-bbxpi6-fe48902a2e7d899421708cda6db0273a\">\n.flex_column.av-bbxpi6-fe48902a2e7d899421708cda6db0273a{\nborder-radius:0px 0px 0px 0px;\npadding:0px 0px 0px 0px;\n}\n<\/style>\n<div  class='flex_column av-bbxpi6-fe48902a2e7d899421708cda6db0273a av_one_third  avia-builder-el-3  el_after_av_one_third  el_before_av_one_third  flex_column_div av-zero-column-padding  column-top-margin'     ><section  class='av_textblock_section av-92qeb2-75ef9d44b3736d527409bbaf352bf6e9 '   itemscope=\"itemscope\" itemtype=\"https:\/\/schema.org\/CreativeWork\" ><div class='avia_textblock'  itemprop=\"text\" ><p style=\"text-align: center;\"><strong>Documentation<\/strong><\/p>\n<p style=\"text-align: center;\">Miguelturra City Council<br \/>\nFestivals Department<br \/>\nCulture Department<\/p>\n<p style=\"text-align: center;\"><a style=\"text-decoration: none; color: inherit;\" href=\"https:\/\/carnavaldemiguelturra.es\/en\/\">Carnival Association of Miguelturra<\/a><\/p>\n<p style=\"text-align: center;\">Miguelturra\u2019s Carnival Pe\u00f1as<\/p>\n<p style=\"text-align: center;\">Popular University of Miguelturra<\/p>\n<p style=\"text-align: center;\">Chronicles of a hundred towns<\/p>\n<p style=\"text-align: center;\">UCLM Study Center<\/p>\n<p style=\"text-align: center;\">Daily Lanza<\/p>\n<p style=\"text-align: center;\">B.O.E.<\/p>\n<p style=\"text-align: center;\">Official Journal Ministry of the Army<\/p>\n<p style=\"text-align: center;\">Modesto Gallego Nieto<\/p>\n<p style=\"text-align: center;\">Federico Valero Cano<\/p>\n<p style=\"text-align: center;\">M\u00aa Teresa Segura S\u00e1nchez<\/p>\n<p style=\"text-align: center;\">Jos\u00e9 Hornero Gamito<\/p>\n<p style=\"text-align: center;\">Seraf\u00edn Delgado Mart\u00edn<\/p>\n<p style=\"text-align: center;\">Family Gorn\u00e9s Trujillo<\/p>\n<\/div><\/section><\/div>\n\n<style type=\"text\/css\" data-created_by=\"avia_inline_auto\" id=\"style-css-av-7poa26-da768208a004cce450a732010f8607a7\">\n.flex_column.av-7poa26-da768208a004cce450a732010f8607a7{\nborder-radius:0px 0px 0px 0px;\npadding:0px 0px 0px 0px;\n}\n<\/style>\n<div  class='flex_column av-7poa26-da768208a004cce450a732010f8607a7 av_one_third  avia-builder-el-5  el_after_av_one_third  el_before_av_one_full  flex_column_div av-zero-column-padding  column-top-margin'     ><section  class='av_textblock_section av-62ov5q-337ee2174a23a6e32d48b19bc5684915 '   itemscope=\"itemscope\" itemtype=\"https:\/\/schema.org\/CreativeWork\" ><div class='avia_textblock'  itemprop=\"text\" ><p style=\"text-align: center;\"><strong>Photography<\/strong><\/p>\n<p style=\"text-align: center;\">Miguelturrra City Council<br \/>\nFestivals Department<br \/>\nCulture Department<br \/>\nCommunications Department<\/p>\n<p style=\"text-align: center;\">Carnival Association of Miguelturra<\/p>\n<p style=\"text-align: center;\">Miguelturra\u2019s Carnival Pe\u00f1as<\/p>\n<p style=\"text-align: center;\">Miguelturra&#8217;s Diary<\/p>\n<p style=\"text-align: center;\">Manuel Viso Garc\u00eda<\/p>\n<p style=\"text-align: center;\">Vicente Ram\u00edrez Cano<\/p>\n<p style=\"text-align: center;\">Jos\u00e9 Mar\u00eda Moreno Garc\u00eda<br \/>\n<a style=\"text-decoration: none; color: inherit;\" href=\"http:\/\/www.josemariamorenogarcia.es\"><em><strong>www.josemariamorenogarcia.es<\/strong><\/em><\/a><\/p>\n<p style=\"text-align: center;\">Carlos Robledo<\/p>\n<p style=\"text-align: center;\">M\u00aa Teresa Segura S\u00e1nchez<\/p>\n<p style=\"text-align: center;\">Jos\u00e9 Hornero Gamito<\/p>\n<p style=\"text-align: center;\">Juan Jos\u00e9 G\u00f3mez L\u00f3pez<\/p>\n<p style=\"text-align: center;\">Joaqu\u00edn Gonz\u00e1lez Le\u00f3n<\/p>\n<p style=\"text-align: center;\">Emilio Matas S\u00e1nchez<\/p>\n<p style=\"text-align: center;\">Federico Valero Cano<\/p>\n<p style=\"text-align: center;\">Bernardino Mart\u00ednez Romero<\/p>\n<p style=\"text-align: center;\">Jos\u00e9 Lu\u00eds Rivas Ar\u00e9valo (El Chato)<\/p>\n<p style=\"text-align: center;\">Leandro Ar\u00e9valo L\u00f3pez (El Rayo)<\/p>\n<p style=\"text-align: center;\">M\u00aa Piedrasanta Mart\u00edn Sicilia<\/p>\n<p style=\"text-align: center;\">Eduardo Zurita Rosales<\/p>\n<p style=\"text-align: center;\">Family Gorn\u00e9s Trujillo<\/p>\n<p style=\"text-align: center;\">Victor Ca\u00f1as Mu\u00f1oz<\/p>\n<p style=\"text-align: center;\">M\u00aa Carmen G\u00f3mez Rodrigo<\/p>\n<p style=\"text-align: center;\">Pedro Jes\u00fas Rivas Mu\u00f1oz<\/p>\n<p style=\"text-align: center;\">Ladislao Mart\u00edn de Luc\u00eda Almagro<\/p>\n<p style=\"text-align: center;\">Rafael Fern\u00e1ndez Mu\u00f1oz<\/p>\n<p style=\"text-align: center;\">Ra\u00fal Nieva Vaquera<\/p>\n<p style=\"text-align: center;\">Alfonso Torres Consuegra<\/p>\n<p style=\"text-align: center;\">Jes\u00fas Mar\u00eda Fontecha<br \/>\n<a style=\"text-decoration: none; color: inherit;\" href=\"https:\/\/www.flickr.com\/photos\/jmfontecha\/\"><em><strong>www.flickr.com\/photos\/jmfontecha<\/strong><\/em><\/a><\/p>\n<p style=\"text-align: center;\">Rom\u00e1n Rivero Nieto<\/p>\n<p style=\"text-align: center;\">Luis Fern\u00e1ndez Rivas<\/p>\n<p style=\"text-align: center;\">Enrique Ruiz Arenas<\/p>\n<p style=\"text-align: center;\">Silvana Abanca<\/p>\n<p style=\"text-align: center;\">Raquel G\u00f3mez Oca\u00f1a<\/p>\n<p style=\"text-align: center;\">Francisco Ramos Ar\u00e9valo<\/p>\n<p style=\"text-align: center;\">M\u00aa Aurora Herrero Jim\u00e9nez<\/p>\n<p style=\"text-align: center;\">\n<\/div><\/section><\/div>\n<style type=\"text\/css\" data-created_by=\"avia_inline_auto\" id=\"style-css-av-3xwdjy-ebf6236436296be703df0c2578de26ba\">\n.flex_column.av-3xwdjy-ebf6236436296be703df0c2578de26ba{\nborder-radius:0px 0px 0px 0px;\npadding:0px 0px 0px 0px;\n}\n<\/style>\n<div  class='flex_column av-3xwdjy-ebf6236436296be703df0c2578de26ba av_one_full  avia-builder-el-7  el_after_av_one_third  avia-builder-el-last  first flex_column_div av-zero-column-padding  column-top-margin'     ><section  class='av_textblock_section av-1xrhwe-5f9c5f5f31ba17d4da257285e1b37bb4 '   itemscope=\"itemscope\" itemtype=\"https:\/\/schema.org\/CreativeWork\" ><div class='avia_textblock'  itemprop=\"text\" ><p><strong><span style=\"color: #000000;\">Our thanks to all agencies, entities, companies and individuals for their collaboration in the development of <\/span><span style=\"color: #008000;\"><em>carnavaldemiguelturra.es<\/em><\/span>,<\/strong> <strong><span style=\"color: #000000;\">thank you very much for making this project come to light and our carnival can be known throughout the Planet.<\/span><\/strong><\/p>\n<\/div><\/section><\/div><\/p>\n","protected":false},"excerpt":{"rendered":"","protected":false},"author":2,"featured_media":53949,"parent":0,"menu_order":0,"comment_status":"closed","ping_status":"closed","template":"","meta":{"ngg_post_thumbnail":0,"footnotes":""},"class_list":["post-25434","page","type-page","status-publish","has-post-thumbnail","hentry"],"yoast_head":"<!-- This site is optimized with the Yoast SEO plugin v27.3 - https:\/\/yoast.com\/product\/yoast-seo-wordpress\/ -->\n<title>Collaborations | Carnival of Miguelturra<\/title>\n<meta name=\"description\" content=\"Our thanks to all organizations, entities and individuals for their support in the development of this cultural and historical project. Thank you so much.\" \/>\n<meta name=\"robots\" content=\"index, follow, max-snippet:-1, max-image-preview:large, max-video-preview:-1\" \/>\n<link rel=\"canonical\" href=\"https:\/\/carnavaldemiguelturra.es\/en\/colaboraciones\/\" \/>\n<meta property=\"og:locale\" content=\"en_US\" \/>\n<meta property=\"og:type\" content=\"article\" \/>\n<meta property=\"og:title\" content=\"Collaborations | Carnival of Miguelturra\" \/>\n<meta property=\"og:description\" content=\"Our thanks to all organizations, entities and individuals for their support in the development of this cultural and historical project. Thank you so much.\" \/>\n<meta property=\"og:url\" content=\"https:\/\/carnavaldemiguelturra.es\/en\/colaboraciones\/\" \/>\n<meta property=\"og:site_name\" content=\"Carnival of Miguelturra\" \/>\n<meta property=\"article:publisher\" content=\"https:\/\/www.facebook.com\/carnavaldemiguelturra\/\" \/>\n<meta property=\"article:modified_time\" content=\"2025-05-27T11:02:01+00:00\" \/>\n<meta property=\"og:image\" content=\"https:\/\/carnavaldemiguelturra.es\/wp-content\/uploads\/2022\/03\/carnaval-miguelturra-libro-martes-2022-041.jpg\" \/>\n\t<meta property=\"og:image:width\" content=\"800\" \/>\n\t<meta property=\"og:image:height\" content=\"535\" \/>\n\t<meta property=\"og:image:type\" content=\"image\/jpeg\" \/>\n<meta name=\"twitter:card\" content=\"summary_large_image\" \/>\n<meta name=\"twitter:label1\" content=\"Est. reading time\" \/>\n\t<meta name=\"twitter:data1\" content=\"4 minutes\" \/>\n<script type=\"application\/ld+json\" class=\"yoast-schema-graph\">{\"@context\":\"https:\\\/\\\/schema.org\",\"@graph\":[{\"@type\":\"WebPage\",\"@id\":\"https:\\\/\\\/carnavaldemiguelturra.es\\\/en\\\/colaboraciones\\\/\",\"url\":\"https:\\\/\\\/carnavaldemiguelturra.es\\\/en\\\/colaboraciones\\\/\",\"name\":\"Collaborations | Carnival of Miguelturra\",\"isPartOf\":{\"@id\":\"https:\\\/\\\/carnavaldemiguelturra.es\\\/en\\\/#website\"},\"primaryImageOfPage\":{\"@id\":\"https:\\\/\\\/carnavaldemiguelturra.es\\\/en\\\/colaboraciones\\\/#primaryimage\"},\"image\":{\"@id\":\"https:\\\/\\\/carnavaldemiguelturra.es\\\/en\\\/colaboraciones\\\/#primaryimage\"},\"thumbnailUrl\":\"https:\\\/\\\/carnavaldemiguelturra.es\\\/wp-content\\\/uploads\\\/2022\\\/03\\\/carnaval-miguelturra-libro-martes-2022-041.jpg\",\"datePublished\":\"2017-02-06T21:49:53+00:00\",\"dateModified\":\"2025-05-27T11:02:01+00:00\",\"description\":\"Our thanks to all organizations, entities and individuals for their support in the development of this cultural and historical project. Thank you so much.\",\"breadcrumb\":{\"@id\":\"https:\\\/\\\/carnavaldemiguelturra.es\\\/en\\\/colaboraciones\\\/#breadcrumb\"},\"inLanguage\":\"en-US\",\"potentialAction\":[{\"@type\":\"ReadAction\",\"target\":[\"https:\\\/\\\/carnavaldemiguelturra.es\\\/en\\\/colaboraciones\\\/\"]}]},{\"@type\":\"ImageObject\",\"inLanguage\":\"en-US\",\"@id\":\"https:\\\/\\\/carnavaldemiguelturra.es\\\/en\\\/colaboraciones\\\/#primaryimage\",\"url\":\"https:\\\/\\\/carnavaldemiguelturra.es\\\/wp-content\\\/uploads\\\/2022\\\/03\\\/carnaval-miguelturra-libro-martes-2022-041.jpg\",\"contentUrl\":\"https:\\\/\\\/carnavaldemiguelturra.es\\\/wp-content\\\/uploads\\\/2022\\\/03\\\/carnaval-miguelturra-libro-martes-2022-041.jpg\",\"width\":800,\"height\":535,\"caption\":\"carnival-miguelturra-book-know-me-2022\"},{\"@type\":\"BreadcrumbList\",\"@id\":\"https:\\\/\\\/carnavaldemiguelturra.es\\\/en\\\/colaboraciones\\\/#breadcrumb\",\"itemListElement\":[{\"@type\":\"ListItem\",\"position\":1,\"name\":\"Cover\",\"item\":\"https:\\\/\\\/carnavaldemiguelturra.es\\\/en\\\/inicio\\\/\"},{\"@type\":\"ListItem\",\"position\":2,\"name\":\"Collaborations\"}]},{\"@type\":\"WebSite\",\"@id\":\"https:\\\/\\\/carnavaldemiguelturra.es\\\/en\\\/#website\",\"url\":\"https:\\\/\\\/carnavaldemiguelturra.es\\\/en\\\/\",\"name\":\"Carnaval de Miguelturra\",\"description\":\"History of Miguelturra Carnival\",\"publisher\":{\"@id\":\"https:\\\/\\\/carnavaldemiguelturra.es\\\/en\\\/#organization\"},\"potentialAction\":[{\"@type\":\"SearchAction\",\"target\":{\"@type\":\"EntryPoint\",\"urlTemplate\":\"https:\\\/\\\/carnavaldemiguelturra.es\\\/en\\\/?s={search_term_string}\"},\"query-input\":{\"@type\":\"PropertyValueSpecification\",\"valueRequired\":true,\"valueName\":\"search_term_string\"}}],\"inLanguage\":\"en-US\"},{\"@type\":\"Organization\",\"@id\":\"https:\\\/\\\/carnavaldemiguelturra.es\\\/en\\\/#organization\",\"name\":\"carnivaldemiguelturra.es Association\",\"url\":\"https:\\\/\\\/carnavaldemiguelturra.es\\\/en\\\/\",\"logo\":{\"@type\":\"ImageObject\",\"inLanguage\":\"en-US\",\"@id\":\"https:\\\/\\\/carnavaldemiguelturra.es\\\/en\\\/#\\\/schema\\\/logo\\\/image\\\/\",\"url\":\"https:\\\/\\\/carnavaldemiguelturra.es\\\/wp-content\\\/uploads\\\/2018\\\/08\\\/logo-grande.jpg\",\"contentUrl\":\"https:\\\/\\\/carnavaldemiguelturra.es\\\/wp-content\\\/uploads\\\/2018\\\/08\\\/logo-grande.jpg\",\"width\":800,\"height\":600,\"caption\":\"carnivaldemiguelturra.es Association\"},\"image\":{\"@id\":\"https:\\\/\\\/carnavaldemiguelturra.es\\\/en\\\/#\\\/schema\\\/logo\\\/image\\\/\"},\"sameAs\":[\"https:\\\/\\\/www.facebook.com\\\/carnavaldemiguelturra\\\/\",\"https:\\\/\\\/www.instagram.com\\\/carnavaldemiguelturra\\\/\"]}]}<\/script>\n<!-- \/ Yoast SEO plugin. -->","yoast_head_json":{"title":"Collaborations | Carnival of Miguelturra","description":"Our thanks to all organizations, entities and individuals for their support in the development of this cultural and historical project. Thank you so much.","robots":{"index":"index","follow":"follow","max-snippet":"max-snippet:-1","max-image-preview":"max-image-preview:large","max-video-preview":"max-video-preview:-1"},"canonical":"https:\/\/carnavaldemiguelturra.es\/en\/colaboraciones\/","og_locale":"en_US","og_type":"article","og_title":"Collaborations | Carnival of Miguelturra","og_description":"Our thanks to all organizations, entities and individuals for their support in the development of this cultural and historical project. Thank you so much.","og_url":"https:\/\/carnavaldemiguelturra.es\/en\/colaboraciones\/","og_site_name":"Carnival of Miguelturra","article_publisher":"https:\/\/www.facebook.com\/carnavaldemiguelturra\/","article_modified_time":"2025-05-27T11:02:01+00:00","og_image":[{"width":800,"height":535,"url":"https:\/\/carnavaldemiguelturra.es\/wp-content\/uploads\/2022\/03\/carnaval-miguelturra-libro-martes-2022-041.jpg","type":"image\/jpeg"}],"twitter_card":"summary_large_image","twitter_misc":{"Est. reading time":"4 minutes"},"schema":{"@context":"https:\/\/schema.org","@graph":[{"@type":"WebPage","@id":"https:\/\/carnavaldemiguelturra.es\/en\/colaboraciones\/","url":"https:\/\/carnavaldemiguelturra.es\/en\/colaboraciones\/","name":"Collaborations | Carnival of Miguelturra","isPartOf":{"@id":"https:\/\/carnavaldemiguelturra.es\/en\/#website"},"primaryImageOfPage":{"@id":"https:\/\/carnavaldemiguelturra.es\/en\/colaboraciones\/#primaryimage"},"image":{"@id":"https:\/\/carnavaldemiguelturra.es\/en\/colaboraciones\/#primaryimage"},"thumbnailUrl":"https:\/\/carnavaldemiguelturra.es\/wp-content\/uploads\/2022\/03\/carnaval-miguelturra-libro-martes-2022-041.jpg","datePublished":"2017-02-06T21:49:53+00:00","dateModified":"2025-05-27T11:02:01+00:00","description":"Our thanks to all organizations, entities and individuals for their support in the development of this cultural and historical project. Thank you so much.","breadcrumb":{"@id":"https:\/\/carnavaldemiguelturra.es\/en\/colaboraciones\/#breadcrumb"},"inLanguage":"en-US","potentialAction":[{"@type":"ReadAction","target":["https:\/\/carnavaldemiguelturra.es\/en\/colaboraciones\/"]}]},{"@type":"ImageObject","inLanguage":"en-US","@id":"https:\/\/carnavaldemiguelturra.es\/en\/colaboraciones\/#primaryimage","url":"https:\/\/carnavaldemiguelturra.es\/wp-content\/uploads\/2022\/03\/carnaval-miguelturra-libro-martes-2022-041.jpg","contentUrl":"https:\/\/carnavaldemiguelturra.es\/wp-content\/uploads\/2022\/03\/carnaval-miguelturra-libro-martes-2022-041.jpg","width":800,"height":535,"caption":"carnival-miguelturra-book-know-me-2022"},{"@type":"BreadcrumbList","@id":"https:\/\/carnavaldemiguelturra.es\/en\/colaboraciones\/#breadcrumb","itemListElement":[{"@type":"ListItem","position":1,"name":"Cover","item":"https:\/\/carnavaldemiguelturra.es\/en\/inicio\/"},{"@type":"ListItem","position":2,"name":"Collaborations"}]},{"@type":"WebSite","@id":"https:\/\/carnavaldemiguelturra.es\/en\/#website","url":"https:\/\/carnavaldemiguelturra.es\/en\/","name":"Carnaval de Miguelturra","description":"History of Miguelturra Carnival","publisher":{"@id":"https:\/\/carnavaldemiguelturra.es\/en\/#organization"},"potentialAction":[{"@type":"SearchAction","target":{"@type":"EntryPoint","urlTemplate":"https:\/\/carnavaldemiguelturra.es\/en\/?s={search_term_string}"},"query-input":{"@type":"PropertyValueSpecification","valueRequired":true,"valueName":"search_term_string"}}],"inLanguage":"en-US"},{"@type":"Organization","@id":"https:\/\/carnavaldemiguelturra.es\/en\/#organization","name":"carnivaldemiguelturra.es Association","url":"https:\/\/carnavaldemiguelturra.es\/en\/","logo":{"@type":"ImageObject","inLanguage":"en-US","@id":"https:\/\/carnavaldemiguelturra.es\/en\/#\/schema\/logo\/image\/","url":"https:\/\/carnavaldemiguelturra.es\/wp-content\/uploads\/2018\/08\/logo-grande.jpg","contentUrl":"https:\/\/carnavaldemiguelturra.es\/wp-content\/uploads\/2018\/08\/logo-grande.jpg","width":800,"height":600,"caption":"carnivaldemiguelturra.es Association"},"image":{"@id":"https:\/\/carnavaldemiguelturra.es\/en\/#\/schema\/logo\/image\/"},"sameAs":["https:\/\/www.facebook.com\/carnavaldemiguelturra\/","https:\/\/www.instagram.com\/carnavaldemiguelturra\/"]}]}},"_links":{"self":[{"href":"https:\/\/carnavaldemiguelturra.es\/en\/wp-json\/wp\/v2\/pages\/25434","targetHints":{"allow":["GET"]}}],"collection":[{"href":"https:\/\/carnavaldemiguelturra.es\/en\/wp-json\/wp\/v2\/pages"}],"about":[{"href":"https:\/\/carnavaldemiguelturra.es\/en\/wp-json\/wp\/v2\/types\/page"}],"author":[{"embeddable":true,"href":"https:\/\/carnavaldemiguelturra.es\/en\/wp-json\/wp\/v2\/users\/2"}],"replies":[{"embeddable":true,"href":"https:\/\/carnavaldemiguelturra.es\/en\/wp-json\/wp\/v2\/comments?post=25434"}],"version-history":[{"count":0,"href":"https:\/\/carnavaldemiguelturra.es\/en\/wp-json\/wp\/v2\/pages\/25434\/revisions"}],"wp:featuredmedia":[{"embeddable":true,"href":"https:\/\/carnavaldemiguelturra.es\/en\/wp-json\/wp\/v2\/media\/53949"}],"wp:attachment":[{"href":"https:\/\/carnavaldemiguelturra.es\/en\/wp-json\/wp\/v2\/media?parent=25434"}],"curies":[{"name":"wp","href":"https:\/\/api.w.org\/{rel}","templated":true}]}}