{"id":56550,"date":"2022-11-24T10:29:30","date_gmt":"2022-11-24T09:29:30","guid":{"rendered":"https:\/\/carnavaldemiguelturra.es\/concurso-fotografia-2022\/"},"modified":"2022-11-24T10:35:45","modified_gmt":"2022-11-24T09:35:45","slug":"concurso-fotografia-2022","status":"publish","type":"page","link":"https:\/\/carnavaldemiguelturra.es\/en\/concurso-fotografia-2022\/","title":{"rendered":"Photography Contest 2022"},"content":{"rendered":"<section  class='av_textblock_section av-50f2sf8-3a1c9db3afd6525c0686acf0cc3fdb12 '   itemscope=\"itemscope\" itemtype=\"https:\/\/schema.org\/CreativeWork\" ><div class='avia_textblock'  itemprop=\"text\" ><h1 style=\"text-align: center;\">XXIII PHOTOGRAPHY CONTEST. CARNIVALS 2022<\/h1>\n<\/div><\/section>\n\n<style type=\"text\/css\" data-created_by=\"avia_inline_auto\" id=\"style-css-av-4cu4sxw-e3596df5fea485e693f12c9eea2aab3c\">\n.flex_column.av-4cu4sxw-e3596df5fea485e693f12c9eea2aab3c{\nborder-radius:0px 0px 0px 0px;\npadding:0px 0px 0px 0px;\n}\n<\/style>\n<div  class='flex_column av-4cu4sxw-e3596df5fea485e693f12c9eea2aab3c av_one_full  avia-builder-el-1  el_after_av_textblock  el_before_av_one_full  first flex_column_div av-zero-column-padding  column-top-margin'     ><section  class='av_textblock_section av-3tpkztw-589ca82933d784c95ce6aab69300e1be '   itemscope=\"itemscope\" itemtype=\"https:\/\/schema.org\/CreativeWork\" ><div class='avia_textblock'  itemprop=\"text\" ><h3 style=\"text-align: center;\"><span style=\"color: #000080;\"><em>First prize. 250 Euros and Carnival Ceramics<\/em><\/span><\/h3>\n<p style=\"font-size: 16px; text-align: center;\"><em>&#8220;The street mask returned to the streets of Miguelturra&#8221;<br \/>\n<\/em><strong> Francisco Manuel Peco D\u00edaz<\/strong><\/p>\n<\/div><\/section><br \/>\n\n<style type=\"text\/css\" data-created_by=\"avia_inline_auto\" id=\"style-css-av-3eno90k-6098876824064c505425e91064ac953a\">\n.avia-image-container.av-3eno90k-6098876824064c505425e91064ac953a img.avia_image{\nbox-shadow:none;\n}\n.avia-image-container.av-3eno90k-6098876824064c505425e91064ac953a .av-image-caption-overlay-center{\ncolor:#ffffff;\n}\n<\/style>\n<div  class='avia-image-container av-3eno90k-6098876824064c505425e91064ac953a av-styling- av-img-linked avia-align-center  avia-builder-el-3  el_after_av_textblock  avia-builder-el-last '   itemprop=\"image\" itemscope=\"itemscope\" itemtype=\"https:\/\/schema.org\/ImageObject\" ><div class=\"avia-image-container-inner\"><div class=\"avia-image-overlay-wrap\"><a href=\"https:\/\/carnavaldemiguelturra.es\/wp-content\/uploads\/2022\/04\/carnaval-miguelturra-1-premio-fotografia-2022.jpg\" class='avia_image '  aria-label='Photography Contest 2022. 1st Prize, &quot;The street mask returned to the streets of Miguelturra&quot; by Francisco Manuel Peco D\u00edaz'><img decoding=\"async\" fetchpriority=\"high\" class='wp-image-55591 avia-img-lazy-loading-not-55591 avia_image ' src=\"https:\/\/carnavaldemiguelturra.es\/wp-content\/uploads\/2022\/04\/carnaval-miguelturra-1-premio-fotografia-2022.jpg\" alt='carnival-miguelturra-1-prize-photography 2022' title='Photography Contest 2022. 1st Prize, &quot;The street mask returned to the streets of Miguelturra&quot; by Francisco Manuel Peco D\u00edaz'  height=\"533\" width=\"800\"  itemprop=\"thumbnailUrl\"  \/><\/a><\/div><\/div><\/div><\/p><\/div>\n<style type=\"text\/css\" data-created_by=\"avia_inline_auto\" id=\"style-css-av-2un5gpw-c996ffc36f821841b7109c07d9ae481a\">\n.flex_column.av-2un5gpw-c996ffc36f821841b7109c07d9ae481a{\nborder-radius:0px 0px 0px 0px;\npadding:0px 0px 0px 0px;\n}\n<\/style>\n<div  class='flex_column av-2un5gpw-c996ffc36f821841b7109c07d9ae481a av_one_full  avia-builder-el-4  el_after_av_one_full  el_before_av_one_full  first flex_column_div av-zero-column-padding  column-top-margin'     ><section  class='av_textblock_section av-2oep1no-b799edd27776b48cdb6cdf0d009ecd8f '   itemscope=\"itemscope\" itemtype=\"https:\/\/schema.org\/CreativeWork\" ><div class='avia_textblock'  itemprop=\"text\" ><h3 style=\"text-align: center;\"><em style=\"color: #000080;\">Second prize. 175 Euros and Carnival Ceramics<\/em><\/h3>\n<p style=\"text-align: center; font-size: 16px;\"><em>&#8220;New generations&#8221;<br \/>\n<\/em><strong> Victor Manuel Hontanilla Fern\u00e1ndez<\/strong><\/p>\n<\/div><\/section><br \/>\n\n<style type=\"text\/css\" data-created_by=\"avia_inline_auto\" id=\"style-css-av-277x8n8-8681bd84a61f999211fd3ec30a751887\">\n.avia-image-container.av-277x8n8-8681bd84a61f999211fd3ec30a751887 img.avia_image{\nbox-shadow:none;\n}\n.avia-image-container.av-277x8n8-8681bd84a61f999211fd3ec30a751887 .av-image-caption-overlay-center{\ncolor:#ffffff;\n}\n<\/style>\n<div  class='avia-image-container av-277x8n8-8681bd84a61f999211fd3ec30a751887 av-styling- av-img-linked avia-align-center  avia-builder-el-6  el_after_av_textblock  avia-builder-el-last '   itemprop=\"image\" itemscope=\"itemscope\" itemtype=\"https:\/\/schema.org\/ImageObject\" ><div class=\"avia-image-container-inner\"><div class=\"avia-image-overlay-wrap\"><a href=\"https:\/\/carnavaldemiguelturra.es\/wp-content\/uploads\/2022\/04\/carnaval-miguelturra-2-premio-fotografia-2022.jpg\" class='avia_image '  aria-label='Photography Contest 2022. 2nd Prize, &quot;New Generations&quot; by Victor Manuel Hontanilla Fern\u00e1ndez'><img decoding=\"async\" fetchpriority=\"high\" class='wp-image-55593 avia-img-lazy-loading-not-55593 avia_image ' src=\"https:\/\/carnavaldemiguelturra.es\/wp-content\/uploads\/2022\/04\/carnaval-miguelturra-2-premio-fotografia-2022.jpg\" alt='carnival-miguelturra-2-prize-photography 2022' title='Photography Contest 2022. 2nd Prize, &quot;New Generations&quot; by Victor Manuel Hontanilla Fern\u00e1ndez'  height=\"800\" width=\"571\"  itemprop=\"thumbnailUrl\"  \/><\/a><\/div><\/div><\/div><\/p><\/div>\n<style type=\"text\/css\" data-created_by=\"avia_inline_auto\" id=\"style-css-av-1u0zrdw-c56366c750831dce65bb58d41108a45d\">\n.flex_column.av-1u0zrdw-c56366c750831dce65bb58d41108a45d{\nborder-radius:0px 0px 0px 0px;\npadding:0px 0px 0px 0px;\n}\n<\/style>\n<div  class='flex_column av-1u0zrdw-c56366c750831dce65bb58d41108a45d av_one_full  avia-builder-el-7  el_after_av_one_full  avia-builder-el-last  first flex_column_div av-zero-column-padding  column-top-margin'     ><section  class='av_textblock_section av-17p6fk4-14e4ab95580af260ec83a2ce73debf54 '   itemscope=\"itemscope\" itemtype=\"https:\/\/schema.org\/CreativeWork\" ><div class='avia_textblock'  itemprop=\"text\" ><h3 style=\"text-align: center;\"><span style=\"color: #000080;\"><em>Third prize. Voucher of 80 Euros exchangeable for a photo session at Foto Estudio ABI and Canival Ceramics<\/em><\/span><\/h3>\n<p style=\"text-align: center; font-size: 16px;\"><em>&#8220;The duel entourage&#8221;<br \/>\n<\/em><strong> Mill\u00e1n G\u00f3mez Jim\u00e9nez<\/strong><\/p>\n<\/div><\/section><br \/>\n\n<style type=\"text\/css\" data-created_by=\"avia_inline_auto\" id=\"style-css-av-kfwjj8-5c4632d9356774b7f7792c12062f357b\">\n.avia-image-container.av-kfwjj8-5c4632d9356774b7f7792c12062f357b img.avia_image{\nbox-shadow:none;\n}\n.avia-image-container.av-kfwjj8-5c4632d9356774b7f7792c12062f357b .av-image-caption-overlay-center{\ncolor:#ffffff;\n}\n<\/style>\n<div  class='avia-image-container av-kfwjj8-5c4632d9356774b7f7792c12062f357b av-styling- av-img-linked avia-align-center  avia-builder-el-9  el_after_av_textblock  avia-builder-el-last '   itemprop=\"image\" itemscope=\"itemscope\" itemtype=\"https:\/\/schema.org\/ImageObject\" ><div class=\"avia-image-container-inner\"><div class=\"avia-image-overlay-wrap\"><a href=\"https:\/\/carnavaldemiguelturra.es\/wp-content\/uploads\/2022\/04\/carnaval-miguelturra-3-premio-fotografia-2020.jpg\" class='avia_image '  aria-label='Photography Contest 2022. 3rd Prize, &quot;The Duel Entourage&quot; by Mill\u00e1n G\u00f3mez Jim\u00e9nez'><img decoding=\"async\" fetchpriority=\"high\" class='wp-image-55595 avia-img-lazy-loading-not-55595 avia_image ' src=\"https:\/\/carnavaldemiguelturra.es\/wp-content\/uploads\/2022\/04\/carnaval-miguelturra-3-premio-fotografia-2020.jpg\" alt='carnival-miguelturra-3-prize-photography 2022' title='Photography Contest 2022. 3rd Prize, &quot;The Duel Entourage&quot; by Mill\u00e1n G\u00f3mez Jim\u00e9nez'  height=\"533\" width=\"800\"  itemprop=\"thumbnailUrl\"  \/><\/a><\/div><\/div><\/div><\/p><\/div><\/p>\n","protected":false},"excerpt":{"rendered":"","protected":false},"author":2,"featured_media":55591,"parent":0,"menu_order":17,"comment_status":"closed","ping_status":"closed","template":"","meta":{"ngg_post_thumbnail":0,"footnotes":""},"class_list":["post-56550","page","type-page","status-publish","has-post-thumbnail","hentry"],"yoast_head":"<!-- This site is optimized with the Yoast SEO plugin v27.3 - https:\/\/yoast.com\/product\/yoast-seo-wordpress\/ -->\n<title>Photography Contest 2022 | Carnival of Miguelturra<\/title>\n<meta name=\"description\" content=\"Francisco Manuel Peco with &quot;The street mask returned to the streets of Miguelturra&quot;, winner of the XXIII Carnival 2022 photography contest.\" \/>\n<meta name=\"robots\" content=\"index, follow, max-snippet:-1, max-image-preview:large, max-video-preview:-1\" \/>\n<link rel=\"canonical\" href=\"https:\/\/carnavaldemiguelturra.es\/en\/concurso-fotografia-2022\/\" \/>\n<meta property=\"og:locale\" content=\"en_US\" \/>\n<meta property=\"og:type\" content=\"article\" \/>\n<meta property=\"og:title\" content=\"Photography Contest 2022 | Carnival of Miguelturra\" \/>\n<meta property=\"og:description\" content=\"Francisco Manuel Peco with &quot;The street mask returned to the streets of Miguelturra&quot;, winner of the XXIII Carnival 2022 photography contest.\" \/>\n<meta property=\"og:url\" content=\"https:\/\/carnavaldemiguelturra.es\/en\/concurso-fotografia-2022\/\" \/>\n<meta property=\"og:site_name\" content=\"Carnival of Miguelturra\" \/>\n<meta property=\"article:publisher\" content=\"https:\/\/www.facebook.com\/carnavaldemiguelturra\/\" \/>\n<meta property=\"article:modified_time\" content=\"2022-11-24T09:35:45+00:00\" \/>\n<meta property=\"og:image\" content=\"https:\/\/carnavaldemiguelturra.es\/wp-content\/uploads\/2022\/04\/carnaval-miguelturra-1-premio-fotografia-2022.jpg\" \/>\n\t<meta property=\"og:image:width\" content=\"800\" \/>\n\t<meta property=\"og:image:height\" content=\"533\" \/>\n\t<meta property=\"og:image:type\" content=\"image\/jpeg\" \/>\n<meta name=\"twitter:card\" content=\"summary_large_image\" \/>\n<meta name=\"twitter:label1\" content=\"Est. reading time\" \/>\n\t<meta name=\"twitter:data1\" content=\"8 minutes\" \/>\n<script type=\"application\/ld+json\" class=\"yoast-schema-graph\">{\"@context\":\"https:\\\/\\\/schema.org\",\"@graph\":[{\"@type\":\"WebPage\",\"@id\":\"https:\\\/\\\/carnavaldemiguelturra.es\\\/en\\\/concurso-fotografia-2022\\\/\",\"url\":\"https:\\\/\\\/carnavaldemiguelturra.es\\\/en\\\/concurso-fotografia-2022\\\/\",\"name\":\"Photography Contest 2022 | Carnival of Miguelturra\",\"isPartOf\":{\"@id\":\"https:\\\/\\\/carnavaldemiguelturra.es\\\/en\\\/#website\"},\"primaryImageOfPage\":{\"@id\":\"https:\\\/\\\/carnavaldemiguelturra.es\\\/en\\\/concurso-fotografia-2022\\\/#primaryimage\"},\"image\":{\"@id\":\"https:\\\/\\\/carnavaldemiguelturra.es\\\/en\\\/concurso-fotografia-2022\\\/#primaryimage\"},\"thumbnailUrl\":\"https:\\\/\\\/carnavaldemiguelturra.es\\\/wp-content\\\/uploads\\\/2022\\\/04\\\/carnaval-miguelturra-1-premio-fotografia-2022.jpg\",\"datePublished\":\"2022-11-24T09:29:30+00:00\",\"dateModified\":\"2022-11-24T09:35:45+00:00\",\"description\":\"Francisco Manuel Peco with \\\"The street mask returned to the streets of Miguelturra\\\", winner of the XXIII Carnival 2022 photography contest.\",\"breadcrumb\":{\"@id\":\"https:\\\/\\\/carnavaldemiguelturra.es\\\/en\\\/concurso-fotografia-2022\\\/#breadcrumb\"},\"inLanguage\":\"en-US\",\"potentialAction\":[{\"@type\":\"ReadAction\",\"target\":[\"https:\\\/\\\/carnavaldemiguelturra.es\\\/en\\\/concurso-fotografia-2022\\\/\"]}]},{\"@type\":\"ImageObject\",\"inLanguage\":\"en-US\",\"@id\":\"https:\\\/\\\/carnavaldemiguelturra.es\\\/en\\\/concurso-fotografia-2022\\\/#primaryimage\",\"url\":\"https:\\\/\\\/carnavaldemiguelturra.es\\\/wp-content\\\/uploads\\\/2022\\\/04\\\/carnaval-miguelturra-1-premio-fotografia-2022.jpg\",\"contentUrl\":\"https:\\\/\\\/carnavaldemiguelturra.es\\\/wp-content\\\/uploads\\\/2022\\\/04\\\/carnaval-miguelturra-1-premio-fotografia-2022.jpg\",\"width\":800,\"height\":533,\"caption\":\"carnival-miguelturra-1-prize-photography 2022\"},{\"@type\":\"BreadcrumbList\",\"@id\":\"https:\\\/\\\/carnavaldemiguelturra.es\\\/en\\\/concurso-fotografia-2022\\\/#breadcrumb\",\"itemListElement\":[{\"@type\":\"ListItem\",\"position\":1,\"name\":\"Cover\",\"item\":\"https:\\\/\\\/carnavaldemiguelturra.es\\\/en\\\/inicio\\\/\"},{\"@type\":\"ListItem\",\"position\":2,\"name\":\"Photography Contest 2022\"}]},{\"@type\":\"WebSite\",\"@id\":\"https:\\\/\\\/carnavaldemiguelturra.es\\\/en\\\/#website\",\"url\":\"https:\\\/\\\/carnavaldemiguelturra.es\\\/en\\\/\",\"name\":\"Carnaval de Miguelturra\",\"description\":\"History of Miguelturra Carnival\",\"publisher\":{\"@id\":\"https:\\\/\\\/carnavaldemiguelturra.es\\\/en\\\/#organization\"},\"potentialAction\":[{\"@type\":\"SearchAction\",\"target\":{\"@type\":\"EntryPoint\",\"urlTemplate\":\"https:\\\/\\\/carnavaldemiguelturra.es\\\/en\\\/?s={search_term_string}\"},\"query-input\":{\"@type\":\"PropertyValueSpecification\",\"valueRequired\":true,\"valueName\":\"search_term_string\"}}],\"inLanguage\":\"en-US\"},{\"@type\":\"Organization\",\"@id\":\"https:\\\/\\\/carnavaldemiguelturra.es\\\/en\\\/#organization\",\"name\":\"carnivaldemiguelturra.es Association\",\"url\":\"https:\\\/\\\/carnavaldemiguelturra.es\\\/en\\\/\",\"logo\":{\"@type\":\"ImageObject\",\"inLanguage\":\"en-US\",\"@id\":\"https:\\\/\\\/carnavaldemiguelturra.es\\\/en\\\/#\\\/schema\\\/logo\\\/image\\\/\",\"url\":\"https:\\\/\\\/carnavaldemiguelturra.es\\\/wp-content\\\/uploads\\\/2018\\\/08\\\/logo-grande.jpg\",\"contentUrl\":\"https:\\\/\\\/carnavaldemiguelturra.es\\\/wp-content\\\/uploads\\\/2018\\\/08\\\/logo-grande.jpg\",\"width\":800,\"height\":600,\"caption\":\"carnivaldemiguelturra.es Association\"},\"image\":{\"@id\":\"https:\\\/\\\/carnavaldemiguelturra.es\\\/en\\\/#\\\/schema\\\/logo\\\/image\\\/\"},\"sameAs\":[\"https:\\\/\\\/www.facebook.com\\\/carnavaldemiguelturra\\\/\",\"https:\\\/\\\/www.instagram.com\\\/carnavaldemiguelturra\\\/\"]}]}<\/script>\n<!-- \/ Yoast SEO plugin. -->","yoast_head_json":{"title":"Photography Contest 2022 | Carnival of Miguelturra","description":"Francisco Manuel Peco with \"The street mask returned to the streets of Miguelturra\", winner of the XXIII Carnival 2022 photography contest.","robots":{"index":"index","follow":"follow","max-snippet":"max-snippet:-1","max-image-preview":"max-image-preview:large","max-video-preview":"max-video-preview:-1"},"canonical":"https:\/\/carnavaldemiguelturra.es\/en\/concurso-fotografia-2022\/","og_locale":"en_US","og_type":"article","og_title":"Photography Contest 2022 | Carnival of Miguelturra","og_description":"Francisco Manuel Peco with \"The street mask returned to the streets of Miguelturra\", winner of the XXIII Carnival 2022 photography contest.","og_url":"https:\/\/carnavaldemiguelturra.es\/en\/concurso-fotografia-2022\/","og_site_name":"Carnival of Miguelturra","article_publisher":"https:\/\/www.facebook.com\/carnavaldemiguelturra\/","article_modified_time":"2022-11-24T09:35:45+00:00","og_image":[{"width":800,"height":533,"url":"https:\/\/carnavaldemiguelturra.es\/wp-content\/uploads\/2022\/04\/carnaval-miguelturra-1-premio-fotografia-2022.jpg","type":"image\/jpeg"}],"twitter_card":"summary_large_image","twitter_misc":{"Est. reading time":"8 minutes"},"schema":{"@context":"https:\/\/schema.org","@graph":[{"@type":"WebPage","@id":"https:\/\/carnavaldemiguelturra.es\/en\/concurso-fotografia-2022\/","url":"https:\/\/carnavaldemiguelturra.es\/en\/concurso-fotografia-2022\/","name":"Photography Contest 2022 | Carnival of Miguelturra","isPartOf":{"@id":"https:\/\/carnavaldemiguelturra.es\/en\/#website"},"primaryImageOfPage":{"@id":"https:\/\/carnavaldemiguelturra.es\/en\/concurso-fotografia-2022\/#primaryimage"},"image":{"@id":"https:\/\/carnavaldemiguelturra.es\/en\/concurso-fotografia-2022\/#primaryimage"},"thumbnailUrl":"https:\/\/carnavaldemiguelturra.es\/wp-content\/uploads\/2022\/04\/carnaval-miguelturra-1-premio-fotografia-2022.jpg","datePublished":"2022-11-24T09:29:30+00:00","dateModified":"2022-11-24T09:35:45+00:00","description":"Francisco Manuel Peco with \"The street mask returned to the streets of Miguelturra\", winner of the XXIII Carnival 2022 photography contest.","breadcrumb":{"@id":"https:\/\/carnavaldemiguelturra.es\/en\/concurso-fotografia-2022\/#breadcrumb"},"inLanguage":"en-US","potentialAction":[{"@type":"ReadAction","target":["https:\/\/carnavaldemiguelturra.es\/en\/concurso-fotografia-2022\/"]}]},{"@type":"ImageObject","inLanguage":"en-US","@id":"https:\/\/carnavaldemiguelturra.es\/en\/concurso-fotografia-2022\/#primaryimage","url":"https:\/\/carnavaldemiguelturra.es\/wp-content\/uploads\/2022\/04\/carnaval-miguelturra-1-premio-fotografia-2022.jpg","contentUrl":"https:\/\/carnavaldemiguelturra.es\/wp-content\/uploads\/2022\/04\/carnaval-miguelturra-1-premio-fotografia-2022.jpg","width":800,"height":533,"caption":"carnival-miguelturra-1-prize-photography 2022"},{"@type":"BreadcrumbList","@id":"https:\/\/carnavaldemiguelturra.es\/en\/concurso-fotografia-2022\/#breadcrumb","itemListElement":[{"@type":"ListItem","position":1,"name":"Cover","item":"https:\/\/carnavaldemiguelturra.es\/en\/inicio\/"},{"@type":"ListItem","position":2,"name":"Photography Contest 2022"}]},{"@type":"WebSite","@id":"https:\/\/carnavaldemiguelturra.es\/en\/#website","url":"https:\/\/carnavaldemiguelturra.es\/en\/","name":"Carnaval de Miguelturra","description":"History of Miguelturra Carnival","publisher":{"@id":"https:\/\/carnavaldemiguelturra.es\/en\/#organization"},"potentialAction":[{"@type":"SearchAction","target":{"@type":"EntryPoint","urlTemplate":"https:\/\/carnavaldemiguelturra.es\/en\/?s={search_term_string}"},"query-input":{"@type":"PropertyValueSpecification","valueRequired":true,"valueName":"search_term_string"}}],"inLanguage":"en-US"},{"@type":"Organization","@id":"https:\/\/carnavaldemiguelturra.es\/en\/#organization","name":"carnivaldemiguelturra.es Association","url":"https:\/\/carnavaldemiguelturra.es\/en\/","logo":{"@type":"ImageObject","inLanguage":"en-US","@id":"https:\/\/carnavaldemiguelturra.es\/en\/#\/schema\/logo\/image\/","url":"https:\/\/carnavaldemiguelturra.es\/wp-content\/uploads\/2018\/08\/logo-grande.jpg","contentUrl":"https:\/\/carnavaldemiguelturra.es\/wp-content\/uploads\/2018\/08\/logo-grande.jpg","width":800,"height":600,"caption":"carnivaldemiguelturra.es Association"},"image":{"@id":"https:\/\/carnavaldemiguelturra.es\/en\/#\/schema\/logo\/image\/"},"sameAs":["https:\/\/www.facebook.com\/carnavaldemiguelturra\/","https:\/\/www.instagram.com\/carnavaldemiguelturra\/"]}]}},"_links":{"self":[{"href":"https:\/\/carnavaldemiguelturra.es\/en\/wp-json\/wp\/v2\/pages\/56550","targetHints":{"allow":["GET"]}}],"collection":[{"href":"https:\/\/carnavaldemiguelturra.es\/en\/wp-json\/wp\/v2\/pages"}],"about":[{"href":"https:\/\/carnavaldemiguelturra.es\/en\/wp-json\/wp\/v2\/types\/page"}],"author":[{"embeddable":true,"href":"https:\/\/carnavaldemiguelturra.es\/en\/wp-json\/wp\/v2\/users\/2"}],"replies":[{"embeddable":true,"href":"https:\/\/carnavaldemiguelturra.es\/en\/wp-json\/wp\/v2\/comments?post=56550"}],"version-history":[{"count":0,"href":"https:\/\/carnavaldemiguelturra.es\/en\/wp-json\/wp\/v2\/pages\/56550\/revisions"}],"wp:featuredmedia":[{"embeddable":true,"href":"https:\/\/carnavaldemiguelturra.es\/en\/wp-json\/wp\/v2\/media\/55591"}],"wp:attachment":[{"href":"https:\/\/carnavaldemiguelturra.es\/en\/wp-json\/wp\/v2\/media?parent=56550"}],"curies":[{"name":"wp","href":"https:\/\/api.w.org\/{rel}","templated":true}]}}