{"id":81533,"date":"2026-02-23T21:25:32","date_gmt":"2026-02-23T20:25:32","guid":{"rendered":"https:\/\/carnavaldemiguelturra.es\/galeria-domingo-pinata-2026\/"},"modified":"2026-02-23T21:28:08","modified_gmt":"2026-02-23T20:28:08","slug":"galeria-domingo-pinata-2026","status":"publish","type":"page","link":"https:\/\/carnavaldemiguelturra.es\/en\/galeria-domingo-pinata-2026\/","title":{"rendered":"Pi\u00f1ata Sunday Gallery 2026"},"content":{"rendered":"\n<style type=\"text\/css\" data-created_by=\"avia_inline_auto\" id=\"style-css-av-2gstm7r-de63a9b0d1ab0d8b188a8ddb23711eda\">\n.flex_column.av-2gstm7r-de63a9b0d1ab0d8b188a8ddb23711eda{\nborder-radius:0px 0px 0px 0px;\npadding:0px 0px 0px 0px;\n}\n<\/style>\n<div  class='flex_column av-2gstm7r-de63a9b0d1ab0d8b188a8ddb23711eda av_one_full  avia-builder-el-0  avia-builder-el-no-sibling  first flex_column_div av-zero-column-padding  '     ><section  class='av_textblock_section av-1wd49zr-0e1ac9f8bb74abf4d6185780e1e8acab '   itemscope=\"itemscope\" itemtype=\"https:\/\/schema.org\/CreativeWork\" ><div class='avia_textblock'  itemprop=\"text\" ><h1 style=\"text-align: center;\">PHOTO GALLERY<br \/>\nNational Pi\u00f1ata Sunday Parade Contest 2026<\/h1>\n<\/div><\/section><br \/>\n\n<style type=\"text\/css\" data-created_by=\"avia_inline_auto\" id=\"style-css-av-1oclm8n-fd86ac00543e39208ee2fbe5bb78f7e1\">\n#top .hr.hr-invisible.av-1oclm8n-fd86ac00543e39208ee2fbe5bb78f7e1{\nheight:25px;\n}\n<\/style>\n<div  class='hr av-1oclm8n-fd86ac00543e39208ee2fbe5bb78f7e1 hr-invisible  avia-builder-el-2  el_after_av_textblock  el_before_av_textblock '><span class='hr-inner '><span class=\"hr-inner-style\"><\/span><\/span><\/div><br \/>\n<section  class='av_textblock_section av-zserqv-6984eb8dcbda1e3c058126a1ec5d0e76 '   itemscope=\"itemscope\" itemtype=\"https:\/\/schema.org\/CreativeWork\" ><div class='avia_textblock'  itemprop=\"text\" >ngg_shortcode_0_placeholder\n<\/div><\/section><br \/>\n\n<style type=\"text\/css\" data-created_by=\"avia_inline_auto\" id=\"style-css-av-ogeevr-d187b0b767c87a0df016db92bcd2af06\">\n#top .hr.hr-invisible.av-ogeevr-d187b0b767c87a0df016db92bcd2af06{\nheight:25px;\n}\n<\/style>\n<div  class='hr av-ogeevr-d187b0b767c87a0df016db92bcd2af06 hr-invisible  avia-builder-el-4  el_after_av_textblock  avia-builder-el-last '><span class='hr-inner '><span class=\"hr-inner-style\"><\/span><\/span><\/div><\/p><\/div>\n","protected":false},"excerpt":{"rendered":"","protected":false},"author":2,"featured_media":81532,"parent":0,"menu_order":15,"comment_status":"closed","ping_status":"closed","template":"","meta":{"ngg_post_thumbnail":0,"footnotes":""},"class_list":["post-81533","page","type-page","status-publish","has-post-thumbnail","hentry"],"yoast_head":"<!-- This site is optimized with the Yoast SEO plugin v27.2 - https:\/\/yoast.com\/product\/yoast-seo-wordpress\/ -->\n<title>Pi\u00f1ata Sunday Gallery 2026 | Carnival of Miguelturra<\/title>\n<meta name=\"description\" content=\"Photographic Gallery of the XLVI National Pi\u00f1ata Sunday Parade 2026. &#039;Mongolia, The Empire of the Blue Sky&#039; by Burleta, Alhigu\u00ed of Honor.\" \/>\n<meta name=\"robots\" content=\"index, follow, max-snippet:-1, max-image-preview:large, max-video-preview:-1\" \/>\n<link rel=\"canonical\" href=\"https:\/\/carnavaldemiguelturra.es\/en\/galeria-domingo-pinata-2026\/\" \/>\n<meta property=\"og:locale\" content=\"en_US\" \/>\n<meta property=\"og:type\" content=\"article\" \/>\n<meta property=\"og:title\" content=\"Pi\u00f1ata Sunday Gallery 2026 | Carnival of Miguelturra\" \/>\n<meta property=\"og:description\" content=\"Photographic Gallery of the XLVI National Pi\u00f1ata Sunday Parade 2026. &#039;Mongolia, The Empire of the Blue Sky&#039; by Burleta, Alhigu\u00ed of Honor.\" \/>\n<meta property=\"og:url\" content=\"https:\/\/carnavaldemiguelturra.es\/en\/galeria-domingo-pinata-2026\/\" \/>\n<meta property=\"og:site_name\" content=\"Carnival of Miguelturra\" \/>\n<meta property=\"article:publisher\" content=\"https:\/\/www.facebook.com\/carnavaldemiguelturra\/\" \/>\n<meta property=\"article:modified_time\" content=\"2026-02-23T20:28:08+00:00\" \/>\n<meta property=\"og:image\" content=\"https:\/\/carnavaldemiguelturra.es\/wp-content\/uploads\/2026\/02\/20260222-Domingo-de-Pinata-Francisco-M-Peco-01-El-Burleta.jpg\" \/>\n\t<meta property=\"og:image:width\" content=\"900\" \/>\n\t<meta property=\"og:image:height\" content=\"600\" \/>\n\t<meta property=\"og:image:type\" content=\"image\/jpeg\" \/>\n<meta name=\"twitter:card\" content=\"summary_large_image\" \/>\n<meta name=\"twitter:label1\" content=\"Est. reading time\" \/>\n\t<meta name=\"twitter:data1\" content=\"3 minutes\" \/>\n<script type=\"application\/ld+json\" class=\"yoast-schema-graph\">{\"@context\":\"https:\/\/schema.org\",\"@graph\":[{\"@type\":\"WebPage\",\"@id\":\"https:\/\/carnavaldemiguelturra.es\/en\/galeria-domingo-pinata-2026\/\",\"url\":\"https:\/\/carnavaldemiguelturra.es\/en\/galeria-domingo-pinata-2026\/\",\"name\":\"Pi\u00f1ata Sunday Gallery 2026 | Carnival of Miguelturra\",\"isPartOf\":{\"@id\":\"https:\/\/carnavaldemiguelturra.es\/en\/#website\"},\"primaryImageOfPage\":{\"@id\":\"https:\/\/carnavaldemiguelturra.es\/en\/galeria-domingo-pinata-2026\/#primaryimage\"},\"image\":{\"@id\":\"https:\/\/carnavaldemiguelturra.es\/en\/galeria-domingo-pinata-2026\/#primaryimage\"},\"thumbnailUrl\":\"https:\/\/carnavaldemiguelturra.es\/wp-content\/uploads\/2026\/02\/20260222-Domingo-de-Pinata-Francisco-M-Peco-01-El-Burleta.jpg\",\"datePublished\":\"2026-02-23T20:25:32+00:00\",\"dateModified\":\"2026-02-23T20:28:08+00:00\",\"description\":\"Photographic Gallery of the XLVI National Pi\u00f1ata Sunday Parade 2026. 'Mongolia, The Empire of the Blue Sky' by Burleta, Alhigu\u00ed of Honor.\",\"breadcrumb\":{\"@id\":\"https:\/\/carnavaldemiguelturra.es\/en\/galeria-domingo-pinata-2026\/#breadcrumb\"},\"inLanguage\":\"en-US\",\"potentialAction\":[{\"@type\":\"ReadAction\",\"target\":[\"https:\/\/carnavaldemiguelturra.es\/en\/galeria-domingo-pinata-2026\/\"]}]},{\"@type\":\"ImageObject\",\"inLanguage\":\"en-US\",\"@id\":\"https:\/\/carnavaldemiguelturra.es\/en\/galeria-domingo-pinata-2026\/#primaryimage\",\"url\":\"https:\/\/carnavaldemiguelturra.es\/wp-content\/uploads\/2026\/02\/20260222-Domingo-de-Pinata-Francisco-M-Peco-01-El-Burleta.jpg\",\"contentUrl\":\"https:\/\/carnavaldemiguelturra.es\/wp-content\/uploads\/2026\/02\/20260222-Domingo-de-Pinata-Francisco-M-Peco-01-El-Burleta.jpg\",\"width\":900,\"height\":600,\"caption\":\"carnaval-miguelturra-desfile-2026\"},{\"@type\":\"BreadcrumbList\",\"@id\":\"https:\/\/carnavaldemiguelturra.es\/en\/galeria-domingo-pinata-2026\/#breadcrumb\",\"itemListElement\":[{\"@type\":\"ListItem\",\"position\":1,\"name\":\"Cover\",\"item\":\"https:\/\/carnavaldemiguelturra.es\/en\/inicio\/\"},{\"@type\":\"ListItem\",\"position\":2,\"name\":\"Pi\u00f1ata Sunday Gallery 2026\"}]},{\"@type\":\"WebSite\",\"@id\":\"https:\/\/carnavaldemiguelturra.es\/en\/#website\",\"url\":\"https:\/\/carnavaldemiguelturra.es\/en\/\",\"name\":\"Carnaval de Miguelturra\",\"description\":\"History of Miguelturra Carnival\",\"publisher\":{\"@id\":\"https:\/\/carnavaldemiguelturra.es\/en\/#organization\"},\"potentialAction\":[{\"@type\":\"SearchAction\",\"target\":{\"@type\":\"EntryPoint\",\"urlTemplate\":\"https:\/\/carnavaldemiguelturra.es\/en\/?s={search_term_string}\"},\"query-input\":{\"@type\":\"PropertyValueSpecification\",\"valueRequired\":true,\"valueName\":\"search_term_string\"}}],\"inLanguage\":\"en-US\"},{\"@type\":\"Organization\",\"@id\":\"https:\/\/carnavaldemiguelturra.es\/en\/#organization\",\"name\":\"carnivaldemiguelturra.es Association\",\"url\":\"https:\/\/carnavaldemiguelturra.es\/en\/\",\"logo\":{\"@type\":\"ImageObject\",\"inLanguage\":\"en-US\",\"@id\":\"https:\/\/carnavaldemiguelturra.es\/en\/#\/schema\/logo\/image\/\",\"url\":\"https:\/\/carnavaldemiguelturra.es\/wp-content\/uploads\/2018\/08\/logo-grande.jpg\",\"contentUrl\":\"https:\/\/carnavaldemiguelturra.es\/wp-content\/uploads\/2018\/08\/logo-grande.jpg\",\"width\":800,\"height\":600,\"caption\":\"carnivaldemiguelturra.es Association\"},\"image\":{\"@id\":\"https:\/\/carnavaldemiguelturra.es\/en\/#\/schema\/logo\/image\/\"},\"sameAs\":[\"https:\/\/www.facebook.com\/carnavaldemiguelturra\/\",\"https:\/\/www.instagram.com\/carnavaldemiguelturra\/\"]}]}<\/script>\n<!-- \/ Yoast SEO plugin. -->","yoast_head_json":{"title":"Pi\u00f1ata Sunday Gallery 2026 | Carnival of Miguelturra","description":"Photographic Gallery of the XLVI National Pi\u00f1ata Sunday Parade 2026. 'Mongolia, The Empire of the Blue Sky' by Burleta, Alhigu\u00ed of Honor.","robots":{"index":"index","follow":"follow","max-snippet":"max-snippet:-1","max-image-preview":"max-image-preview:large","max-video-preview":"max-video-preview:-1"},"canonical":"https:\/\/carnavaldemiguelturra.es\/en\/galeria-domingo-pinata-2026\/","og_locale":"en_US","og_type":"article","og_title":"Pi\u00f1ata Sunday Gallery 2026 | Carnival of Miguelturra","og_description":"Photographic Gallery of the XLVI National Pi\u00f1ata Sunday Parade 2026. 'Mongolia, The Empire of the Blue Sky' by Burleta, Alhigu\u00ed of Honor.","og_url":"https:\/\/carnavaldemiguelturra.es\/en\/galeria-domingo-pinata-2026\/","og_site_name":"Carnival of Miguelturra","article_publisher":"https:\/\/www.facebook.com\/carnavaldemiguelturra\/","article_modified_time":"2026-02-23T20:28:08+00:00","og_image":[{"width":900,"height":600,"url":"https:\/\/carnavaldemiguelturra.es\/wp-content\/uploads\/2026\/02\/20260222-Domingo-de-Pinata-Francisco-M-Peco-01-El-Burleta.jpg","type":"image\/jpeg"}],"twitter_card":"summary_large_image","twitter_misc":{"Est. reading time":"3 minutes"},"schema":{"@context":"https:\/\/schema.org","@graph":[{"@type":"WebPage","@id":"https:\/\/carnavaldemiguelturra.es\/en\/galeria-domingo-pinata-2026\/","url":"https:\/\/carnavaldemiguelturra.es\/en\/galeria-domingo-pinata-2026\/","name":"Pi\u00f1ata Sunday Gallery 2026 | Carnival of Miguelturra","isPartOf":{"@id":"https:\/\/carnavaldemiguelturra.es\/en\/#website"},"primaryImageOfPage":{"@id":"https:\/\/carnavaldemiguelturra.es\/en\/galeria-domingo-pinata-2026\/#primaryimage"},"image":{"@id":"https:\/\/carnavaldemiguelturra.es\/en\/galeria-domingo-pinata-2026\/#primaryimage"},"thumbnailUrl":"https:\/\/carnavaldemiguelturra.es\/wp-content\/uploads\/2026\/02\/20260222-Domingo-de-Pinata-Francisco-M-Peco-01-El-Burleta.jpg","datePublished":"2026-02-23T20:25:32+00:00","dateModified":"2026-02-23T20:28:08+00:00","description":"Photographic Gallery of the XLVI National Pi\u00f1ata Sunday Parade 2026. 'Mongolia, The Empire of the Blue Sky' by Burleta, Alhigu\u00ed of Honor.","breadcrumb":{"@id":"https:\/\/carnavaldemiguelturra.es\/en\/galeria-domingo-pinata-2026\/#breadcrumb"},"inLanguage":"en-US","potentialAction":[{"@type":"ReadAction","target":["https:\/\/carnavaldemiguelturra.es\/en\/galeria-domingo-pinata-2026\/"]}]},{"@type":"ImageObject","inLanguage":"en-US","@id":"https:\/\/carnavaldemiguelturra.es\/en\/galeria-domingo-pinata-2026\/#primaryimage","url":"https:\/\/carnavaldemiguelturra.es\/wp-content\/uploads\/2026\/02\/20260222-Domingo-de-Pinata-Francisco-M-Peco-01-El-Burleta.jpg","contentUrl":"https:\/\/carnavaldemiguelturra.es\/wp-content\/uploads\/2026\/02\/20260222-Domingo-de-Pinata-Francisco-M-Peco-01-El-Burleta.jpg","width":900,"height":600,"caption":"carnaval-miguelturra-desfile-2026"},{"@type":"BreadcrumbList","@id":"https:\/\/carnavaldemiguelturra.es\/en\/galeria-domingo-pinata-2026\/#breadcrumb","itemListElement":[{"@type":"ListItem","position":1,"name":"Cover","item":"https:\/\/carnavaldemiguelturra.es\/en\/inicio\/"},{"@type":"ListItem","position":2,"name":"Pi\u00f1ata Sunday Gallery 2026"}]},{"@type":"WebSite","@id":"https:\/\/carnavaldemiguelturra.es\/en\/#website","url":"https:\/\/carnavaldemiguelturra.es\/en\/","name":"Carnaval de Miguelturra","description":"History of Miguelturra Carnival","publisher":{"@id":"https:\/\/carnavaldemiguelturra.es\/en\/#organization"},"potentialAction":[{"@type":"SearchAction","target":{"@type":"EntryPoint","urlTemplate":"https:\/\/carnavaldemiguelturra.es\/en\/?s={search_term_string}"},"query-input":{"@type":"PropertyValueSpecification","valueRequired":true,"valueName":"search_term_string"}}],"inLanguage":"en-US"},{"@type":"Organization","@id":"https:\/\/carnavaldemiguelturra.es\/en\/#organization","name":"carnivaldemiguelturra.es Association","url":"https:\/\/carnavaldemiguelturra.es\/en\/","logo":{"@type":"ImageObject","inLanguage":"en-US","@id":"https:\/\/carnavaldemiguelturra.es\/en\/#\/schema\/logo\/image\/","url":"https:\/\/carnavaldemiguelturra.es\/wp-content\/uploads\/2018\/08\/logo-grande.jpg","contentUrl":"https:\/\/carnavaldemiguelturra.es\/wp-content\/uploads\/2018\/08\/logo-grande.jpg","width":800,"height":600,"caption":"carnivaldemiguelturra.es Association"},"image":{"@id":"https:\/\/carnavaldemiguelturra.es\/en\/#\/schema\/logo\/image\/"},"sameAs":["https:\/\/www.facebook.com\/carnavaldemiguelturra\/","https:\/\/www.instagram.com\/carnavaldemiguelturra\/"]}]}},"_links":{"self":[{"href":"https:\/\/carnavaldemiguelturra.es\/en\/wp-json\/wp\/v2\/pages\/81533","targetHints":{"allow":["GET"]}}],"collection":[{"href":"https:\/\/carnavaldemiguelturra.es\/en\/wp-json\/wp\/v2\/pages"}],"about":[{"href":"https:\/\/carnavaldemiguelturra.es\/en\/wp-json\/wp\/v2\/types\/page"}],"author":[{"embeddable":true,"href":"https:\/\/carnavaldemiguelturra.es\/en\/wp-json\/wp\/v2\/users\/2"}],"replies":[{"embeddable":true,"href":"https:\/\/carnavaldemiguelturra.es\/en\/wp-json\/wp\/v2\/comments?post=81533"}],"version-history":[{"count":2,"href":"https:\/\/carnavaldemiguelturra.es\/en\/wp-json\/wp\/v2\/pages\/81533\/revisions"}],"predecessor-version":[{"id":81535,"href":"https:\/\/carnavaldemiguelturra.es\/en\/wp-json\/wp\/v2\/pages\/81533\/revisions\/81535"}],"wp:featuredmedia":[{"embeddable":true,"href":"https:\/\/carnavaldemiguelturra.es\/en\/wp-json\/wp\/v2\/media\/81532"}],"wp:attachment":[{"href":"https:\/\/carnavaldemiguelturra.es\/en\/wp-json\/wp\/v2\/media?parent=81533"}],"curies":[{"name":"wp","href":"https:\/\/api.w.org\/{rel}","templated":true}]}}